{"id":965,"date":"2024-12-02T20:51:07","date_gmt":"2024-12-02T20:51:07","guid":{"rendered":"https:\/\/motovitalex.md\/?post_type=product&#038;p=965"},"modified":"2025-02-21T11:55:30","modified_gmt":"2025-02-21T11:55:30","slug":"atv-rato-250","status":"publish","type":"product","link":"https:\/\/motovitalex.md\/ru\/product\/atv-rato-250\/","title":{"rendered":"ATV Rato 250"},"content":{"rendered":"<div class=\"short-attribute\"><span style=\"color: #000000;\"><span class=\"attr-name\">Ac\u021bionare &#8211;<\/span><span class=\"attr-text\">spate<\/span><\/span><\/div>\n<div class=\"short-attribute\"><span style=\"color: #000000;\"><span class=\"attr-name\">Capacitatea motorului &#8211;<\/span><span class=\"attr-text\">250 cm\u00b3<\/span><\/span><\/div>\n<div class=\"short-attribute\"><span style=\"color: #000000;\"><span class=\"attr-name\">Consum combustibil &#8211;<\/span><span class=\"attr-text\">4,2 l \/ 100 km<\/span><\/span><\/div>\n<div class=\"short-attribute\"><span style=\"color: #000000;\"><span class=\"attr-name\">Cutia de viteze &#8211;<\/span><span class=\"attr-text\">semi\/automat<\/span><\/span><\/div>\n<div class=\"short-attribute\"><span style=\"color: #000000;\"><span class=\"attr-name\">Dimensiune ro\u021bi &#8211;<\/span><span class=\"attr-text\">fa\u021b\u0103 22&#215;7-10, spate 22&#215;10-10<\/span><\/span><\/div>\n<div class=\"short-attribute\"><span style=\"color: #000000;\"><span class=\"attr-name\">Produc\u0103tor &#8211;<\/span><span class=\"attr-text\">RATO<\/span><\/span><\/div>\n<div class=\"short-attribute\"><span style=\"color: #000000;\"><span class=\"attr-name\">Puterea absorbit\u0103 &#8211;<\/span><span class=\"attr-text\">14 c.p<\/span><\/span><\/div>\n<div class=\"short-attribute\"><span style=\"color: #000000;\"><span class=\"attr-name\">Starter &#8211;<\/span><span class=\"attr-text\">electric\/manual<\/span><\/span><\/div>","protected":false},"excerpt":{"rendered":"<p>Ac\u021bionare &#8211;spate Capacitatea motorului &#8211;250 cm\u00b3 Consum combustibil &#8211;4,2 l \/ 100 km Cutia de viteze &#8211;semi\/automat Dimensiune ro\u021bi &#8211;fa\u021b\u0103 22&#215;7-10, spate 22&#215;10-10 Produc\u0103tor &#8211;RATO Puterea absorbit\u0103 &#8211;14 c.p Starter &#8211;electric\/manual<\/p>","protected":false},"featured_media":969,"template":"","meta":[],"product_cat":[54],"product_tag":[],"class_list":{"0":"post-965","1":"product","2":"type-product","3":"status-publish","4":"has-post-thumbnail","6":"product_cat-atv","8":"first","9":"instock","10":"shipping-taxable","11":"purchasable","12":"product-type-simple"},"_links":{"self":[{"href":"https:\/\/motovitalex.md\/ru\/wp-json\/wp\/v2\/product\/965","targetHints":{"allow":["GET"]}}],"collection":[{"href":"https:\/\/motovitalex.md\/ru\/wp-json\/wp\/v2\/product"}],"about":[{"href":"https:\/\/motovitalex.md\/ru\/wp-json\/wp\/v2\/types\/product"}],"version-history":[{"count":1,"href":"https:\/\/motovitalex.md\/ru\/wp-json\/wp\/v2\/product\/965\/revisions"}],"predecessor-version":[{"id":967,"href":"https:\/\/motovitalex.md\/ru\/wp-json\/wp\/v2\/product\/965\/revisions\/967"}],"wp:featuredmedia":[{"embeddable":true,"href":"https:\/\/motovitalex.md\/ru\/wp-json\/wp\/v2\/media\/969"}],"wp:attachment":[{"href":"https:\/\/motovitalex.md\/ru\/wp-json\/wp\/v2\/media?parent=965"}],"wp:term":[{"taxonomy":"product_cat","embeddable":true,"href":"https:\/\/motovitalex.md\/ru\/wp-json\/wp\/v2\/product_cat?post=965"},{"taxonomy":"product_tag","embeddable":true,"href":"https:\/\/motovitalex.md\/ru\/wp-json\/wp\/v2\/product_tag?post=965"}],"curies":[{"name":"wp","href":"https:\/\/api.w.org\/{rel}","templated":true}]}}