{"id":960,"date":"2024-12-02T20:37:29","date_gmt":"2024-12-02T20:37:29","guid":{"rendered":"https:\/\/motovitalex.md\/?post_type=product&#038;p=960"},"modified":"2024-12-02T20:39:25","modified_gmt":"2024-12-02T20:39:25","slug":"motocultor-diesel-vostok-1350dek-10hp","status":"publish","type":"product","link":"https:\/\/motovitalex.md\/ru\/product\/motocultor-diesel-vostok-1350dek-10hp\/","title":{"rendered":"Motocultor Diesel Vostok 1350DEK 10HP"},"content":{"rendered":"<div class=\"short-attribute\"><span style=\"color: #000000;\"><span class=\"attr-name\">Combustibil &#8211;<\/span><span class=\"attr-text\">dizel<\/span><\/span><\/div>\n<div class=\"short-attribute\"><span style=\"color: #000000;\"><span class=\"attr-name\">Consumul de combustibil &#8211;<\/span><span class=\"attr-text\">0,8 -1.0 l\/h<\/span><\/span><\/div>\n<div class=\"short-attribute\"><span style=\"color: #000000;\"><span class=\"attr-name\">\u00cen set &#8211;<\/span><span class=\"attr-text\">Freza,2 roti<\/span><\/span><\/div>\n<div class=\"short-attribute\"><span style=\"color: #000000;\"><span class=\"attr-name\">L\u0103\u021bime de prelucrare &#8211;<\/span><span class=\"attr-text\">135\/110\/80 cm<\/span><\/span><\/div>\n<div class=\"short-attribute\"><span style=\"color: #000000;\"><span class=\"attr-name\">Num\u0103rul de viteze &#8211;<\/span><span class=\"attr-text\">3 (2 \u00eenainte, 1 \u00eenapoi)<\/span><\/span><\/div>\n<div class=\"short-attribute\"><span style=\"color: #000000;\"><span class=\"attr-name\">Puterea motorului &#8211;<\/span><span class=\"attr-text\">10 c.p.<\/span><\/span><\/div>\n<div class=\"short-attribute\"><span style=\"color: #000000;\"><span class=\"attr-name\">Tip pornire &#8211;<\/span><span class=\"attr-text\">pornire electrica + pornire manuala<\/span><\/span><\/div>","protected":false},"excerpt":{"rendered":"<p>Combustibil &#8211;dizel Consumul de combustibil &#8211;0,8 -1.0 l\/h \u00cen set &#8211;Freza,2 roti L\u0103\u021bime de prelucrare &#8211;135\/110\/80 cm Num\u0103rul de viteze &#8211;3 (2 \u00eenainte, 1 \u00eenapoi) Puterea motorului &#8211;10 c.p. Tip pornire &#8211;pornire electrica + pornire manuala<\/p>","protected":false},"featured_media":961,"template":"","meta":[],"product_cat":[67],"product_tag":[],"class_list":{"0":"post-960","1":"product","2":"type-product","3":"status-publish","4":"has-post-thumbnail","6":"product_cat-motocultoare","8":"first","9":"instock","10":"shipping-taxable","11":"purchasable","12":"product-type-simple"},"_links":{"self":[{"href":"https:\/\/motovitalex.md\/ru\/wp-json\/wp\/v2\/product\/960","targetHints":{"allow":["GET"]}}],"collection":[{"href":"https:\/\/motovitalex.md\/ru\/wp-json\/wp\/v2\/product"}],"about":[{"href":"https:\/\/motovitalex.md\/ru\/wp-json\/wp\/v2\/types\/product"}],"version-history":[{"count":3,"href":"https:\/\/motovitalex.md\/ru\/wp-json\/wp\/v2\/product\/960\/revisions"}],"predecessor-version":[{"id":964,"href":"https:\/\/motovitalex.md\/ru\/wp-json\/wp\/v2\/product\/960\/revisions\/964"}],"wp:featuredmedia":[{"embeddable":true,"href":"https:\/\/motovitalex.md\/ru\/wp-json\/wp\/v2\/media\/961"}],"wp:attachment":[{"href":"https:\/\/motovitalex.md\/ru\/wp-json\/wp\/v2\/media?parent=960"}],"wp:term":[{"taxonomy":"product_cat","embeddable":true,"href":"https:\/\/motovitalex.md\/ru\/wp-json\/wp\/v2\/product_cat?post=960"},{"taxonomy":"product_tag","embeddable":true,"href":"https:\/\/motovitalex.md\/ru\/wp-json\/wp\/v2\/product_tag?post=960"}],"curies":[{"name":"wp","href":"https:\/\/api.w.org\/{rel}","templated":true}]}}