{"id":944,"date":"2024-11-28T19:57:21","date_gmt":"2024-11-28T19:57:21","guid":{"rendered":"https:\/\/motovitalex.md\/?post_type=product&#038;p=944"},"modified":"2024-11-28T19:57:21","modified_gmt":"2024-11-28T19:57:21","slug":"motocultor-702-benzina-7c-p-curea","status":"publish","type":"product","link":"https:\/\/motovitalex.md\/ru\/product\/motocultor-702-benzina-7c-p-curea\/","title":{"rendered":"Motocultor 702 benzina 7c.p., curea"},"content":{"rendered":"<p>Tip \u2013 motocultivator<br \/>\nTip motor \u2013 benzin\u0103, \u00een 4 timpi<br \/>\nNum\u0103r de cilindri \u2013 1 cilindru<br \/>\nPuterea motorului \u2013 7 CP<br \/>\nTip de r\u0103cire \u2013 aer<br \/>\nCutie de viteze \u2013 2, 1, 0, \u2013 1<br \/>\nPornire motor \u2013 manual<br \/>\nTransmisie \u2013 curea<br \/>\nL\u0103\u021bimea de prelucrare a solului \u2013 800 mm<br \/>\nAd\u00e2ncimea de prelucrare a solului \u2013 100-300 mm<br \/>\nDimensiunea ro\u021bii \u2013 4.00-8<\/p>\n<p>Echipament:<br \/>\nMotobloc + Freza<\/p>","protected":false},"excerpt":{"rendered":"<p>Tip \u2013 motocultivator Tip motor \u2013 benzin\u0103, \u00een 4 timpi Num\u0103r de cilindri \u2013 1 cilindru Puterea motorului \u2013 7 CP Tip de r\u0103cire \u2013 aer Cutie de viteze \u2013 2, 1, 0, \u2013 1 Pornire motor \u2013 manual Transmisie \u2013 curea L\u0103\u021bimea de prelucrare a solului \u2013 800 mm Ad\u00e2ncimea de prelucrare a solului&hellip;<\/p>","protected":false},"featured_media":947,"template":"","meta":[],"product_cat":[67],"product_tag":[],"class_list":{"0":"post-944","1":"product","2":"type-product","3":"status-publish","4":"has-post-thumbnail","6":"product_cat-motocultoare","8":"first","9":"instock","10":"shipping-taxable","11":"purchasable","12":"product-type-simple"},"_links":{"self":[{"href":"https:\/\/motovitalex.md\/ru\/wp-json\/wp\/v2\/product\/944","targetHints":{"allow":["GET"]}}],"collection":[{"href":"https:\/\/motovitalex.md\/ru\/wp-json\/wp\/v2\/product"}],"about":[{"href":"https:\/\/motovitalex.md\/ru\/wp-json\/wp\/v2\/types\/product"}],"version-history":[{"count":1,"href":"https:\/\/motovitalex.md\/ru\/wp-json\/wp\/v2\/product\/944\/revisions"}],"predecessor-version":[{"id":948,"href":"https:\/\/motovitalex.md\/ru\/wp-json\/wp\/v2\/product\/944\/revisions\/948"}],"wp:featuredmedia":[{"embeddable":true,"href":"https:\/\/motovitalex.md\/ru\/wp-json\/wp\/v2\/media\/947"}],"wp:attachment":[{"href":"https:\/\/motovitalex.md\/ru\/wp-json\/wp\/v2\/media?parent=944"}],"wp:term":[{"taxonomy":"product_cat","embeddable":true,"href":"https:\/\/motovitalex.md\/ru\/wp-json\/wp\/v2\/product_cat?post=944"},{"taxonomy":"product_tag","embeddable":true,"href":"https:\/\/motovitalex.md\/ru\/wp-json\/wp\/v2\/product_tag?post=944"}],"curies":[{"name":"wp","href":"https:\/\/api.w.org\/{rel}","templated":true}]}}