{"id":3576,"date":"2025-02-12T15:53:11","date_gmt":"2025-02-12T15:53:11","guid":{"rendered":"https:\/\/motovitalex.md\/?post_type=product&#038;p=3576"},"modified":"2025-02-12T15:53:11","modified_gmt":"2025-02-12T15:53:11","slug":"ferastrau-cu-lant-pe-benzina-procraft-gs-52t","status":"publish","type":"product","link":"https:\/\/motovitalex.md\/ru\/product\/ferastrau-cu-lant-pe-benzina-procraft-gs-52t\/","title":{"rendered":"Fer\u0103str\u0103u cu lan\u0163 pe benzin\u0103 Procraft GS-52T"},"content":{"rendered":"<p><span style=\"color: #000000;\"><strong>Caracteristici:<\/strong><\/span><\/p>\n<p><span style=\"color: #000000;\">Putere 4100 W<\/span><\/p>\n<p><span style=\"color: #000000;\">8000 rpm<\/span><\/p>\n<p><span style=\"color: #000000;\">Greutate 6 kg<\/span><\/p>\n<p><span style=\"color: #000000;\">Lungimea anvelopei 400 mm.<\/span><\/p>\n<p><span style=\"color: #000000;\">Tip de pornire: Starter manual<\/span><\/p>\n<p><span style=\"color: #000000;\">Cilindrat\u0103 motor 52 SS<\/span><\/p>\n<p><span style=\"color: #000000;\">Aer de r\u0103cire<\/span><\/p>\n<p><span style=\"color: #000000;\">Volum rezervor ulei 260 ml.<\/span><\/p>\n<p><span style=\"color: #000000;\">Capacitate rezervor 550 ml.<\/span><\/p>","protected":false},"excerpt":{"rendered":"<p>Caracteristici: Putere 4100 W 8000 rpm Greutate 6 kg Lungimea anvelopei 400 mm. Tip de pornire: Starter manual Cilindrat\u0103 motor 52 SS Aer de r\u0103cire Volum rezervor ulei 260 ml. Capacitate rezervor 550 ml.<\/p>","protected":false},"featured_media":3577,"template":"","meta":[],"product_cat":[88],"product_tag":[],"class_list":{"0":"post-3576","1":"product","2":"type-product","3":"status-publish","4":"has-post-thumbnail","6":"product_cat-moto-ferestrau","8":"first","9":"instock","10":"shipping-taxable","11":"purchasable","12":"product-type-simple"},"_links":{"self":[{"href":"https:\/\/motovitalex.md\/ru\/wp-json\/wp\/v2\/product\/3576","targetHints":{"allow":["GET"]}}],"collection":[{"href":"https:\/\/motovitalex.md\/ru\/wp-json\/wp\/v2\/product"}],"about":[{"href":"https:\/\/motovitalex.md\/ru\/wp-json\/wp\/v2\/types\/product"}],"version-history":[{"count":1,"href":"https:\/\/motovitalex.md\/ru\/wp-json\/wp\/v2\/product\/3576\/revisions"}],"predecessor-version":[{"id":3578,"href":"https:\/\/motovitalex.md\/ru\/wp-json\/wp\/v2\/product\/3576\/revisions\/3578"}],"wp:featuredmedia":[{"embeddable":true,"href":"https:\/\/motovitalex.md\/ru\/wp-json\/wp\/v2\/media\/3577"}],"wp:attachment":[{"href":"https:\/\/motovitalex.md\/ru\/wp-json\/wp\/v2\/media?parent=3576"}],"wp:term":[{"taxonomy":"product_cat","embeddable":true,"href":"https:\/\/motovitalex.md\/ru\/wp-json\/wp\/v2\/product_cat?post=3576"},{"taxonomy":"product_tag","embeddable":true,"href":"https:\/\/motovitalex.md\/ru\/wp-json\/wp\/v2\/product_tag?post=3576"}],"curies":[{"name":"wp","href":"https:\/\/api.w.org\/{rel}","templated":true}]}}