{"id":3572,"date":"2025-02-12T15:49:54","date_gmt":"2025-02-12T15:49:54","guid":{"rendered":"https:\/\/motovitalex.md\/?post_type=product&#038;p=3572"},"modified":"2025-02-12T15:50:43","modified_gmt":"2025-02-12T15:50:43","slug":"ferastraul-cu-lant-pe-benzina-vega-vsg-53h","status":"publish","type":"product","link":"https:\/\/motovitalex.md\/ru\/product\/ferastraul-cu-lant-pe-benzina-vega-vsg-53h\/","title":{"rendered":"Fer\u0103str\u0103ul cu lan\u021b pe benzin\u0103 Vega VSG-53H"},"content":{"rendered":"<div><span style=\"color: #000000;\"><strong>Caracteristici:<\/strong><\/span><\/div>\n<div><\/div>\n<div><span style=\"color: #000000;\">Putere &#8211; 3900W<\/span><\/div>\n<div><span style=\"color: #000000;\">Tipul motorului &#8211; \u00een doi timpi<\/span><\/div>\n<div><span style=\"color: #000000;\">Ad\u00e2ncimea de t\u0103iere &#8211; 450mm<\/span><\/div>\n<div><span style=\"color: #000000;\">Lungimea anvelopei &#8211; 450mm<\/span><\/div>\n<div><span style=\"color: #000000;\">Materialul carcasei &#8211; plastic<\/span><\/div>\n<div><span style=\"color: #000000;\">Acoperire antiderapant &#8211; Da<\/span><\/div>\n<div><span style=\"color: #000000;\">Tura\u021bie la ralanti &#8211; 8500 rpm<\/span><\/div>\n<div><span style=\"color: #000000;\">Deplasarea motorului &#8211; 52<\/span><\/div>\n<div><span style=\"color: #000000;\">Lubrifierea automat\u0103 a lan\u021bului &#8211; Da<\/span><\/div>\n<div><span style=\"color: #000000;\">Materiale de t\u0103iere &#8211; Lemn, pl\u0103ci de particule, placaj, USB<\/span><\/div>","protected":false},"excerpt":{"rendered":"<p>Caracteristici: Putere &#8211; 3900W Tipul motorului &#8211; \u00een doi timpi Ad\u00e2ncimea de t\u0103iere &#8211; 450mm Lungimea anvelopei &#8211; 450mm Materialul carcasei &#8211; plastic Acoperire antiderapant &#8211; Da Tura\u021bie la ralanti &#8211; 8500 rpm Deplasarea motorului &#8211; 52 Lubrifierea automat\u0103 a lan\u021bului &#8211; Da Materiale de t\u0103iere &#8211; Lemn, pl\u0103ci de particule, placaj, USB<\/p>","protected":false},"featured_media":3573,"template":"","meta":[],"product_cat":[88],"product_tag":[],"class_list":{"0":"post-3572","1":"product","2":"type-product","3":"status-publish","4":"has-post-thumbnail","6":"product_cat-moto-ferestrau","8":"first","9":"instock","10":"shipping-taxable","11":"purchasable","12":"product-type-simple"},"_links":{"self":[{"href":"https:\/\/motovitalex.md\/ru\/wp-json\/wp\/v2\/product\/3572","targetHints":{"allow":["GET"]}}],"collection":[{"href":"https:\/\/motovitalex.md\/ru\/wp-json\/wp\/v2\/product"}],"about":[{"href":"https:\/\/motovitalex.md\/ru\/wp-json\/wp\/v2\/types\/product"}],"version-history":[{"count":2,"href":"https:\/\/motovitalex.md\/ru\/wp-json\/wp\/v2\/product\/3572\/revisions"}],"predecessor-version":[{"id":3575,"href":"https:\/\/motovitalex.md\/ru\/wp-json\/wp\/v2\/product\/3572\/revisions\/3575"}],"wp:featuredmedia":[{"embeddable":true,"href":"https:\/\/motovitalex.md\/ru\/wp-json\/wp\/v2\/media\/3573"}],"wp:attachment":[{"href":"https:\/\/motovitalex.md\/ru\/wp-json\/wp\/v2\/media?parent=3572"}],"wp:term":[{"taxonomy":"product_cat","embeddable":true,"href":"https:\/\/motovitalex.md\/ru\/wp-json\/wp\/v2\/product_cat?post=3572"},{"taxonomy":"product_tag","embeddable":true,"href":"https:\/\/motovitalex.md\/ru\/wp-json\/wp\/v2\/product_tag?post=3572"}],"curies":[{"name":"wp","href":"https:\/\/api.w.org\/{rel}","templated":true}]}}