{"id":3569,"date":"2025-02-12T15:47:08","date_gmt":"2025-02-12T15:47:08","guid":{"rendered":"https:\/\/motovitalex.md\/?post_type=product&#038;p=3569"},"modified":"2025-02-12T15:47:08","modified_gmt":"2025-02-12T15:47:08","slug":"motoferestrau-mogilev-bm-5-5-2-lame-si-2-lanturi","status":"publish","type":"product","link":"https:\/\/motovitalex.md\/ru\/product\/motoferestrau-mogilev-bm-5-5-2-lame-si-2-lanturi\/","title":{"rendered":"Motoferestrau MOGILEV BM-5.5 ,2 Lame si 2 Lanturi"},"content":{"rendered":"<ul>\n<li><span style=\"color: #000000;\">Tip de conbustibil &#8211; Benzin\u0103<\/span><\/li>\n<li><span style=\"color: #000000;\">Tipul fer\u0103str\u0103ului &#8211; Cu lan\u021b<\/span><\/li>\n<li><span style=\"color: #000000;\">Putere &#8211; 5,5\u00a0kW<\/span><\/li>\n<li><span style=\"color: #000000;\">Vitez\u0103 nominal\u0103 de rota\u021bie &#8211; 3600 rot\/min<\/span><\/li>\n<li><span style=\"color: #000000;\">Volumul cilindrului &#8211; 58\u00a0cm\u00b3<\/span><\/li>\n<li><span style=\"color: #000000;\">Lungimea \u0219inei &#8211; 45 cm<\/span><\/li>\n<li><span style=\"color: #000000;\">L\u0103\u021bimea lan\u021bului &#8211; 0,325&#8243;<\/span><\/li>\n<\/ul>","protected":false},"excerpt":{"rendered":"<p>Tip de conbustibil &#8211; Benzin\u0103 Tipul fer\u0103str\u0103ului &#8211; Cu lan\u021b Putere &#8211; 5,5\u00a0kW Vitez\u0103 nominal\u0103 de rota\u021bie &#8211; 3600 rot\/min Volumul cilindrului &#8211; 58\u00a0cm\u00b3 Lungimea \u0219inei &#8211; 45 cm L\u0103\u021bimea lan\u021bului &#8211; 0,325&#8243;<\/p>","protected":false},"featured_media":3570,"template":"","meta":[],"product_cat":[88],"product_tag":[],"class_list":{"0":"post-3569","1":"product","2":"type-product","3":"status-publish","4":"has-post-thumbnail","6":"product_cat-moto-ferestrau","8":"first","9":"instock","10":"shipping-taxable","11":"purchasable","12":"product-type-simple"},"_links":{"self":[{"href":"https:\/\/motovitalex.md\/ru\/wp-json\/wp\/v2\/product\/3569","targetHints":{"allow":["GET"]}}],"collection":[{"href":"https:\/\/motovitalex.md\/ru\/wp-json\/wp\/v2\/product"}],"about":[{"href":"https:\/\/motovitalex.md\/ru\/wp-json\/wp\/v2\/types\/product"}],"version-history":[{"count":1,"href":"https:\/\/motovitalex.md\/ru\/wp-json\/wp\/v2\/product\/3569\/revisions"}],"predecessor-version":[{"id":3571,"href":"https:\/\/motovitalex.md\/ru\/wp-json\/wp\/v2\/product\/3569\/revisions\/3571"}],"wp:featuredmedia":[{"embeddable":true,"href":"https:\/\/motovitalex.md\/ru\/wp-json\/wp\/v2\/media\/3570"}],"wp:attachment":[{"href":"https:\/\/motovitalex.md\/ru\/wp-json\/wp\/v2\/media?parent=3569"}],"wp:term":[{"taxonomy":"product_cat","embeddable":true,"href":"https:\/\/motovitalex.md\/ru\/wp-json\/wp\/v2\/product_cat?post=3569"},{"taxonomy":"product_tag","embeddable":true,"href":"https:\/\/motovitalex.md\/ru\/wp-json\/wp\/v2\/product_tag?post=3569"}],"curies":[{"name":"wp","href":"https:\/\/api.w.org\/{rel}","templated":true}]}}