{"id":3566,"date":"2025-02-12T15:44:08","date_gmt":"2025-02-12T15:44:08","guid":{"rendered":"https:\/\/motovitalex.md\/?post_type=product&#038;p=3566"},"modified":"2025-02-12T15:44:08","modified_gmt":"2025-02-12T15:44:08","slug":"motoferestrau-%d0%ba%d1%83%d0%b1%d0%b0%d0%bd%d1%8c-%d0%b1%d0%bf-450%d1%82","status":"publish","type":"product","link":"https:\/\/motovitalex.md\/ru\/product\/motoferestrau-%d0%ba%d1%83%d0%b1%d0%b0%d0%bd%d1%8c-%d0%b1%d0%bf-450%d1%82\/","title":{"rendered":"Motoferestrau \u041a\u0443\u0431\u0430\u043d\u044c \u0411\u041f-450\u0422"},"content":{"rendered":"<div><span style=\"color: #000000;\"><strong>Caracteristici:<\/strong><\/span><\/div>\n<div><\/div>\n<div><span style=\"color: #000000;\">&#8211; Grup de pistoane armat,\u00a0<\/span><\/div>\n<div><span style=\"color: #000000;\">&#8211; Sistem anti-vibra\u021bii<\/span><\/div>\n<div><span style=\"color: #000000;\">&#8211; Acces rapid la filtru<\/span><\/div>\n<div><span style=\"color: #000000;\">&#8211; Motor puternic fiabil<\/span><\/div>\n<div><span style=\"color: #000000;\">&#8211; Ungere automat\u0103 a lan\u021bului\u00a0<\/span><\/div>\n<div><span style=\"color: #000000;\">&#8211; Fr\u00e2n\u0103 mecanic\u0103\u00a0<\/span><\/div>\n<div><span style=\"color: #000000;\">&#8211; Protec\u021bie de revenire &#8211;<\/span><\/div>\n<div><span style=\"color: #000000;\">Sistem de aprindere \u00eembun\u0103t\u0103\u021bit<\/span><\/div>\n<div><span style=\"color: #000000;\">&#8211; Piston cu 2 inele<\/span><\/div>\n<div><span style=\"color: #000000;\">&#8211; Carburator<\/span><\/div>\n<div><span style=\"color: #000000;\">&#8211; Acoperire cu cilindru \u0219i piston cromat<\/span><\/div>\n<div><span style=\"color: #000000;\">&#8211; Grund pentru pornire rapid\u0103 \u00een toate condi\u021biile climatice<\/span><\/div>","protected":false},"excerpt":{"rendered":"<p>Caracteristici: &#8211; Grup de pistoane armat,\u00a0 &#8211; Sistem anti-vibra\u021bii &#8211; Acces rapid la filtru &#8211; Motor puternic fiabil &#8211; Ungere automat\u0103 a lan\u021bului\u00a0 &#8211; Fr\u00e2n\u0103 mecanic\u0103\u00a0 &#8211; Protec\u021bie de revenire &#8211; Sistem de aprindere \u00eembun\u0103t\u0103\u021bit &#8211; Piston cu 2 inele &#8211; Carburator &#8211; Acoperire cu cilindru \u0219i piston cromat &#8211; Grund pentru pornire rapid\u0103 \u00een&hellip;<\/p>","protected":false},"featured_media":3567,"template":"","meta":[],"product_cat":[88],"product_tag":[],"class_list":{"0":"post-3566","1":"product","2":"type-product","3":"status-publish","4":"has-post-thumbnail","6":"product_cat-moto-ferestrau","8":"first","9":"instock","10":"shipping-taxable","11":"purchasable","12":"product-type-simple"},"_links":{"self":[{"href":"https:\/\/motovitalex.md\/ru\/wp-json\/wp\/v2\/product\/3566","targetHints":{"allow":["GET"]}}],"collection":[{"href":"https:\/\/motovitalex.md\/ru\/wp-json\/wp\/v2\/product"}],"about":[{"href":"https:\/\/motovitalex.md\/ru\/wp-json\/wp\/v2\/types\/product"}],"version-history":[{"count":1,"href":"https:\/\/motovitalex.md\/ru\/wp-json\/wp\/v2\/product\/3566\/revisions"}],"predecessor-version":[{"id":3568,"href":"https:\/\/motovitalex.md\/ru\/wp-json\/wp\/v2\/product\/3566\/revisions\/3568"}],"wp:featuredmedia":[{"embeddable":true,"href":"https:\/\/motovitalex.md\/ru\/wp-json\/wp\/v2\/media\/3567"}],"wp:attachment":[{"href":"https:\/\/motovitalex.md\/ru\/wp-json\/wp\/v2\/media?parent=3566"}],"wp:term":[{"taxonomy":"product_cat","embeddable":true,"href":"https:\/\/motovitalex.md\/ru\/wp-json\/wp\/v2\/product_cat?post=3566"},{"taxonomy":"product_tag","embeddable":true,"href":"https:\/\/motovitalex.md\/ru\/wp-json\/wp\/v2\/product_tag?post=3566"}],"curies":[{"name":"wp","href":"https:\/\/api.w.org\/{rel}","templated":true}]}}