{"id":3560,"date":"2025-02-12T15:33:31","date_gmt":"2025-02-12T15:33:31","guid":{"rendered":"https:\/\/motovitalex.md\/?post_type=product&#038;p=3560"},"modified":"2025-02-12T15:33:31","modified_gmt":"2025-02-12T15:33:31","slug":"motoferestrau-rotor-cs5800a-2-bare-2-lanturi","status":"publish","type":"product","link":"https:\/\/motovitalex.md\/ru\/product\/motoferestrau-rotor-cs5800a-2-bare-2-lanturi\/","title":{"rendered":"Motoferestrau Rotor CS5800A 2 bare \/ 2 lanturi"},"content":{"rendered":"<p><span style=\"color: #000000;\">Tip motor: \u00een doi timpi, cu un singur cilindru<\/span><br \/>\n<span style=\"color: #000000;\">r\u0103cire cu aer<\/span><br \/>\n<span style=\"color: #000000;\">Putere: 3,5 kW<\/span><br \/>\n<span style=\"color: #000000;\">Dimensiune motor: 52 cmc<\/span><br \/>\n<span style=\"color: #000000;\">Raport benzin\u0103 \/ ulei \u00een 2 timpi: 25:1<\/span><br \/>\n<span style=\"color: #000000;\">Capacitate rezervor combustibil: 550 ml<\/span><\/p>","protected":false},"excerpt":{"rendered":"<p>Tip motor: \u00een doi timpi, cu un singur cilindru r\u0103cire cu aer Putere: 3,5 kW Dimensiune motor: 52 cmc Raport benzin\u0103 \/ ulei \u00een 2 timpi: 25:1 Capacitate rezervor combustibil: 550 ml<\/p>","protected":false},"featured_media":3561,"template":"","meta":[],"product_cat":[88],"product_tag":[],"class_list":{"0":"post-3560","1":"product","2":"type-product","3":"status-publish","4":"has-post-thumbnail","6":"product_cat-moto-ferestrau","8":"first","9":"instock","10":"shipping-taxable","11":"purchasable","12":"product-type-simple"},"_links":{"self":[{"href":"https:\/\/motovitalex.md\/ru\/wp-json\/wp\/v2\/product\/3560","targetHints":{"allow":["GET"]}}],"collection":[{"href":"https:\/\/motovitalex.md\/ru\/wp-json\/wp\/v2\/product"}],"about":[{"href":"https:\/\/motovitalex.md\/ru\/wp-json\/wp\/v2\/types\/product"}],"version-history":[{"count":1,"href":"https:\/\/motovitalex.md\/ru\/wp-json\/wp\/v2\/product\/3560\/revisions"}],"predecessor-version":[{"id":3562,"href":"https:\/\/motovitalex.md\/ru\/wp-json\/wp\/v2\/product\/3560\/revisions\/3562"}],"wp:featuredmedia":[{"embeddable":true,"href":"https:\/\/motovitalex.md\/ru\/wp-json\/wp\/v2\/media\/3561"}],"wp:attachment":[{"href":"https:\/\/motovitalex.md\/ru\/wp-json\/wp\/v2\/media?parent=3560"}],"wp:term":[{"taxonomy":"product_cat","embeddable":true,"href":"https:\/\/motovitalex.md\/ru\/wp-json\/wp\/v2\/product_cat?post=3560"},{"taxonomy":"product_tag","embeddable":true,"href":"https:\/\/motovitalex.md\/ru\/wp-json\/wp\/v2\/product_tag?post=3560"}],"curies":[{"name":"wp","href":"https:\/\/api.w.org\/{rel}","templated":true}]}}