{"id":3557,"date":"2025-02-12T15:28:06","date_gmt":"2025-02-12T15:28:06","guid":{"rendered":"https:\/\/motovitalex.md\/?post_type=product&#038;p=3557"},"modified":"2025-02-12T15:28:06","modified_gmt":"2025-02-12T15:28:06","slug":"ferastrau-cu-lant-pe-benzina-procraft-k350s","status":"publish","type":"product","link":"https:\/\/motovitalex.md\/ru\/product\/ferastrau-cu-lant-pe-benzina-procraft-k350s\/","title":{"rendered":"Fer\u0103str\u0103u cu lan\u021b pe benzina Procraft K350S"},"content":{"rendered":"<p><span style=\"color: #000000;\"><strong>Caracteristici:<\/strong><\/span><\/p>\n<p><span style=\"color: #000000;\">Nivel de zgomot 113 dB<\/span><\/p>\n<p><span style=\"color: #000000;\">Turatie in gol 11000 rpm<\/span><\/p>\n<p><span style=\"color: #000000;\">Lungimea anvelopei 12&#8243; (30 cm)<\/span><\/p>\n<p><span style=\"color: #000000;\">Pas lan\u021b 3\/8 Lp<\/span><\/p>\n<p><span style=\"color: #000000;\">Tip de pornire Pornire u\u0219oar\u0103, manual<\/span><\/p>\n<p><span style=\"color: #000000;\">Tip motor \u00cen doi timpi<\/span><\/p>\n<p><span style=\"color: #000000;\">Cilindrata motor 25,4 CC<\/span><\/p>\n<p><span style=\"color: #000000;\">Aer de r\u0103cire<\/span><\/p>\n<p><span style=\"color: #000000;\">Rezervor ulei 160 ml<\/span><\/p>\n<p><span style=\"color: #000000;\">Nivel de vibra\u021bie m\/s2 mai mic de 10 m\/s2<\/span><\/p>\n<p><span style=\"color: #000000;\">Capacitate rezervor 230 ml<\/span><\/p>\n<p><span style=\"color: #000000;\">Reglarea aliment\u0103rii cu ulei pentru lubrifierea lan\u021bului Da<\/span><\/p>","protected":false},"excerpt":{"rendered":"<p>Caracteristici: Nivel de zgomot 113 dB Turatie in gol 11000 rpm Lungimea anvelopei 12&#8243; (30 cm) Pas lan\u021b 3\/8 Lp Tip de pornire Pornire u\u0219oar\u0103, manual Tip motor \u00cen doi timpi Cilindrata motor 25,4 CC Aer de r\u0103cire Rezervor ulei 160 ml Nivel de vibra\u021bie m\/s2 mai mic de 10 m\/s2 Capacitate rezervor 230 ml&hellip;<\/p>","protected":false},"featured_media":3558,"template":"","meta":[],"product_cat":[88],"product_tag":[],"class_list":{"0":"post-3557","1":"product","2":"type-product","3":"status-publish","4":"has-post-thumbnail","6":"product_cat-moto-ferestrau","8":"first","9":"instock","10":"shipping-taxable","11":"purchasable","12":"product-type-simple"},"_links":{"self":[{"href":"https:\/\/motovitalex.md\/ru\/wp-json\/wp\/v2\/product\/3557","targetHints":{"allow":["GET"]}}],"collection":[{"href":"https:\/\/motovitalex.md\/ru\/wp-json\/wp\/v2\/product"}],"about":[{"href":"https:\/\/motovitalex.md\/ru\/wp-json\/wp\/v2\/types\/product"}],"version-history":[{"count":1,"href":"https:\/\/motovitalex.md\/ru\/wp-json\/wp\/v2\/product\/3557\/revisions"}],"predecessor-version":[{"id":3559,"href":"https:\/\/motovitalex.md\/ru\/wp-json\/wp\/v2\/product\/3557\/revisions\/3559"}],"wp:featuredmedia":[{"embeddable":true,"href":"https:\/\/motovitalex.md\/ru\/wp-json\/wp\/v2\/media\/3558"}],"wp:attachment":[{"href":"https:\/\/motovitalex.md\/ru\/wp-json\/wp\/v2\/media?parent=3557"}],"wp:term":[{"taxonomy":"product_cat","embeddable":true,"href":"https:\/\/motovitalex.md\/ru\/wp-json\/wp\/v2\/product_cat?post=3557"},{"taxonomy":"product_tag","embeddable":true,"href":"https:\/\/motovitalex.md\/ru\/wp-json\/wp\/v2\/product_tag?post=3557"}],"curies":[{"name":"wp","href":"https:\/\/api.w.org\/{rel}","templated":true}]}}