{"id":3554,"date":"2025-02-12T15:25:03","date_gmt":"2025-02-12T15:25:03","guid":{"rendered":"https:\/\/motovitalex.md\/?post_type=product&#038;p=3554"},"modified":"2025-02-12T15:25:03","modified_gmt":"2025-02-12T15:25:03","slug":"ferastrau-cu-lant-pe-benzina-procraft-gs50","status":"publish","type":"product","link":"https:\/\/motovitalex.md\/ru\/product\/ferastrau-cu-lant-pe-benzina-procraft-gs50\/","title":{"rendered":"Fer\u0103str\u0103u cu lan\u0163 pe benzin\u0103 Procraft GS50"},"content":{"rendered":"<p><span style=\"color: #000000;\"><strong>Caracteristici:<\/strong><\/span><\/p>\n<p><span style=\"color: #000000;\">Nivel de zgomot 110 dB<\/span><\/p>\n<p><span style=\"color: #000000;\">Turatie in gol 8000 rpm<\/span><\/p>\n<p><span style=\"color: #000000;\">Greutate 6,8 kg<\/span><\/p>\n<p><span style=\"color: #000000;\">Lungimea lamei\u00a0 400 mm<\/span><\/p>\n<p><span style=\"color: #000000;\">Tip motor \u00cen doi timpi<\/span><\/p>\n<p><span style=\"color: #000000;\">Cilindru\u00a0motor 52 CC<\/span><\/p>\n<p><span style=\"color: #000000;\">Capacitate rezervor ulei 260 ml<\/span><\/p>\n<p><span style=\"color: #000000;\">Capacitate rezervor 550 ml<\/span><\/p>\n<p><span style=\"color: #000000;\">Vibra\u021bia m\u00e2nerului frontal mai mic\u0103 de 5,5 m\/s2<\/span><\/p>\n<p><span style=\"color: #000000;\">Vibra\u021bia m\u00e2nerului din spate mai mic\u0103 de 5,5 m\/s3<\/span><\/p>","protected":false},"excerpt":{"rendered":"<p>Caracteristici: Nivel de zgomot 110 dB Turatie in gol 8000 rpm Greutate 6,8 kg Lungimea lamei\u00a0 400 mm Tip motor \u00cen doi timpi Cilindru\u00a0motor 52 CC Capacitate rezervor ulei 260 ml Capacitate rezervor 550 ml Vibra\u021bia m\u00e2nerului frontal mai mic\u0103 de 5,5 m\/s2 Vibra\u021bia m\u00e2nerului din spate mai mic\u0103 de 5,5 m\/s3<\/p>","protected":false},"featured_media":3555,"template":"","meta":[],"product_cat":[88],"product_tag":[],"class_list":{"0":"post-3554","1":"product","2":"type-product","3":"status-publish","4":"has-post-thumbnail","6":"product_cat-moto-ferestrau","8":"first","9":"instock","10":"shipping-taxable","11":"purchasable","12":"product-type-simple"},"_links":{"self":[{"href":"https:\/\/motovitalex.md\/ru\/wp-json\/wp\/v2\/product\/3554","targetHints":{"allow":["GET"]}}],"collection":[{"href":"https:\/\/motovitalex.md\/ru\/wp-json\/wp\/v2\/product"}],"about":[{"href":"https:\/\/motovitalex.md\/ru\/wp-json\/wp\/v2\/types\/product"}],"version-history":[{"count":1,"href":"https:\/\/motovitalex.md\/ru\/wp-json\/wp\/v2\/product\/3554\/revisions"}],"predecessor-version":[{"id":3556,"href":"https:\/\/motovitalex.md\/ru\/wp-json\/wp\/v2\/product\/3554\/revisions\/3556"}],"wp:featuredmedia":[{"embeddable":true,"href":"https:\/\/motovitalex.md\/ru\/wp-json\/wp\/v2\/media\/3555"}],"wp:attachment":[{"href":"https:\/\/motovitalex.md\/ru\/wp-json\/wp\/v2\/media?parent=3554"}],"wp:term":[{"taxonomy":"product_cat","embeddable":true,"href":"https:\/\/motovitalex.md\/ru\/wp-json\/wp\/v2\/product_cat?post=3554"},{"taxonomy":"product_tag","embeddable":true,"href":"https:\/\/motovitalex.md\/ru\/wp-json\/wp\/v2\/product_tag?post=3554"}],"curies":[{"name":"wp","href":"https:\/\/api.w.org\/{rel}","templated":true}]}}