{"id":3551,"date":"2025-02-12T15:21:55","date_gmt":"2025-02-12T15:21:55","guid":{"rendered":"https:\/\/motovitalex.md\/?post_type=product&#038;p=3551"},"modified":"2025-02-12T15:21:55","modified_gmt":"2025-02-12T15:21:55","slug":"ferastrau-cu-lant-pe-benzina-gs450","status":"publish","type":"product","link":"https:\/\/motovitalex.md\/ru\/product\/ferastrau-cu-lant-pe-benzina-gs450\/","title":{"rendered":"Fer\u0103str\u0103u cu lan\u0163 pe benzin\u0103 GS450"},"content":{"rendered":"<p><span style=\"color: #000000;\"><strong>Caracteristici:<\/strong><\/span><\/p>\n<p><span style=\"color: #000000;\">Nivel de zgomot 110 dB<\/span><\/p>\n<p><span style=\"color: #000000;\">Turatie in gol 8000 rpm<\/span><\/p>\n<p><span style=\"color: #000000;\">Lungimea lamei 45 cm<\/span><\/p>\n<p><span style=\"color: #000000;\">Pas lan\u021b 0,325<\/span><\/p>\n<p><span style=\"color: #000000;\">Tip motor \u00cen doi timpi<\/span><\/p>\n<p><span style=\"color: #000000;\">Cilindru\u00a0motor 52 CC<\/span><\/p>\n<p><span style=\"color: #000000;\">Capacitate rezervor ulei 260 ml<\/span><\/p>\n<p><span style=\"color: #000000;\">Capacitate rezervor 550 ml<\/span><\/p>\n<p><span style=\"color: #000000;\">Vibra\u021bia m\u00e2nerului frontal mai mic\u0103 de 5,5 m\/s2<\/span><\/p>\n<p><span style=\"color: #000000;\">Vibra\u021bia m\u00e2nerului din spate mai mic\u0103 de 5,5 m\/s2<\/span><\/p>","protected":false},"excerpt":{"rendered":"<p>Caracteristici: Nivel de zgomot 110 dB Turatie in gol 8000 rpm Lungimea lamei 45 cm Pas lan\u021b 0,325 Tip motor \u00cen doi timpi Cilindru\u00a0motor 52 CC Capacitate rezervor ulei 260 ml Capacitate rezervor 550 ml Vibra\u021bia m\u00e2nerului frontal mai mic\u0103 de 5,5 m\/s2 Vibra\u021bia m\u00e2nerului din spate mai mic\u0103 de 5,5 m\/s2<\/p>","protected":false},"featured_media":3552,"template":"","meta":[],"product_cat":[88],"product_tag":[],"class_list":{"0":"post-3551","1":"product","2":"type-product","3":"status-publish","4":"has-post-thumbnail","6":"product_cat-moto-ferestrau","8":"first","9":"instock","10":"shipping-taxable","11":"purchasable","12":"product-type-simple"},"_links":{"self":[{"href":"https:\/\/motovitalex.md\/ru\/wp-json\/wp\/v2\/product\/3551","targetHints":{"allow":["GET"]}}],"collection":[{"href":"https:\/\/motovitalex.md\/ru\/wp-json\/wp\/v2\/product"}],"about":[{"href":"https:\/\/motovitalex.md\/ru\/wp-json\/wp\/v2\/types\/product"}],"version-history":[{"count":1,"href":"https:\/\/motovitalex.md\/ru\/wp-json\/wp\/v2\/product\/3551\/revisions"}],"predecessor-version":[{"id":3553,"href":"https:\/\/motovitalex.md\/ru\/wp-json\/wp\/v2\/product\/3551\/revisions\/3553"}],"wp:featuredmedia":[{"embeddable":true,"href":"https:\/\/motovitalex.md\/ru\/wp-json\/wp\/v2\/media\/3552"}],"wp:attachment":[{"href":"https:\/\/motovitalex.md\/ru\/wp-json\/wp\/v2\/media?parent=3551"}],"wp:term":[{"taxonomy":"product_cat","embeddable":true,"href":"https:\/\/motovitalex.md\/ru\/wp-json\/wp\/v2\/product_cat?post=3551"},{"taxonomy":"product_tag","embeddable":true,"href":"https:\/\/motovitalex.md\/ru\/wp-json\/wp\/v2\/product_tag?post=3551"}],"curies":[{"name":"wp","href":"https:\/\/api.w.org\/{rel}","templated":true}]}}