{"id":3548,"date":"2025-02-12T15:04:45","date_gmt":"2025-02-12T15:04:45","guid":{"rendered":"https:\/\/motovitalex.md\/?post_type=product&#038;p=3548"},"modified":"2025-02-12T15:04:45","modified_gmt":"2025-02-12T15:04:45","slug":"ferastrau-cu-lant-pe-benzina-partnerpro-pps-3000","status":"publish","type":"product","link":"https:\/\/motovitalex.md\/ru\/product\/ferastrau-cu-lant-pe-benzina-partnerpro-pps-3000\/","title":{"rendered":"Fer\u0103str\u0103u cu lan\u0163 pe benzin\u0103 PartnerPro PPS-3000"},"content":{"rendered":"<p><span style=\"color: #000000;\"><strong>Caracteristici:<\/strong><\/span><\/p>\n<p><span style=\"color: #000000;\">Putere: 1.5 CP\/1 Kw<\/span><\/p>\n<p><span style=\"color: #000000;\">Lungimea lamei: 30 cm\/12&#8243;\u00a0<\/span><\/p>\n<p><span style=\"color: #000000;\">Capacitate rezervor ulei: 160 ml<\/span><\/p>\n<p><span style=\"color: #000000;\">Capacitate rezervor combustibil: 230 ml<\/span><\/p>\n<p><span style=\"color: #000000;\">Viteza de rotatie: 8500 rpm<\/span><\/p>","protected":false},"excerpt":{"rendered":"<p>Caracteristici: Putere: 1.5 CP\/1 Kw Lungimea lamei: 30 cm\/12&#8243;\u00a0 Capacitate rezervor ulei: 160 ml Capacitate rezervor combustibil: 230 ml Viteza de rotatie: 8500 rpm<\/p>","protected":false},"featured_media":3549,"template":"","meta":[],"product_cat":[88],"product_tag":[],"class_list":{"0":"post-3548","1":"product","2":"type-product","3":"status-publish","4":"has-post-thumbnail","6":"product_cat-moto-ferestrau","8":"first","9":"instock","10":"shipping-taxable","11":"purchasable","12":"product-type-simple"},"_links":{"self":[{"href":"https:\/\/motovitalex.md\/ru\/wp-json\/wp\/v2\/product\/3548","targetHints":{"allow":["GET"]}}],"collection":[{"href":"https:\/\/motovitalex.md\/ru\/wp-json\/wp\/v2\/product"}],"about":[{"href":"https:\/\/motovitalex.md\/ru\/wp-json\/wp\/v2\/types\/product"}],"version-history":[{"count":1,"href":"https:\/\/motovitalex.md\/ru\/wp-json\/wp\/v2\/product\/3548\/revisions"}],"predecessor-version":[{"id":3550,"href":"https:\/\/motovitalex.md\/ru\/wp-json\/wp\/v2\/product\/3548\/revisions\/3550"}],"wp:featuredmedia":[{"embeddable":true,"href":"https:\/\/motovitalex.md\/ru\/wp-json\/wp\/v2\/media\/3549"}],"wp:attachment":[{"href":"https:\/\/motovitalex.md\/ru\/wp-json\/wp\/v2\/media?parent=3548"}],"wp:term":[{"taxonomy":"product_cat","embeddable":true,"href":"https:\/\/motovitalex.md\/ru\/wp-json\/wp\/v2\/product_cat?post=3548"},{"taxonomy":"product_tag","embeddable":true,"href":"https:\/\/motovitalex.md\/ru\/wp-json\/wp\/v2\/product_tag?post=3548"}],"curies":[{"name":"wp","href":"https:\/\/api.w.org\/{rel}","templated":true}]}}