{"id":3538,"date":"2025-02-12T12:31:00","date_gmt":"2025-02-12T12:31:00","guid":{"rendered":"https:\/\/motovitalex.md\/?post_type=product&#038;p=3538"},"modified":"2025-02-12T12:31:00","modified_gmt":"2025-02-12T12:31:00","slug":"motoferestrau-elefant-cs5800e","status":"publish","type":"product","link":"https:\/\/motovitalex.md\/ru\/product\/motoferestrau-elefant-cs5800e\/","title":{"rendered":"Motoferestrau Elefant CS5800E"},"content":{"rendered":"<ul>\n<li><span style=\"color: #000000;\">Tipul motorului: \u00een doi timpi, monocilindru<\/span><\/li>\n<\/ul>\n<ul>\n<li><span style=\"color: #000000;\">R\u0103cirea cu aer<\/span><\/li>\n<\/ul>\n<ul>\n<li><span style=\"color: #000000;\">Putere: 2,2 kW<\/span><\/li>\n<\/ul>\n<ul>\n<li><span style=\"color: #000000;\">Cilindrata motorului: 58 cm3<\/span><\/li>\n<\/ul>\n<ul>\n<li><span style=\"color: #000000;\">Metoda de lansare: recul<\/span><\/li>\n<\/ul>\n<ul>\n<li><span style=\"color: #000000;\">Raport benzin\u0103 \/ ulei \u00een 2 timpi: 25: 1<\/span><\/li>\n<\/ul>\n<ul>\n<li><span style=\"color: #000000;\">Capacitate rezervor combustibil: 550ml<\/span><\/li>\n<\/ul>\n<ul>\n<li><span style=\"color: #000000;\">Capacitate rezervor ulei: 260ml<\/span><\/li>\n<\/ul>","protected":false},"excerpt":{"rendered":"<p>Tipul motorului: \u00een doi timpi, monocilindru R\u0103cirea cu aer Putere: 2,2 kW Cilindrata motorului: 58 cm3 Metoda de lansare: recul Raport benzin\u0103 \/ ulei \u00een 2 timpi: 25: 1 Capacitate rezervor combustibil: 550ml Capacitate rezervor ulei: 260ml<\/p>","protected":false},"featured_media":3539,"template":"","meta":[],"product_cat":[88],"product_tag":[],"class_list":{"0":"post-3538","1":"product","2":"type-product","3":"status-publish","4":"has-post-thumbnail","6":"product_cat-moto-ferestrau","8":"first","9":"instock","10":"shipping-taxable","11":"purchasable","12":"product-type-simple"},"_links":{"self":[{"href":"https:\/\/motovitalex.md\/ru\/wp-json\/wp\/v2\/product\/3538","targetHints":{"allow":["GET"]}}],"collection":[{"href":"https:\/\/motovitalex.md\/ru\/wp-json\/wp\/v2\/product"}],"about":[{"href":"https:\/\/motovitalex.md\/ru\/wp-json\/wp\/v2\/types\/product"}],"version-history":[{"count":1,"href":"https:\/\/motovitalex.md\/ru\/wp-json\/wp\/v2\/product\/3538\/revisions"}],"predecessor-version":[{"id":3540,"href":"https:\/\/motovitalex.md\/ru\/wp-json\/wp\/v2\/product\/3538\/revisions\/3540"}],"wp:featuredmedia":[{"embeddable":true,"href":"https:\/\/motovitalex.md\/ru\/wp-json\/wp\/v2\/media\/3539"}],"wp:attachment":[{"href":"https:\/\/motovitalex.md\/ru\/wp-json\/wp\/v2\/media?parent=3538"}],"wp:term":[{"taxonomy":"product_cat","embeddable":true,"href":"https:\/\/motovitalex.md\/ru\/wp-json\/wp\/v2\/product_cat?post=3538"},{"taxonomy":"product_tag","embeddable":true,"href":"https:\/\/motovitalex.md\/ru\/wp-json\/wp\/v2\/product_tag?post=3538"}],"curies":[{"name":"wp","href":"https:\/\/api.w.org\/{rel}","templated":true}]}}