{"id":3514,"date":"2025-02-12T12:08:12","date_gmt":"2025-02-12T12:08:12","guid":{"rendered":"https:\/\/motovitalex.md\/?post_type=product&#038;p=3514"},"modified":"2025-02-12T12:09:45","modified_gmt":"2025-02-12T12:09:45","slug":"motoferastrau-procraft-gs-58x","status":"publish","type":"product","link":"https:\/\/motovitalex.md\/ru\/product\/motoferastrau-procraft-gs-58x\/","title":{"rendered":"Motofer\u0103str\u0103u Procraft GS-58X"},"content":{"rendered":"<div><span style=\"color: #000000;\"><strong>Caracteristici:<\/strong><\/span><\/div>\n<div><span style=\"color: #000000;\">Nivel de zgomot 116 dB<\/span><\/div>\n<div><span style=\"color: #000000;\">Putere 1400 W<\/span><\/div>\n<div><span style=\"color: #000000;\">Turatie in gol 11800 rpm<\/span><\/div>\n<div><span style=\"color: #000000;\">Greutate 4,4 kg<\/span><\/div>\n<div><span style=\"color: #000000;\">Lungimea anvelopei 14&#8221;\/16&#8221;<\/span><\/div>\n<div><span style=\"color: #000000;\">Pas lan\u021b 3\/8 Lp<\/span><\/div>\n<div><span style=\"color: #000000;\">Tip de pornire Pornire manual\u0103 (pornire u\u0219oar\u0103)<\/span><\/div>\n<div><span style=\"color: #000000;\">Tip motor \u00cen doi timpi<\/span><\/div>\n<div><span style=\"color: #000000;\">Cilindrat\u0103 motor 37 CC<\/span><\/div>\n<div><span style=\"color: #000000;\">Aer de r\u0103cire<\/span><\/div>\n<div><span style=\"color: #000000;\">Capacitate rezervor ulei 210 ml<\/span><\/div>\n<div><span style=\"color: #000000;\">Capacitate rezervor 390 ml<\/span><\/div>\n<div><span style=\"color: #000000;\">Vibra\u021bia m\u00e2nerului frontal \u2264 5,5 m\/s2<\/span><\/div>\n<div><span style=\"color: #000000;\">Vibra\u021bia m\u00e2nerului din spate \u2264 5,5 m\/s3<\/span><\/div>","protected":false},"excerpt":{"rendered":"<p>Caracteristici: Nivel de zgomot 116 dB Putere 1400 W Turatie in gol 11800 rpm Greutate 4,4 kg Lungimea anvelopei 14&#8221;\/16&#8221; Pas lan\u021b 3\/8 Lp Tip de pornire Pornire manual\u0103 (pornire u\u0219oar\u0103) Tip motor \u00cen doi timpi Cilindrat\u0103 motor 37 CC Aer de r\u0103cire Capacitate rezervor ulei 210 ml Capacitate rezervor 390 ml Vibra\u021bia m\u00e2nerului frontal&hellip;<\/p>","protected":false},"featured_media":3515,"template":"","meta":[],"product_cat":[88],"product_tag":[],"class_list":{"0":"post-3514","1":"product","2":"type-product","3":"status-publish","4":"has-post-thumbnail","6":"product_cat-moto-ferestrau","8":"first","9":"instock","10":"shipping-taxable","11":"purchasable","12":"product-type-simple"},"_links":{"self":[{"href":"https:\/\/motovitalex.md\/ru\/wp-json\/wp\/v2\/product\/3514","targetHints":{"allow":["GET"]}}],"collection":[{"href":"https:\/\/motovitalex.md\/ru\/wp-json\/wp\/v2\/product"}],"about":[{"href":"https:\/\/motovitalex.md\/ru\/wp-json\/wp\/v2\/types\/product"}],"version-history":[{"count":3,"href":"https:\/\/motovitalex.md\/ru\/wp-json\/wp\/v2\/product\/3514\/revisions"}],"predecessor-version":[{"id":3518,"href":"https:\/\/motovitalex.md\/ru\/wp-json\/wp\/v2\/product\/3514\/revisions\/3518"}],"wp:featuredmedia":[{"embeddable":true,"href":"https:\/\/motovitalex.md\/ru\/wp-json\/wp\/v2\/media\/3515"}],"wp:attachment":[{"href":"https:\/\/motovitalex.md\/ru\/wp-json\/wp\/v2\/media?parent=3514"}],"wp:term":[{"taxonomy":"product_cat","embeddable":true,"href":"https:\/\/motovitalex.md\/ru\/wp-json\/wp\/v2\/product_cat?post=3514"},{"taxonomy":"product_tag","embeddable":true,"href":"https:\/\/motovitalex.md\/ru\/wp-json\/wp\/v2\/product_tag?post=3514"}],"curies":[{"name":"wp","href":"https:\/\/api.w.org\/{rel}","templated":true}]}}