{"id":3497,"date":"2025-01-31T16:10:18","date_gmt":"2025-01-31T16:10:18","guid":{"rendered":"https:\/\/motovitalex.md\/?post_type=product&#038;p=3497"},"modified":"2025-01-31T16:10:18","modified_gmt":"2025-01-31T16:10:18","slug":"motocicleta-electrica-rosu-2","status":"publish","type":"product","link":"https:\/\/motovitalex.md\/ru\/product\/motocicleta-electrica-rosu-2\/","title":{"rendered":"Motocicleta Electrica \u2013 Ro\u0219u"},"content":{"rendered":"<h3>Descriere<\/h3>\n<p>Tensiunea bateriei: 12 V<br \/>\nNum\u0103rul de baterii: 1<br \/>\nNum\u0103rul de motoare: 2<br \/>\nMaterial scaun: piele artificial\u0103<br \/>\nDimensiuni: 102x54x56 cm<\/p>","protected":false},"excerpt":{"rendered":"<p>Descriere Tensiunea bateriei: 12 V Num\u0103rul de baterii: 1 Num\u0103rul de motoare: 2 Material scaun: piele artificial\u0103 Dimensiuni: 102x54x56 cm<\/p>","protected":false},"featured_media":3498,"template":"","meta":[],"product_cat":[57],"product_tag":[],"class_list":{"0":"post-3497","1":"product","2":"type-product","3":"status-publish","4":"has-post-thumbnail","6":"product_cat-copii","8":"first","9":"instock","10":"shipping-taxable","11":"product-type-simple"},"_links":{"self":[{"href":"https:\/\/motovitalex.md\/ru\/wp-json\/wp\/v2\/product\/3497","targetHints":{"allow":["GET"]}}],"collection":[{"href":"https:\/\/motovitalex.md\/ru\/wp-json\/wp\/v2\/product"}],"about":[{"href":"https:\/\/motovitalex.md\/ru\/wp-json\/wp\/v2\/types\/product"}],"version-history":[{"count":1,"href":"https:\/\/motovitalex.md\/ru\/wp-json\/wp\/v2\/product\/3497\/revisions"}],"predecessor-version":[{"id":3499,"href":"https:\/\/motovitalex.md\/ru\/wp-json\/wp\/v2\/product\/3497\/revisions\/3499"}],"wp:featuredmedia":[{"embeddable":true,"href":"https:\/\/motovitalex.md\/ru\/wp-json\/wp\/v2\/media\/3498"}],"wp:attachment":[{"href":"https:\/\/motovitalex.md\/ru\/wp-json\/wp\/v2\/media?parent=3497"}],"wp:term":[{"taxonomy":"product_cat","embeddable":true,"href":"https:\/\/motovitalex.md\/ru\/wp-json\/wp\/v2\/product_cat?post=3497"},{"taxonomy":"product_tag","embeddable":true,"href":"https:\/\/motovitalex.md\/ru\/wp-json\/wp\/v2\/product_tag?post=3497"}],"curies":[{"name":"wp","href":"https:\/\/api.w.org\/{rel}","templated":true}]}}