{"id":3453,"date":"2025-01-31T15:43:11","date_gmt":"2025-01-31T15:43:11","guid":{"rendered":"https:\/\/motovitalex.md\/?post_type=product&#038;p=3453"},"modified":"2025-01-31T15:43:11","modified_gmt":"2025-01-31T15:43:11","slug":"range-rover-rr998-4x4-red","status":"publish","type":"product","link":"https:\/\/motovitalex.md\/ru\/product\/range-rover-rr998-4x4-red\/","title":{"rendered":"Range Rover RR998 4\u00d74 Red"},"content":{"rendered":"<p>-Ro\u021bi moi din EVA<br \/>\n-Patru motoare electrice de 35 W<br \/>\n-Portbagajul: capota frontala cu deschidere<br \/>\n-Faruri cu LED<br \/>\n-Dou\u0103 viteze \u00eenainte \u0219i \u00eenapoi<br \/>\n-Baterie: 12 V \/ 14 Ah<br \/>\n-Telecomanda cu o raza de pana la 30 m<br \/>\n-Timp de \u00eenc\u0103rcare complet a bateriei: 14 ore<br \/>\n-Timp de condus f\u0103r\u0103 re\u00eenc\u0103rcare: 60-90 min<br \/>\n-Greutatea ma\u0219inii: 15 kg<br \/>\n-Capacitate maxima: 35 kg<br \/>\n-Dimensiune masina: 131 x 81 x 60 cm<\/p>","protected":false},"excerpt":{"rendered":"<p>-Ro\u021bi moi din EVA -Patru motoare electrice de 35 W -Portbagajul: capota frontala cu deschidere -Faruri cu LED -Dou\u0103 viteze \u00eenainte \u0219i \u00eenapoi -Baterie: 12 V \/ 14 Ah -Telecomanda cu o raza de pana la 30 m -Timp de \u00eenc\u0103rcare complet a bateriei: 14 ore -Timp de condus f\u0103r\u0103 re\u00eenc\u0103rcare: 60-90 min -Greutatea ma\u0219inii:&hellip;<\/p>","protected":false},"featured_media":3454,"template":"","meta":[],"product_cat":[57],"product_tag":[],"class_list":{"0":"post-3453","1":"product","2":"type-product","3":"status-publish","4":"has-post-thumbnail","6":"product_cat-copii","8":"first","9":"instock","10":"shipping-taxable","11":"product-type-simple"},"_links":{"self":[{"href":"https:\/\/motovitalex.md\/ru\/wp-json\/wp\/v2\/product\/3453","targetHints":{"allow":["GET"]}}],"collection":[{"href":"https:\/\/motovitalex.md\/ru\/wp-json\/wp\/v2\/product"}],"about":[{"href":"https:\/\/motovitalex.md\/ru\/wp-json\/wp\/v2\/types\/product"}],"version-history":[{"count":1,"href":"https:\/\/motovitalex.md\/ru\/wp-json\/wp\/v2\/product\/3453\/revisions"}],"predecessor-version":[{"id":3455,"href":"https:\/\/motovitalex.md\/ru\/wp-json\/wp\/v2\/product\/3453\/revisions\/3455"}],"wp:featuredmedia":[{"embeddable":true,"href":"https:\/\/motovitalex.md\/ru\/wp-json\/wp\/v2\/media\/3454"}],"wp:attachment":[{"href":"https:\/\/motovitalex.md\/ru\/wp-json\/wp\/v2\/media?parent=3453"}],"wp:term":[{"taxonomy":"product_cat","embeddable":true,"href":"https:\/\/motovitalex.md\/ru\/wp-json\/wp\/v2\/product_cat?post=3453"},{"taxonomy":"product_tag","embeddable":true,"href":"https:\/\/motovitalex.md\/ru\/wp-json\/wp\/v2\/product_tag?post=3453"}],"curies":[{"name":"wp","href":"https:\/\/api.w.org\/{rel}","templated":true}]}}