{"id":3447,"date":"2025-01-31T15:39:06","date_gmt":"2025-01-31T15:39:06","guid":{"rendered":"https:\/\/motovitalex.md\/?post_type=product&#038;p=3447"},"modified":"2025-01-31T15:39:06","modified_gmt":"2025-01-31T15:39:06","slug":"range-rover-evoque-black","status":"publish","type":"product","link":"https:\/\/motovitalex.md\/ru\/product\/range-rover-evoque-black\/","title":{"rendered":"Range Rover EVOQUE BLACK"},"content":{"rendered":"<p>-Ro\u021bi moi din EVA<br \/>\n-Patru motoare electrice de 35 W<br \/>\n-Faruri cu LED<br \/>\n-Trei viteze<br \/>\n-Baterie: 12 V\/ 10 Ah<br \/>\n-Telecomanda cu o raza de pana la 30 m<br \/>\n-Timp de \u00eenc\u0103rcare a bateriei: 10 h<br \/>\n-Timp de condus f\u0103r\u0103 re\u00eenc\u0103rcare: 45\u201460 de minute<br \/>\n-Greutatea ma\u0219inii: 14 kg<br \/>\n-Greutate maxima pana la 30 kg<br \/>\n-Dimensiune ma\u0219in\u0103 electric\u0103: 108 x 67 x 52 cm<\/p>","protected":false},"excerpt":{"rendered":"<p>-Ro\u021bi moi din EVA -Patru motoare electrice de 35 W -Faruri cu LED -Trei viteze -Baterie: 12 V\/ 10 Ah -Telecomanda cu o raza de pana la 30 m -Timp de \u00eenc\u0103rcare a bateriei: 10 h -Timp de condus f\u0103r\u0103 re\u00eenc\u0103rcare: 45\u201460 de minute -Greutatea ma\u0219inii: 14 kg -Greutate maxima pana la 30 kg -Dimensiune&hellip;<\/p>","protected":false},"featured_media":3448,"template":"","meta":[],"product_cat":[57],"product_tag":[],"class_list":{"0":"post-3447","1":"product","2":"type-product","3":"status-publish","4":"has-post-thumbnail","6":"product_cat-copii","8":"first","9":"instock","10":"shipping-taxable","11":"product-type-simple"},"_links":{"self":[{"href":"https:\/\/motovitalex.md\/ru\/wp-json\/wp\/v2\/product\/3447","targetHints":{"allow":["GET"]}}],"collection":[{"href":"https:\/\/motovitalex.md\/ru\/wp-json\/wp\/v2\/product"}],"about":[{"href":"https:\/\/motovitalex.md\/ru\/wp-json\/wp\/v2\/types\/product"}],"version-history":[{"count":1,"href":"https:\/\/motovitalex.md\/ru\/wp-json\/wp\/v2\/product\/3447\/revisions"}],"predecessor-version":[{"id":3449,"href":"https:\/\/motovitalex.md\/ru\/wp-json\/wp\/v2\/product\/3447\/revisions\/3449"}],"wp:featuredmedia":[{"embeddable":true,"href":"https:\/\/motovitalex.md\/ru\/wp-json\/wp\/v2\/media\/3448"}],"wp:attachment":[{"href":"https:\/\/motovitalex.md\/ru\/wp-json\/wp\/v2\/media?parent=3447"}],"wp:term":[{"taxonomy":"product_cat","embeddable":true,"href":"https:\/\/motovitalex.md\/ru\/wp-json\/wp\/v2\/product_cat?post=3447"},{"taxonomy":"product_tag","embeddable":true,"href":"https:\/\/motovitalex.md\/ru\/wp-json\/wp\/v2\/product_tag?post=3447"}],"curies":[{"name":"wp","href":"https:\/\/api.w.org\/{rel}","templated":true}]}}