{"id":3393,"date":"2025-01-31T13:50:47","date_gmt":"2025-01-31T13:50:47","guid":{"rendered":"https:\/\/motovitalex.md\/?post_type=product&#038;p=3393"},"modified":"2025-01-31T13:50:47","modified_gmt":"2025-01-31T13:50:47","slug":"motocicleta-electrica-atv-cu-4-roti-atv-mx612","status":"publish","type":"product","link":"https:\/\/motovitalex.md\/ru\/product\/motocicleta-electrica-atv-cu-4-roti-atv-mx612\/","title":{"rendered":"Motocicleta Electrica \u2013 ATV cu 4 roti ATV MX612"},"content":{"rendered":"<p><span style=\"color: #000000;\"><strong>Caracteristici<\/strong><\/span><\/p>\n<p><span style=\"color: #000000;\">Culoare: Alb<\/span><br \/>\n<span style=\"color: #000000;\">L\u0103\u021bime, cm: 40<\/span><br \/>\n<span style=\"color: #000000;\">Tip: ATV<\/span><br \/>\n<span style=\"color: #000000;\">Lungime, cm: 72<\/span><br \/>\n<span style=\"color: #000000;\">\u00cen\u0103l\u021bime, cm: 46<\/span><br \/>\n<span style=\"color: #000000;\">Timp de func\u021bionare cu bateria complet \u00eenc\u0103rcat\u0103, min: 120<\/span><br \/>\n<span style=\"color: #000000;\">Timp de \u00eenc\u0103rcare a bateriei, ore: 8<\/span><br \/>\n<span style=\"color: #000000;\">Viteza maxim\u0103, km\/h: 4<\/span><br \/>\n<span style=\"color: #000000;\">Num\u0103r de locuri :1<\/span><br \/>\n<span style=\"color: #000000;\">V\u00e2rsta recomandat\u0103, ani: 2<\/span><br \/>\n<span style=\"color: #000000;\">Tensiunea bateriei, Vol\u021bi: 6<\/span><\/p>","protected":false},"excerpt":{"rendered":"<p>Caracteristici Culoare: Alb L\u0103\u021bime, cm: 40 Tip: ATV Lungime, cm: 72 \u00cen\u0103l\u021bime, cm: 46 Timp de func\u021bionare cu bateria complet \u00eenc\u0103rcat\u0103, min: 120 Timp de \u00eenc\u0103rcare a bateriei, ore: 8 Viteza maxim\u0103, km\/h: 4 Num\u0103r de locuri :1 V\u00e2rsta recomandat\u0103, ani: 2 Tensiunea bateriei, Vol\u021bi: 6<\/p>","protected":false},"featured_media":3394,"template":"","meta":[],"product_cat":[57],"product_tag":[],"class_list":{"0":"post-3393","1":"product","2":"type-product","3":"status-publish","4":"has-post-thumbnail","6":"product_cat-copii","8":"first","9":"instock","10":"shipping-taxable","11":"product-type-simple"},"_links":{"self":[{"href":"https:\/\/motovitalex.md\/ru\/wp-json\/wp\/v2\/product\/3393","targetHints":{"allow":["GET"]}}],"collection":[{"href":"https:\/\/motovitalex.md\/ru\/wp-json\/wp\/v2\/product"}],"about":[{"href":"https:\/\/motovitalex.md\/ru\/wp-json\/wp\/v2\/types\/product"}],"version-history":[{"count":1,"href":"https:\/\/motovitalex.md\/ru\/wp-json\/wp\/v2\/product\/3393\/revisions"}],"predecessor-version":[{"id":3395,"href":"https:\/\/motovitalex.md\/ru\/wp-json\/wp\/v2\/product\/3393\/revisions\/3395"}],"wp:featuredmedia":[{"embeddable":true,"href":"https:\/\/motovitalex.md\/ru\/wp-json\/wp\/v2\/media\/3394"}],"wp:attachment":[{"href":"https:\/\/motovitalex.md\/ru\/wp-json\/wp\/v2\/media?parent=3393"}],"wp:term":[{"taxonomy":"product_cat","embeddable":true,"href":"https:\/\/motovitalex.md\/ru\/wp-json\/wp\/v2\/product_cat?post=3393"},{"taxonomy":"product_tag","embeddable":true,"href":"https:\/\/motovitalex.md\/ru\/wp-json\/wp\/v2\/product_tag?post=3393"}],"curies":[{"name":"wp","href":"https:\/\/api.w.org\/{rel}","templated":true}]}}