{"id":3390,"date":"2025-01-31T13:49:07","date_gmt":"2025-01-31T13:49:07","guid":{"rendered":"https:\/\/motovitalex.md\/?post_type=product&#038;p=3390"},"modified":"2025-01-31T13:49:07","modified_gmt":"2025-01-31T13:49:07","slug":"mercedes-benz-3","status":"publish","type":"product","link":"https:\/\/motovitalex.md\/ru\/product\/mercedes-benz-3\/","title":{"rendered":"Mercedes Benz"},"content":{"rendered":"<p>-Model cu un singur loc<br \/>\n-Recomandat pentru v\u00e2rste p\u00e2n\u0103 la 5 ani<br \/>\n-Ro\u021bi moi EVA<br \/>\n-Patru motoare electrice de 30 W fiecare<br \/>\n-Faruri LED<br \/>\n-Trei viteze<br \/>\n-Baterie: 12 V \/ 7 Ah<br \/>\n-Telecomand\u0103 cu raz\u0103 de ac\u021biune de p\u00e2n\u0103 la 30 m<br \/>\n-Timp de \u00eenc\u0103rcare a bateriei: 8 ore<br \/>\n-Timp de utilizare f\u0103r\u0103 re\u00eenc\u0103rcare: 60 \u2014 90 min<br \/>\n-Greutatea ma\u0219inii: 13 kg<br \/>\n-Greutatea maxim\u0103 suportat\u0103: 30 kg<br \/>\n-Dimensiuni ma\u0219in\u0103 electric\u0103: 114 x 67 x 54 cm<\/p>","protected":false},"excerpt":{"rendered":"<p>-Model cu un singur loc -Recomandat pentru v\u00e2rste p\u00e2n\u0103 la 5 ani -Ro\u021bi moi EVA -Patru motoare electrice de 30 W fiecare -Faruri LED -Trei viteze -Baterie: 12 V \/ 7 Ah -Telecomand\u0103 cu raz\u0103 de ac\u021biune de p\u00e2n\u0103 la 30 m -Timp de \u00eenc\u0103rcare a bateriei: 8 ore -Timp de utilizare f\u0103r\u0103 re\u00eenc\u0103rcare: 60&hellip;<\/p>","protected":false},"featured_media":3391,"template":"","meta":[],"product_cat":[57],"product_tag":[],"class_list":{"0":"post-3390","1":"product","2":"type-product","3":"status-publish","4":"has-post-thumbnail","6":"product_cat-copii","8":"first","9":"instock","10":"shipping-taxable","11":"product-type-simple"},"_links":{"self":[{"href":"https:\/\/motovitalex.md\/ru\/wp-json\/wp\/v2\/product\/3390","targetHints":{"allow":["GET"]}}],"collection":[{"href":"https:\/\/motovitalex.md\/ru\/wp-json\/wp\/v2\/product"}],"about":[{"href":"https:\/\/motovitalex.md\/ru\/wp-json\/wp\/v2\/types\/product"}],"version-history":[{"count":1,"href":"https:\/\/motovitalex.md\/ru\/wp-json\/wp\/v2\/product\/3390\/revisions"}],"predecessor-version":[{"id":3392,"href":"https:\/\/motovitalex.md\/ru\/wp-json\/wp\/v2\/product\/3390\/revisions\/3392"}],"wp:featuredmedia":[{"embeddable":true,"href":"https:\/\/motovitalex.md\/ru\/wp-json\/wp\/v2\/media\/3391"}],"wp:attachment":[{"href":"https:\/\/motovitalex.md\/ru\/wp-json\/wp\/v2\/media?parent=3390"}],"wp:term":[{"taxonomy":"product_cat","embeddable":true,"href":"https:\/\/motovitalex.md\/ru\/wp-json\/wp\/v2\/product_cat?post=3390"},{"taxonomy":"product_tag","embeddable":true,"href":"https:\/\/motovitalex.md\/ru\/wp-json\/wp\/v2\/product_tag?post=3390"}],"curies":[{"name":"wp","href":"https:\/\/api.w.org\/{rel}","templated":true}]}}