{"id":3387,"date":"2025-01-31T13:47:00","date_gmt":"2025-01-31T13:47:00","guid":{"rendered":"https:\/\/motovitalex.md\/?post_type=product&#038;p=3387"},"modified":"2025-01-31T13:47:01","modified_gmt":"2025-01-31T13:47:01","slug":"motocicleta-electrica-atv-cu-4-roti-3","status":"publish","type":"product","link":"https:\/\/motovitalex.md\/ru\/product\/motocicleta-electrica-atv-cu-4-roti-3\/","title":{"rendered":"Motocicleta Electrica \u2013 ATV cu 4 roti"},"content":{"rendered":"<p><span style=\"color: #000000;\"><strong>Caracteristici<\/strong><\/span><\/p>\n<ul>\n<li><span style=\"color: #000000;\">Culoare: Verde, Rosu, Galben, Coffe Beige<\/span><\/li>\n<li><span style=\"color: #000000;\">Model: DK-CA003<\/span><\/li>\n<li><span style=\"color: #000000;\">Baterie: 24V5Ah<\/span><\/li>\n<li><span style=\"color: #000000;\">Cutie de viteze: Automat\u0103, 3 trepte<\/span><\/li>\n<li><span style=\"color: #000000;\">Dimensiuni: 108 cm x 73,5 cm x 63,5 cm<\/span><\/li>\n<li><span style=\"color: #000000;\">Vitez\u0103 maxim\u0103: 3-8 km\/h<\/span><\/li>\n<li><span style=\"color: #000000;\">Greutate proprie: 19 kg<\/span><\/li>\n<li><span style=\"color: #000000;\">Sarcin\u0103 maxim\u0103: 30 kg<\/span><\/li>\n<li><span style=\"color: #000000;\">Timp de \u00eenc\u0103rcare: 8 ore<\/span><\/li>\n<li><span style=\"color: #000000;\">Durata de utilizare: P\u00e2n\u0103 la 1 or\u0103<\/span><\/li>\n<li><span style=\"color: #000000;\">Fren: Fren de urgen\u021b\u0103 de la telecomand\u0103<\/span><\/li>\n<li><span style=\"color: #000000;\">Centuri de siguran\u021b\u0103: \u2713<\/span><\/li>\n<li><span style=\"color: #000000;\">U\u0219\u0103 deschizabil\u0103:\u00a0 \u2713<\/span><\/li>\n<li><span style=\"color: #000000;\">Chei:\u00a0 X<\/span><\/li>\n<li><span style=\"color: #000000;\">Scaun:\u00a0 Ecopiele moale<\/span><\/li>\n<li><span style=\"color: #000000;\">Ro\u021bi: EVA<\/span><\/li>\n<li><span style=\"color: #000000;\">Telecomand\u0103: 2.4G<\/span><\/li>\n<li><span style=\"color: #000000;\">Iluminat:\u00a0 Faruri, luminile de pozi\u021bie<\/span><\/li>\n<li><span style=\"color: #000000;\">Audio: MP3 AUX<\/span><\/li>\n<li><span style=\"color: #000000;\">Motor: 4x200W<\/span><\/li>\n<\/ul>","protected":false},"excerpt":{"rendered":"<p>Caracteristici Culoare: Verde, Rosu, Galben, Coffe Beige Model: DK-CA003 Baterie: 24V5Ah Cutie de viteze: Automat\u0103, 3 trepte Dimensiuni: 108 cm x 73,5 cm x 63,5 cm Vitez\u0103 maxim\u0103: 3-8 km\/h Greutate proprie: 19 kg Sarcin\u0103 maxim\u0103: 30 kg Timp de \u00eenc\u0103rcare: 8 ore Durata de utilizare: P\u00e2n\u0103 la 1 or\u0103 Fren: Fren de urgen\u021b\u0103 de&hellip;<\/p>","protected":false},"featured_media":3388,"template":"","meta":[],"product_cat":[57],"product_tag":[],"class_list":{"0":"post-3387","1":"product","2":"type-product","3":"status-publish","4":"has-post-thumbnail","6":"product_cat-copii","8":"first","9":"instock","10":"shipping-taxable","11":"product-type-simple"},"_links":{"self":[{"href":"https:\/\/motovitalex.md\/ru\/wp-json\/wp\/v2\/product\/3387","targetHints":{"allow":["GET"]}}],"collection":[{"href":"https:\/\/motovitalex.md\/ru\/wp-json\/wp\/v2\/product"}],"about":[{"href":"https:\/\/motovitalex.md\/ru\/wp-json\/wp\/v2\/types\/product"}],"version-history":[{"count":1,"href":"https:\/\/motovitalex.md\/ru\/wp-json\/wp\/v2\/product\/3387\/revisions"}],"predecessor-version":[{"id":3389,"href":"https:\/\/motovitalex.md\/ru\/wp-json\/wp\/v2\/product\/3387\/revisions\/3389"}],"wp:featuredmedia":[{"embeddable":true,"href":"https:\/\/motovitalex.md\/ru\/wp-json\/wp\/v2\/media\/3388"}],"wp:attachment":[{"href":"https:\/\/motovitalex.md\/ru\/wp-json\/wp\/v2\/media?parent=3387"}],"wp:term":[{"taxonomy":"product_cat","embeddable":true,"href":"https:\/\/motovitalex.md\/ru\/wp-json\/wp\/v2\/product_cat?post=3387"},{"taxonomy":"product_tag","embeddable":true,"href":"https:\/\/motovitalex.md\/ru\/wp-json\/wp\/v2\/product_tag?post=3387"}],"curies":[{"name":"wp","href":"https:\/\/api.w.org\/{rel}","templated":true}]}}