{"id":3381,"date":"2025-01-31T13:41:44","date_gmt":"2025-01-31T13:41:44","guid":{"rendered":"https:\/\/motovitalex.md\/?post_type=product&#038;p=3381"},"modified":"2025-01-31T13:41:44","modified_gmt":"2025-01-31T13:41:44","slug":"motocicleta-electrica-atv-cu-4-roti-2","status":"publish","type":"product","link":"https:\/\/motovitalex.md\/ru\/product\/motocicleta-electrica-atv-cu-4-roti-2\/","title":{"rendered":"Motocicleta Electrica \u2013 ATV cu 4 roti"},"content":{"rendered":"<p><span style=\"color: #000000;\"><strong>Caracteristici<\/strong><\/span><\/p>\n<ul>\n<li><span style=\"color: #000000;\">Culoare: Albastru,\u00a0Ro\u0219u,\u00a0Verde<\/span><\/li>\n<li><span style=\"color: #000000;\">Model: DK-CA002<\/span><\/li>\n<li><span style=\"color: #000000;\">Motor: 4x45W<\/span><\/li>\n<li><span style=\"color: #000000;\">Baterie: 12V7Ah<\/span><\/li>\n<li><span style=\"color: #000000;\">Dimensiuni: 108 cm x 64 cm x 70 cm<\/span><\/li>\n<li><span style=\"color: #000000;\">Vitez\u0103 maxim\u0103: 3-8 km\/h<\/span><\/li>\n<li><span style=\"color: #000000;\">Greutate proprie: 17 kg<\/span><\/li>\n<li><span style=\"color: #000000;\">Sarcin\u0103 maxim\u0103: 30 kg<\/span><\/li>\n<li><span style=\"color: #000000;\">Timp de \u00eenc\u0103rcare: 8 ore<\/span><\/li>\n<li><span style=\"color: #000000;\">Durata de utilizare: P\u00e2n\u0103 la 1 or\u0103<\/span><\/li>\n<li><span style=\"color: #000000;\">Fren: Fren de urgen\u021b\u0103 de la telecomand\u0103<\/span><\/li>\n<li><span style=\"color: #000000;\">Centuri de siguran\u021b\u0103: \u2715<\/span><\/li>\n<li><span style=\"color: #000000;\">Scaun: Ecopiele<\/span><\/li>\n<li><span style=\"color: #000000;\">Ro\u021bi: EVA<\/span><\/li>\n<li><span style=\"color: #000000;\">Telecomand\u0103: 2.4G<\/span><\/li>\n<li><span style=\"color: #000000;\">Iluminat: Faruri, luminile de pozi\u021bie<\/span><\/li>\n<li><span style=\"color: #000000;\">Audio: Radio FM<\/span><\/li>\n<\/ul>","protected":false},"excerpt":{"rendered":"<p>Caracteristici Culoare: Albastru,\u00a0Ro\u0219u,\u00a0Verde Model: DK-CA002 Motor: 4x45W Baterie: 12V7Ah Dimensiuni: 108 cm x 64 cm x 70 cm Vitez\u0103 maxim\u0103: 3-8 km\/h Greutate proprie: 17 kg Sarcin\u0103 maxim\u0103: 30 kg Timp de \u00eenc\u0103rcare: 8 ore Durata de utilizare: P\u00e2n\u0103 la 1 or\u0103 Fren: Fren de urgen\u021b\u0103 de la telecomand\u0103 Centuri de siguran\u021b\u0103: \u2715 Scaun: Ecopiele&hellip;<\/p>","protected":false},"featured_media":3382,"template":"","meta":[],"product_cat":[57],"product_tag":[],"class_list":{"0":"post-3381","1":"product","2":"type-product","3":"status-publish","4":"has-post-thumbnail","6":"product_cat-copii","8":"first","9":"instock","10":"shipping-taxable","11":"product-type-simple"},"_links":{"self":[{"href":"https:\/\/motovitalex.md\/ru\/wp-json\/wp\/v2\/product\/3381","targetHints":{"allow":["GET"]}}],"collection":[{"href":"https:\/\/motovitalex.md\/ru\/wp-json\/wp\/v2\/product"}],"about":[{"href":"https:\/\/motovitalex.md\/ru\/wp-json\/wp\/v2\/types\/product"}],"version-history":[{"count":1,"href":"https:\/\/motovitalex.md\/ru\/wp-json\/wp\/v2\/product\/3381\/revisions"}],"predecessor-version":[{"id":3383,"href":"https:\/\/motovitalex.md\/ru\/wp-json\/wp\/v2\/product\/3381\/revisions\/3383"}],"wp:featuredmedia":[{"embeddable":true,"href":"https:\/\/motovitalex.md\/ru\/wp-json\/wp\/v2\/media\/3382"}],"wp:attachment":[{"href":"https:\/\/motovitalex.md\/ru\/wp-json\/wp\/v2\/media?parent=3381"}],"wp:term":[{"taxonomy":"product_cat","embeddable":true,"href":"https:\/\/motovitalex.md\/ru\/wp-json\/wp\/v2\/product_cat?post=3381"},{"taxonomy":"product_tag","embeddable":true,"href":"https:\/\/motovitalex.md\/ru\/wp-json\/wp\/v2\/product_tag?post=3381"}],"curies":[{"name":"wp","href":"https:\/\/api.w.org\/{rel}","templated":true}]}}