{"id":3369,"date":"2025-01-31T13:31:12","date_gmt":"2025-01-31T13:31:12","guid":{"rendered":"https:\/\/motovitalex.md\/?post_type=product&#038;p=3369"},"modified":"2025-01-31T13:31:13","modified_gmt":"2025-01-31T13:31:13","slug":"bentley-bacalar","status":"publish","type":"product","link":"https:\/\/motovitalex.md\/ru\/product\/bentley-bacalar\/","title":{"rendered":"Bentley Bacalar"},"content":{"rendered":"<p>-Model cu un singur loc<br \/>\n-Recomandat pentru v\u00e2rste p\u00e2n\u0103 la 5 ani<br \/>\n-Ro\u021bi moi EVA<br \/>\n-Patru motoare electrice de 45 W fiecare<br \/>\n-Faruri LED<br \/>\n-Trei viteze \u00eenainte \u0219i \u00eenapoi: 3, 5 \u0219i 8 km\/h<br \/>\n-Baterie: 12 V \/ 7 Ah<br \/>\n-Telecomand\u0103 cu raz\u0103 de ac\u021biune de p\u00e2n\u0103 la 30 m<br \/>\n-Timp de \u00eenc\u0103rcare complet\u0103 a bateriei: 8 ore<br \/>\n-Timp de utilizare f\u0103r\u0103 re\u00eenc\u0103rcare: 60 \u2014 90 min<br \/>\n-Greutatea maxim\u0103 suportat\u0103: 30 kg<br \/>\n-Dimensiuni ma\u0219in\u0103 electric\u0103: 108 x 65 x 45 cm<\/p>","protected":false},"excerpt":{"rendered":"<p>-Model cu un singur loc -Recomandat pentru v\u00e2rste p\u00e2n\u0103 la 5 ani -Ro\u021bi moi EVA -Patru motoare electrice de 45 W fiecare -Faruri LED -Trei viteze \u00eenainte \u0219i \u00eenapoi: 3, 5 \u0219i 8 km\/h -Baterie: 12 V \/ 7 Ah -Telecomand\u0103 cu raz\u0103 de ac\u021biune de p\u00e2n\u0103 la 30 m -Timp de \u00eenc\u0103rcare complet\u0103 a&hellip;<\/p>","protected":false},"featured_media":3370,"template":"","meta":[],"product_cat":[57],"product_tag":[],"class_list":{"0":"post-3369","1":"product","2":"type-product","3":"status-publish","4":"has-post-thumbnail","6":"product_cat-copii","8":"first","9":"instock","10":"shipping-taxable","11":"product-type-simple"},"_links":{"self":[{"href":"https:\/\/motovitalex.md\/ru\/wp-json\/wp\/v2\/product\/3369","targetHints":{"allow":["GET"]}}],"collection":[{"href":"https:\/\/motovitalex.md\/ru\/wp-json\/wp\/v2\/product"}],"about":[{"href":"https:\/\/motovitalex.md\/ru\/wp-json\/wp\/v2\/types\/product"}],"version-history":[{"count":1,"href":"https:\/\/motovitalex.md\/ru\/wp-json\/wp\/v2\/product\/3369\/revisions"}],"predecessor-version":[{"id":3371,"href":"https:\/\/motovitalex.md\/ru\/wp-json\/wp\/v2\/product\/3369\/revisions\/3371"}],"wp:featuredmedia":[{"embeddable":true,"href":"https:\/\/motovitalex.md\/ru\/wp-json\/wp\/v2\/media\/3370"}],"wp:attachment":[{"href":"https:\/\/motovitalex.md\/ru\/wp-json\/wp\/v2\/media?parent=3369"}],"wp:term":[{"taxonomy":"product_cat","embeddable":true,"href":"https:\/\/motovitalex.md\/ru\/wp-json\/wp\/v2\/product_cat?post=3369"},{"taxonomy":"product_tag","embeddable":true,"href":"https:\/\/motovitalex.md\/ru\/wp-json\/wp\/v2\/product_tag?post=3369"}],"curies":[{"name":"wp","href":"https:\/\/api.w.org\/{rel}","templated":true}]}}