{"id":3357,"date":"2025-01-31T13:18:53","date_gmt":"2025-01-31T13:18:53","guid":{"rendered":"https:\/\/motovitalex.md\/?post_type=product&#038;p=3357"},"modified":"2025-01-31T13:18:53","modified_gmt":"2025-01-31T13:18:53","slug":"mercedes-g63-dkg63","status":"publish","type":"product","link":"https:\/\/motovitalex.md\/ru\/product\/mercedes-g63-dkg63\/","title":{"rendered":"Mercedes G63 DKG63"},"content":{"rendered":"<p><span style=\"color: #000000;\">Recomandat pentru copii cu v\u00e2rsta de p\u00e2n\u0103 la 5 ani:<\/span><br \/>\n<span style=\"color: #000000;\">\u2013 Ro\u021bi moi din EVA<\/span><br \/>\n<span style=\"color: #000000;\">\u2013 Patru motoare electrice de 35 W fiecare<\/span><br \/>\n<span style=\"color: #000000;\">\u2013 Faruri LED<\/span><br \/>\n<span style=\"color: #000000;\">\u2013 Trei viteze<\/span><br \/>\n<span style=\"color: #000000;\">\u2013 Baterie: 12 V \/ 14 Ah<\/span><br \/>\n<span style=\"color: #000000;\">\u2013 Telecomand\u0103 cu raz\u0103 de ac\u021biune de p\u00e2n\u0103 la 30 m<\/span><br \/>\n<span style=\"color: #000000;\">\u2013 Timp de \u00eenc\u0103rcare a bateriei: 12 ore<\/span><br \/>\n<span style=\"color: #000000;\">\u2013 Timp de func\u021bionare f\u0103r\u0103 re\u00eenc\u0103rcare: 90-120 minute<\/span><br \/>\n<span style=\"color: #000000;\">\u2013 Greutatea ma\u0219inii: 30 kg<\/span><br \/>\n<span style=\"color: #000000;\">\u2013 Greutatea maxim\u0103 suportat\u0103: 40 kg<\/span><br \/>\n<span style=\"color: #000000;\">\u2013 Dimensiunile ma\u0219inii electrice: 148 x 84 x 53 cm<\/span><\/p>","protected":false},"excerpt":{"rendered":"<p>Recomandat pentru copii cu v\u00e2rsta de p\u00e2n\u0103 la 5 ani: \u2013 Ro\u021bi moi din EVA \u2013 Patru motoare electrice de 35 W fiecare \u2013 Faruri LED \u2013 Trei viteze \u2013 Baterie: 12 V \/ 14 Ah \u2013 Telecomand\u0103 cu raz\u0103 de ac\u021biune de p\u00e2n\u0103 la 30 m \u2013 Timp de \u00eenc\u0103rcare a bateriei: 12 ore&hellip;<\/p>","protected":false},"featured_media":3358,"template":"","meta":[],"product_cat":[57],"product_tag":[],"class_list":{"0":"post-3357","1":"product","2":"type-product","3":"status-publish","4":"has-post-thumbnail","6":"product_cat-copii","8":"first","9":"instock","10":"shipping-taxable","11":"product-type-simple"},"_links":{"self":[{"href":"https:\/\/motovitalex.md\/ru\/wp-json\/wp\/v2\/product\/3357","targetHints":{"allow":["GET"]}}],"collection":[{"href":"https:\/\/motovitalex.md\/ru\/wp-json\/wp\/v2\/product"}],"about":[{"href":"https:\/\/motovitalex.md\/ru\/wp-json\/wp\/v2\/types\/product"}],"version-history":[{"count":1,"href":"https:\/\/motovitalex.md\/ru\/wp-json\/wp\/v2\/product\/3357\/revisions"}],"predecessor-version":[{"id":3359,"href":"https:\/\/motovitalex.md\/ru\/wp-json\/wp\/v2\/product\/3357\/revisions\/3359"}],"wp:featuredmedia":[{"embeddable":true,"href":"https:\/\/motovitalex.md\/ru\/wp-json\/wp\/v2\/media\/3358"}],"wp:attachment":[{"href":"https:\/\/motovitalex.md\/ru\/wp-json\/wp\/v2\/media?parent=3357"}],"wp:term":[{"taxonomy":"product_cat","embeddable":true,"href":"https:\/\/motovitalex.md\/ru\/wp-json\/wp\/v2\/product_cat?post=3357"},{"taxonomy":"product_tag","embeddable":true,"href":"https:\/\/motovitalex.md\/ru\/wp-json\/wp\/v2\/product_tag?post=3357"}],"curies":[{"name":"wp","href":"https:\/\/api.w.org\/{rel}","templated":true}]}}