{"id":3303,"date":"2025-01-24T18:24:12","date_gmt":"2025-01-24T18:24:12","guid":{"rendered":"https:\/\/motovitalex.md\/?post_type=product&#038;p=3303"},"modified":"2025-01-24T18:24:12","modified_gmt":"2025-01-24T18:24:12","slug":"casca-integrala-n80-8-classic-n-com-10-neagra-mat","status":"publish","type":"product","link":"https:\/\/motovitalex.md\/ru\/product\/casca-integrala-n80-8-classic-n-com-10-neagra-mat\/","title":{"rendered":"Casc\u0103 integral\u0103 N80-8 CLASSIC N-COM 10, neagr\u0103\/mat"},"content":{"rendered":"","protected":false},"excerpt":{"rendered":"","protected":false},"featured_media":3304,"template":"","meta":[],"product_cat":[58],"product_tag":[],"class_list":{"0":"post-3303","1":"product","2":"type-product","3":"status-publish","4":"has-post-thumbnail","6":"product_cat-casca","8":"first","9":"instock","10":"shipping-taxable","11":"product-type-simple"},"_links":{"self":[{"href":"https:\/\/motovitalex.md\/ru\/wp-json\/wp\/v2\/product\/3303","targetHints":{"allow":["GET"]}}],"collection":[{"href":"https:\/\/motovitalex.md\/ru\/wp-json\/wp\/v2\/product"}],"about":[{"href":"https:\/\/motovitalex.md\/ru\/wp-json\/wp\/v2\/types\/product"}],"version-history":[{"count":1,"href":"https:\/\/motovitalex.md\/ru\/wp-json\/wp\/v2\/product\/3303\/revisions"}],"predecessor-version":[{"id":3305,"href":"https:\/\/motovitalex.md\/ru\/wp-json\/wp\/v2\/product\/3303\/revisions\/3305"}],"wp:featuredmedia":[{"embeddable":true,"href":"https:\/\/motovitalex.md\/ru\/wp-json\/wp\/v2\/media\/3304"}],"wp:attachment":[{"href":"https:\/\/motovitalex.md\/ru\/wp-json\/wp\/v2\/media?parent=3303"}],"wp:term":[{"taxonomy":"product_cat","embeddable":true,"href":"https:\/\/motovitalex.md\/ru\/wp-json\/wp\/v2\/product_cat?post=3303"},{"taxonomy":"product_tag","embeddable":true,"href":"https:\/\/motovitalex.md\/ru\/wp-json\/wp\/v2\/product_tag?post=3303"}],"curies":[{"name":"wp","href":"https:\/\/api.w.org\/{rel}","templated":true}]}}