{"id":3299,"date":"2025-01-24T18:20:45","date_gmt":"2025-01-24T18:20:45","guid":{"rendered":"https:\/\/motovitalex.md\/?post_type=product&#038;p=3299"},"modified":"2025-01-24T18:20:59","modified_gmt":"2025-01-24T18:20:59","slug":"casca-integrala-spartan-rs-blank-sp-neagra-cupru","status":"publish","type":"product","link":"https:\/\/motovitalex.md\/ru\/product\/casca-integrala-spartan-rs-blank-sp-neagra-cupru\/","title":{"rendered":"Casca integrala SPARTAN RS BLANK SP, neagra\/cupru"},"content":{"rendered":"<p>&nbsp;<\/p>\n<ul>\n<li><span style=\"color: #000000;\">Carcas\u0103 de casc\u0103 din\u00a0<b>fibr\u0103 de sticl\u0103 multiaxial\u0103<\/b>\u00a0.<\/span><\/li>\n<li><span style=\"color: #000000;\">Dou\u0103 dimensiuni de coaj\u0103.<\/span><\/li>\n<li><span style=\"color: #000000;\">\u00cenchidere cu inel DD\u00a0<b>.<\/b><\/span><\/li>\n<li><span style=\"color: #000000;\">Vizor clasa optic\u0103 1, cu acoperire\u00a0<b>anti-zg\u00e2rieturi<\/b>\u00a0.<\/span><\/li>\n<li><span style=\"color: #000000;\">Ap\u0103r\u0103toare de b\u0103rbie deta\u0219abil\u0103.<\/span><\/li>\n<li><span style=\"color: #000000;\">Ventilatie: 3 prize de aer si 4 iesiri de aer.<\/span><\/li>\n<li><span style=\"color: #000000;\">Marimi de la XS la XXL.<\/span><\/li>\n<\/ul>","protected":false},"excerpt":{"rendered":"<p>&nbsp; Carcas\u0103 de casc\u0103 din\u00a0fibr\u0103 de sticl\u0103 multiaxial\u0103\u00a0. Dou\u0103 dimensiuni de coaj\u0103. \u00cenchidere cu inel DD\u00a0. Vizor clasa optic\u0103 1, cu acoperire\u00a0anti-zg\u00e2rieturi\u00a0. Ap\u0103r\u0103toare de b\u0103rbie deta\u0219abil\u0103. Ventilatie: 3 prize de aer si 4 iesiri de aer. Marimi de la XS la XXL.<\/p>","protected":false},"featured_media":3300,"template":"","meta":[],"product_cat":[58],"product_tag":[],"class_list":{"0":"post-3299","1":"product","2":"type-product","3":"status-publish","4":"has-post-thumbnail","6":"product_cat-casca","8":"first","9":"instock","10":"shipping-taxable","11":"product-type-simple"},"_links":{"self":[{"href":"https:\/\/motovitalex.md\/ru\/wp-json\/wp\/v2\/product\/3299","targetHints":{"allow":["GET"]}}],"collection":[{"href":"https:\/\/motovitalex.md\/ru\/wp-json\/wp\/v2\/product"}],"about":[{"href":"https:\/\/motovitalex.md\/ru\/wp-json\/wp\/v2\/types\/product"}],"version-history":[{"count":2,"href":"https:\/\/motovitalex.md\/ru\/wp-json\/wp\/v2\/product\/3299\/revisions"}],"predecessor-version":[{"id":3302,"href":"https:\/\/motovitalex.md\/ru\/wp-json\/wp\/v2\/product\/3299\/revisions\/3302"}],"wp:featuredmedia":[{"embeddable":true,"href":"https:\/\/motovitalex.md\/ru\/wp-json\/wp\/v2\/media\/3300"}],"wp:attachment":[{"href":"https:\/\/motovitalex.md\/ru\/wp-json\/wp\/v2\/media?parent=3299"}],"wp:term":[{"taxonomy":"product_cat","embeddable":true,"href":"https:\/\/motovitalex.md\/ru\/wp-json\/wp\/v2\/product_cat?post=3299"},{"taxonomy":"product_tag","embeddable":true,"href":"https:\/\/motovitalex.md\/ru\/wp-json\/wp\/v2\/product_tag?post=3299"}],"curies":[{"name":"wp","href":"https:\/\/api.w.org\/{rel}","templated":true}]}}