{"id":3287,"date":"2025-01-24T18:05:48","date_gmt":"2025-01-24T18:05:48","guid":{"rendered":"https:\/\/motovitalex.md\/?post_type=product&#038;p=3287"},"modified":"2025-01-24T18:06:24","modified_gmt":"2025-01-24T18:06:24","slug":"casca-integrala-spartan-rs-neagra-rosu-mat","status":"publish","type":"product","link":"https:\/\/motovitalex.md\/ru\/product\/casca-integrala-spartan-rs-neagra-rosu-mat\/","title":{"rendered":"Casca integrala SPARTAN RS , neagra\/rosu\/mat"},"content":{"rendered":"<p><b>CELE MAI IMPORTANTE INFORMA\u021aII DESPRE CASCA SPARTAN RS:<\/b><\/p>\n<ul>\n<li style=\"list-style-type: none;\">\n<ul class=\"cs-text cs-ul\">\n<li style=\"list-style-type: none;\">\n<ul class=\"cs-text cs-ul\">\n<li><span style=\"color: #000000;\"><b>Roadster<\/b>\u00a0casc\u0103 \u00eenchis\u0103\u00a0.<\/span><\/li>\n<li><span style=\"color: #000000;\">Carcas\u0103 din <b>fibr\u0103 de sticl\u0103 multiaxial\u0103<\/b>\u00a0.<\/span><\/li>\n<li><span style=\"color: #000000;\">Dou\u0103 dimensiuni de coaj\u0103.<\/span><\/li>\n<li><span style=\"color: #000000;\">\u00cenchidere cu inel DD\u00a0<b>.<\/b><\/span><\/li>\n<li><span style=\"color: #000000;\">Vizor clasa optic\u0103 1, cu acoperire\u00a0<b>anti-zg\u00e2rieturi<\/b>\u00a0.<\/span><\/li>\n<li><span style=\"color: #000000;\">Ap\u0103r\u0103toare de b\u0103rbie deta\u0219abil\u0103.<\/span><\/li>\n<li><span style=\"color: #000000;\">Ventilatie: 3 prize de aer si 4 iesiri de aer.<\/span><\/li>\n<li><span style=\"color: #000000;\">Marimi de la XS la XXL.<\/span><\/li>\n<\/ul>\n<\/li>\n<\/ul>\n<\/li>\n<\/ul>","protected":false},"excerpt":{"rendered":"<p>CELE MAI IMPORTANTE INFORMA\u021aII DESPRE CASCA SPARTAN RS: Roadster\u00a0casc\u0103 \u00eenchis\u0103\u00a0. Carcas\u0103 din fibr\u0103 de sticl\u0103 multiaxial\u0103\u00a0. Dou\u0103 dimensiuni de coaj\u0103. \u00cenchidere cu inel DD\u00a0. Vizor clasa optic\u0103 1, cu acoperire\u00a0anti-zg\u00e2rieturi\u00a0. Ap\u0103r\u0103toare de b\u0103rbie deta\u0219abil\u0103. Ventilatie: 3 prize de aer si 4 iesiri de aer. Marimi de la XS la XXL.<\/p>","protected":false},"featured_media":3288,"template":"","meta":[],"product_cat":[58],"product_tag":[],"class_list":{"0":"post-3287","1":"product","2":"type-product","3":"status-publish","4":"has-post-thumbnail","6":"product_cat-casca","8":"first","9":"instock","10":"shipping-taxable","11":"product-type-simple"},"_links":{"self":[{"href":"https:\/\/motovitalex.md\/ru\/wp-json\/wp\/v2\/product\/3287","targetHints":{"allow":["GET"]}}],"collection":[{"href":"https:\/\/motovitalex.md\/ru\/wp-json\/wp\/v2\/product"}],"about":[{"href":"https:\/\/motovitalex.md\/ru\/wp-json\/wp\/v2\/types\/product"}],"version-history":[{"count":2,"href":"https:\/\/motovitalex.md\/ru\/wp-json\/wp\/v2\/product\/3287\/revisions"}],"predecessor-version":[{"id":3290,"href":"https:\/\/motovitalex.md\/ru\/wp-json\/wp\/v2\/product\/3287\/revisions\/3290"}],"wp:featuredmedia":[{"embeddable":true,"href":"https:\/\/motovitalex.md\/ru\/wp-json\/wp\/v2\/media\/3288"}],"wp:attachment":[{"href":"https:\/\/motovitalex.md\/ru\/wp-json\/wp\/v2\/media?parent=3287"}],"wp:term":[{"taxonomy":"product_cat","embeddable":true,"href":"https:\/\/motovitalex.md\/ru\/wp-json\/wp\/v2\/product_cat?post=3287"},{"taxonomy":"product_tag","embeddable":true,"href":"https:\/\/motovitalex.md\/ru\/wp-json\/wp\/v2\/product_tag?post=3287"}],"curies":[{"name":"wp","href":"https:\/\/api.w.org\/{rel}","templated":true}]}}