{"id":3281,"date":"2025-01-21T15:25:02","date_gmt":"2025-01-21T15:25:02","guid":{"rendered":"https:\/\/motovitalex.md\/?post_type=product&#038;p=3281"},"modified":"2025-01-22T15:41:31","modified_gmt":"2025-01-22T15:41:31","slug":"motocultor-pe-motorina-777e7-belarus-7hp-cu-capota-freza","status":"publish","type":"product","link":"https:\/\/motovitalex.md\/ru\/product\/motocultor-pe-motorina-777e7-belarus-7hp-cu-capota-freza\/","title":{"rendered":"Motocultor pe Motorina 777E7 Belarus 7HP (cu capota) + Freza"},"content":{"rendered":"<div class=\"short-attribute\"><span style=\"color: #000000;\"><span class=\"attr-name\">Cai putere &#8211;<\/span><span class=\"attr-text\">7 cp<\/span><\/span><\/div>\n<div class=\"short-attribute\"><span style=\"color: #000000;\"><span class=\"attr-name\">Culoare &#8211;<\/span><span class=\"attr-text\">albastru<\/span><\/span><\/div>\n<div class=\"short-attribute\"><span style=\"color: #000000;\"><span class=\"attr-name\">L\u0103\u021bime frez\u0103 &#8211;<\/span><span class=\"attr-text\">110\/80\/50<\/span><\/span><\/div>\n<div class=\"short-attribute\"><span style=\"color: #000000;\"><span class=\"attr-name\">Num\u0103rul de viteze \u00eenainte &#8211;<\/span><span class=\"attr-text\">2<\/span><\/span><\/div>\n<div class=\"short-attribute\"><span style=\"color: #000000;\"><span class=\"attr-name\">Num\u0103rul de viteze \u00eenapoi &#8211;<\/span><span class=\"attr-text\">1<\/span><\/span><\/div>\n<div class=\"short-attribute\"><span style=\"color: #000000;\"><span class=\"attr-name\">Pornire motor &#8211;<\/span><span class=\"attr-text\">electric<\/span><\/span><\/div>\n<div class=\"short-attribute\"><span style=\"color: #000000;\"><span class=\"attr-name\">Rezervorul de benzin\u0103 &#8211;<\/span><span class=\"attr-text\">5.5 l<\/span><\/span><\/div>\n<div class=\"short-attribute\"><span style=\"color: #000000;\"><span class=\"attr-name\">Rotatii &#8211;<\/span><span class=\"attr-text\">3600 rpm<\/span><\/span><\/div>\n<div class=\"short-attribute\"><span style=\"color: #000000;\"><span class=\"attr-name\">Tip de ulei &#8211;<\/span><span class=\"attr-text\">10W-40 \/ 15W-40<\/span><\/span><\/div>","protected":false},"excerpt":{"rendered":"<p>Cai putere &#8211;7 cp Culoare &#8211;albastru L\u0103\u021bime frez\u0103 &#8211;110\/80\/50 Num\u0103rul de viteze \u00eenainte &#8211;2 Num\u0103rul de viteze \u00eenapoi &#8211;1 Pornire motor &#8211;electric Rezervorul de benzin\u0103 &#8211;5.5 l Rotatii &#8211;3600 rpm Tip de ulei &#8211;10W-40 \/ 15W-40<\/p>","protected":false},"featured_media":3282,"template":"","meta":[],"product_cat":[67],"product_tag":[],"class_list":{"0":"post-3281","1":"product","2":"type-product","3":"status-publish","4":"has-post-thumbnail","6":"product_cat-motocultoare","8":"first","9":"instock","10":"shipping-taxable","11":"purchasable","12":"product-type-simple"},"_links":{"self":[{"href":"https:\/\/motovitalex.md\/ru\/wp-json\/wp\/v2\/product\/3281","targetHints":{"allow":["GET"]}}],"collection":[{"href":"https:\/\/motovitalex.md\/ru\/wp-json\/wp\/v2\/product"}],"about":[{"href":"https:\/\/motovitalex.md\/ru\/wp-json\/wp\/v2\/types\/product"}],"version-history":[{"count":1,"href":"https:\/\/motovitalex.md\/ru\/wp-json\/wp\/v2\/product\/3281\/revisions"}],"predecessor-version":[{"id":3283,"href":"https:\/\/motovitalex.md\/ru\/wp-json\/wp\/v2\/product\/3281\/revisions\/3283"}],"wp:featuredmedia":[{"embeddable":true,"href":"https:\/\/motovitalex.md\/ru\/wp-json\/wp\/v2\/media\/3282"}],"wp:attachment":[{"href":"https:\/\/motovitalex.md\/ru\/wp-json\/wp\/v2\/media?parent=3281"}],"wp:term":[{"taxonomy":"product_cat","embeddable":true,"href":"https:\/\/motovitalex.md\/ru\/wp-json\/wp\/v2\/product_cat?post=3281"},{"taxonomy":"product_tag","embeddable":true,"href":"https:\/\/motovitalex.md\/ru\/wp-json\/wp\/v2\/product_tag?post=3281"}],"curies":[{"name":"wp","href":"https:\/\/api.w.org\/{rel}","templated":true}]}}