{"id":3254,"date":"2025-01-21T15:02:12","date_gmt":"2025-01-21T15:02:12","guid":{"rendered":"https:\/\/motovitalex.md\/?post_type=product&#038;p=3254"},"modified":"2025-01-21T15:02:12","modified_gmt":"2025-01-21T15:02:12","slug":"motocultor-belarus-10hp-707e10-cu-semanatoare-cultivator-in-set","status":"publish","type":"product","link":"https:\/\/motovitalex.md\/ru\/product\/motocultor-belarus-10hp-707e10-cu-semanatoare-cultivator-in-set\/","title":{"rendered":"Motocultor Belarus 10HP 707E10 cu sem\u0103n\u0103toare + cultivator in set"},"content":{"rendered":"<div class=\"short-attribute\"><span style=\"color: #000000;\"><span class=\"attr-name\">Culoare &#8211;<\/span><span class=\"attr-text\">Albastru, Orange, Ro\u0219u<\/span><\/span><\/div>\n<div class=\"short-attribute\"><span style=\"color: #000000;\"><span class=\"attr-name\">\u00cen set &#8211;<\/span><span class=\"attr-text\">Sem\u0103n\u0103toare + Cultivator<\/span><\/span><\/div>\n<div class=\"short-attribute\"><span style=\"color: #000000;\"><span class=\"attr-name\">L\u0103\u021bime frez\u0103 &#8211;<\/span><span class=\"attr-text\">135\/110\/80cm (3+1+1)<\/span><\/span><\/div>\n<div class=\"short-attribute\"><span style=\"color: #000000;\"><span class=\"attr-name\">Putere &#8211;<\/span><span class=\"attr-text\">10 c.p.<\/span><\/span><\/div>\n<div class=\"short-attribute\"><span style=\"color: #000000;\"><span class=\"attr-name\">Starter &#8211;<\/span><span class=\"attr-text\">electric<\/span><\/span><\/div>","protected":false},"excerpt":{"rendered":"<p>Culoare &#8211;Albastru, Orange, Ro\u0219u \u00cen set &#8211;Sem\u0103n\u0103toare + Cultivator L\u0103\u021bime frez\u0103 &#8211;135\/110\/80cm (3+1+1) Putere &#8211;10 c.p. Starter &#8211;electric<\/p>","protected":false},"featured_media":3255,"template":"","meta":[],"product_cat":[67],"product_tag":[],"class_list":{"0":"post-3254","1":"product","2":"type-product","3":"status-publish","4":"has-post-thumbnail","6":"product_cat-motocultoare","8":"first","9":"instock","10":"shipping-taxable","11":"product-type-simple"},"_links":{"self":[{"href":"https:\/\/motovitalex.md\/ru\/wp-json\/wp\/v2\/product\/3254","targetHints":{"allow":["GET"]}}],"collection":[{"href":"https:\/\/motovitalex.md\/ru\/wp-json\/wp\/v2\/product"}],"about":[{"href":"https:\/\/motovitalex.md\/ru\/wp-json\/wp\/v2\/types\/product"}],"version-history":[{"count":1,"href":"https:\/\/motovitalex.md\/ru\/wp-json\/wp\/v2\/product\/3254\/revisions"}],"predecessor-version":[{"id":3256,"href":"https:\/\/motovitalex.md\/ru\/wp-json\/wp\/v2\/product\/3254\/revisions\/3256"}],"wp:featuredmedia":[{"embeddable":true,"href":"https:\/\/motovitalex.md\/ru\/wp-json\/wp\/v2\/media\/3255"}],"wp:attachment":[{"href":"https:\/\/motovitalex.md\/ru\/wp-json\/wp\/v2\/media?parent=3254"}],"wp:term":[{"taxonomy":"product_cat","embeddable":true,"href":"https:\/\/motovitalex.md\/ru\/wp-json\/wp\/v2\/product_cat?post=3254"},{"taxonomy":"product_tag","embeddable":true,"href":"https:\/\/motovitalex.md\/ru\/wp-json\/wp\/v2\/product_tag?post=3254"}],"curies":[{"name":"wp","href":"https:\/\/api.w.org\/{rel}","templated":true}]}}