{"id":3248,"date":"2025-01-21T14:55:38","date_gmt":"2025-01-21T14:55:38","guid":{"rendered":"https:\/\/motovitalex.md\/?post_type=product&#038;p=3248"},"modified":"2025-01-21T14:55:38","modified_gmt":"2025-01-21T14:55:38","slug":"motocultivator-zubr-ht-105e","status":"publish","type":"product","link":"https:\/\/motovitalex.md\/ru\/product\/motocultivator-zubr-ht-105e\/","title":{"rendered":"Motocultivator Zubr HT-105E"},"content":{"rendered":"<div class=\"short-attribute\"><span style=\"color: #000000;\"><span class=\"attr-name\">Ad\u00e2ncime de prelucrare &#8211;<\/span><span class=\"attr-text\">80-300 mm<\/span><\/span><\/div>\n<div class=\"short-attribute\"><span style=\"color: #000000;\"><span class=\"attr-name\">Consum combustibil &#8211;<\/span><span class=\"attr-text\">286 g\/kW*or\u0103<\/span><\/span><\/div>\n<div class=\"short-attribute\"><span style=\"color: #000000;\"><span class=\"attr-name\">Dimensiuni ro\u021bi &#8211;<\/span><span class=\"attr-text\">4.00-10<\/span><\/span><\/div>\n<div class=\"short-attribute\"><span style=\"color: #000000;\"><span class=\"attr-name\">Greutatea &#8211;<\/span><span class=\"attr-text\">135 kg<\/span><\/span><\/div>\n<div class=\"short-attribute\"><span style=\"color: #000000;\"><span class=\"attr-name\">L\u0103\u021bime de prelucrare &#8211;<\/span><span class=\"attr-text\">750-1050 mm<\/span><\/span><\/div>\n<div class=\"short-attribute\"><span style=\"color: #000000;\"><span class=\"attr-name\">Num\u0103rul de viteze &#8211;<\/span><span class=\"attr-text\">3 \u00eenainte , 1 \u00eenapoi<\/span><\/span><\/div>\n<div class=\"short-attribute\"><span style=\"color: #000000;\"><span class=\"attr-name\">Puterea motorului &#8211;<\/span><span class=\"attr-text\">7 c.p.<\/span><\/span><\/div>","protected":false},"excerpt":{"rendered":"<p>Ad\u00e2ncime de prelucrare &#8211;80-300 mm Consum combustibil &#8211;286 g\/kW*or\u0103 Dimensiuni ro\u021bi &#8211;4.00-10 Greutatea &#8211;135 kg L\u0103\u021bime de prelucrare &#8211;750-1050 mm Num\u0103rul de viteze &#8211;3 \u00eenainte , 1 \u00eenapoi Puterea motorului &#8211;7 c.p.<\/p>","protected":false},"featured_media":3249,"template":"","meta":[],"product_cat":[67],"product_tag":[],"class_list":{"0":"post-3248","1":"product","2":"type-product","3":"status-publish","4":"has-post-thumbnail","6":"product_cat-motocultoare","8":"first","9":"instock","10":"shipping-taxable","11":"product-type-simple"},"_links":{"self":[{"href":"https:\/\/motovitalex.md\/ru\/wp-json\/wp\/v2\/product\/3248","targetHints":{"allow":["GET"]}}],"collection":[{"href":"https:\/\/motovitalex.md\/ru\/wp-json\/wp\/v2\/product"}],"about":[{"href":"https:\/\/motovitalex.md\/ru\/wp-json\/wp\/v2\/types\/product"}],"version-history":[{"count":1,"href":"https:\/\/motovitalex.md\/ru\/wp-json\/wp\/v2\/product\/3248\/revisions"}],"predecessor-version":[{"id":3250,"href":"https:\/\/motovitalex.md\/ru\/wp-json\/wp\/v2\/product\/3248\/revisions\/3250"}],"wp:featuredmedia":[{"embeddable":true,"href":"https:\/\/motovitalex.md\/ru\/wp-json\/wp\/v2\/media\/3249"}],"wp:attachment":[{"href":"https:\/\/motovitalex.md\/ru\/wp-json\/wp\/v2\/media?parent=3248"}],"wp:term":[{"taxonomy":"product_cat","embeddable":true,"href":"https:\/\/motovitalex.md\/ru\/wp-json\/wp\/v2\/product_cat?post=3248"},{"taxonomy":"product_tag","embeddable":true,"href":"https:\/\/motovitalex.md\/ru\/wp-json\/wp\/v2\/product_tag?post=3248"}],"curies":[{"name":"wp","href":"https:\/\/api.w.org\/{rel}","templated":true}]}}