{"id":3239,"date":"2025-01-21T14:47:05","date_gmt":"2025-01-21T14:47:05","guid":{"rendered":"https:\/\/motovitalex.md\/?post_type=product&#038;p=3239"},"modified":"2025-01-21T14:47:05","modified_gmt":"2025-01-21T14:47:05","slug":"motocultor-weima-12-c-p-wm1100be-6","status":"publish","type":"product","link":"https:\/\/motovitalex.md\/ru\/product\/motocultor-weima-12-c-p-wm1100be-6\/","title":{"rendered":"Motocultor Weima 12 c.p. WM1100BE-6"},"content":{"rendered":"<div class=\"short-attribute\"><span style=\"color: #000000;\"><span class=\"attr-name\">Ad\u00e2ncime de prelucrare &#8211;<\/span><span class=\"attr-text\">30 cm<\/span><\/span><\/div>\n<div class=\"short-attribute\"><span style=\"color: #000000;\"><span class=\"attr-name\">Capacitatea motorului &#8211;<\/span><span class=\"attr-text\">406 cm\u00b3<\/span><\/span><\/div>\n<div class=\"short-attribute\"><span style=\"color: #000000;\"><span class=\"attr-name\">Combustibil &#8211;<\/span><span class=\"attr-text\">diesel<\/span><\/span><\/div>\n<div class=\"short-attribute\"><span style=\"color: #000000;\"><span class=\"attr-name\">Greutatea &#8211;<\/span><span class=\"attr-text\">172 kg<\/span><\/span><\/div>\n<div class=\"short-attribute\"><span style=\"color: #000000;\"><span class=\"attr-name\">L\u0103\u021bime de prelucrare &#8211;<\/span><span class=\"attr-text\">1400 mm<\/span><\/span><\/div>\n<div class=\"short-attribute\"><span style=\"color: #000000;\"><span class=\"attr-name\">Motor &#8211;<\/span><span class=\"attr-text\">188FE, 4 timpi, 1 cilindru, racit cu aer<\/span><\/span><\/div>\n<div class=\"short-attribute\"><span style=\"color: #000000;\"><span class=\"attr-name\">Num\u0103rul de viteze &#8211;<\/span><span class=\"attr-text\">4 viteze \u00eenainte, 2 viteze \u00eenapoi<\/span><\/span><\/div>","protected":false},"excerpt":{"rendered":"<p>Ad\u00e2ncime de prelucrare &#8211;30 cm Capacitatea motorului &#8211;406 cm\u00b3 Combustibil &#8211;diesel Greutatea &#8211;172 kg L\u0103\u021bime de prelucrare &#8211;1400 mm Motor &#8211;188FE, 4 timpi, 1 cilindru, racit cu aer Num\u0103rul de viteze &#8211;4 viteze \u00eenainte, 2 viteze \u00eenapoi<\/p>","protected":false},"featured_media":3240,"template":"","meta":[],"product_cat":[67],"product_tag":[],"class_list":{"0":"post-3239","1":"product","2":"type-product","3":"status-publish","4":"has-post-thumbnail","6":"product_cat-motocultoare","8":"first","9":"instock","10":"shipping-taxable","11":"product-type-simple"},"_links":{"self":[{"href":"https:\/\/motovitalex.md\/ru\/wp-json\/wp\/v2\/product\/3239","targetHints":{"allow":["GET"]}}],"collection":[{"href":"https:\/\/motovitalex.md\/ru\/wp-json\/wp\/v2\/product"}],"about":[{"href":"https:\/\/motovitalex.md\/ru\/wp-json\/wp\/v2\/types\/product"}],"version-history":[{"count":1,"href":"https:\/\/motovitalex.md\/ru\/wp-json\/wp\/v2\/product\/3239\/revisions"}],"predecessor-version":[{"id":3241,"href":"https:\/\/motovitalex.md\/ru\/wp-json\/wp\/v2\/product\/3239\/revisions\/3241"}],"wp:featuredmedia":[{"embeddable":true,"href":"https:\/\/motovitalex.md\/ru\/wp-json\/wp\/v2\/media\/3240"}],"wp:attachment":[{"href":"https:\/\/motovitalex.md\/ru\/wp-json\/wp\/v2\/media?parent=3239"}],"wp:term":[{"taxonomy":"product_cat","embeddable":true,"href":"https:\/\/motovitalex.md\/ru\/wp-json\/wp\/v2\/product_cat?post=3239"},{"taxonomy":"product_tag","embeddable":true,"href":"https:\/\/motovitalex.md\/ru\/wp-json\/wp\/v2\/product_tag?post=3239"}],"curies":[{"name":"wp","href":"https:\/\/api.w.org\/{rel}","templated":true}]}}