{"id":3230,"date":"2025-01-21T14:39:56","date_gmt":"2025-01-21T14:39:56","guid":{"rendered":"https:\/\/motovitalex.md\/?post_type=product&#038;p=3230"},"modified":"2025-01-21T14:39:56","modified_gmt":"2025-01-21T14:39:56","slug":"motocultor-vostok-950-de","status":"publish","type":"product","link":"https:\/\/motovitalex.md\/ru\/product\/motocultor-vostok-950-de\/","title":{"rendered":"Motocultor Vostok 950 DE"},"content":{"rendered":"<div class=\"short-attribute\"><span style=\"color: #000000;\"><span class=\"attr-name\">Ad\u00e2ncime de prelucrare &#8211;<\/span><span class=\"attr-text\">200 mm<\/span><\/span><\/div>\n<div class=\"short-attribute\"><span style=\"color: #000000;\"><span class=\"attr-name\">Cai putere &#8211;<\/span><span class=\"attr-text\">5 c.p.<\/span><\/span><\/div>\n<div class=\"short-attribute\"><span style=\"color: #000000;\"><span class=\"attr-name\">Combustibil &#8211;<\/span><span class=\"attr-text\">diesel<\/span><\/span><\/div>\n<div class=\"short-attribute\"><span style=\"color: #000000;\"><span class=\"attr-name\">Diametru roat\u0103 &#8211;<\/span><span class=\"attr-text\">4.00-8<\/span><\/span><\/div>\n<div class=\"short-attribute\"><span style=\"color: #000000;\"><span class=\"attr-name\">L\u0103\u021bime de prelucrare &#8211;<\/span><span class=\"attr-text\">110 cm<\/span><\/span><\/div>\n<div class=\"short-attribute\"><span style=\"color: #000000;\"><span class=\"attr-name\">Motor &#8211;<\/span><span class=\"attr-text\">4 timpi<\/span><\/span><\/div>\n<div class=\"short-attribute\"><span style=\"color: #000000;\"><span class=\"attr-name\">Num\u0103rul de viteze &#8211;<\/span><span class=\"attr-text\">2 \u00eenainte , 1 \u00eenapoi<\/span><\/span><\/div>","protected":false},"excerpt":{"rendered":"<p>Ad\u00e2ncime de prelucrare &#8211;200 mm Cai putere &#8211;5 c.p. Combustibil &#8211;diesel Diametru roat\u0103 &#8211;4.00-8 L\u0103\u021bime de prelucrare &#8211;110 cm Motor &#8211;4 timpi Num\u0103rul de viteze &#8211;2 \u00eenainte , 1 \u00eenapoi<\/p>","protected":false},"featured_media":3231,"template":"","meta":[],"product_cat":[67],"product_tag":[],"class_list":{"0":"post-3230","1":"product","2":"type-product","3":"status-publish","4":"has-post-thumbnail","6":"product_cat-motocultoare","8":"first","9":"instock","10":"shipping-taxable","11":"product-type-simple"},"_links":{"self":[{"href":"https:\/\/motovitalex.md\/ru\/wp-json\/wp\/v2\/product\/3230","targetHints":{"allow":["GET"]}}],"collection":[{"href":"https:\/\/motovitalex.md\/ru\/wp-json\/wp\/v2\/product"}],"about":[{"href":"https:\/\/motovitalex.md\/ru\/wp-json\/wp\/v2\/types\/product"}],"version-history":[{"count":1,"href":"https:\/\/motovitalex.md\/ru\/wp-json\/wp\/v2\/product\/3230\/revisions"}],"predecessor-version":[{"id":3232,"href":"https:\/\/motovitalex.md\/ru\/wp-json\/wp\/v2\/product\/3230\/revisions\/3232"}],"wp:featuredmedia":[{"embeddable":true,"href":"https:\/\/motovitalex.md\/ru\/wp-json\/wp\/v2\/media\/3231"}],"wp:attachment":[{"href":"https:\/\/motovitalex.md\/ru\/wp-json\/wp\/v2\/media?parent=3230"}],"wp:term":[{"taxonomy":"product_cat","embeddable":true,"href":"https:\/\/motovitalex.md\/ru\/wp-json\/wp\/v2\/product_cat?post=3230"},{"taxonomy":"product_tag","embeddable":true,"href":"https:\/\/motovitalex.md\/ru\/wp-json\/wp\/v2\/product_tag?post=3230"}],"curies":[{"name":"wp","href":"https:\/\/api.w.org\/{rel}","templated":true}]}}