{"id":3227,"date":"2025-01-21T14:36:43","date_gmt":"2025-01-21T14:36:43","guid":{"rendered":"https:\/\/motovitalex.md\/?post_type=product&#038;p=3227"},"modified":"2025-01-21T14:36:43","modified_gmt":"2025-01-21T14:36:43","slug":"motocultor-rato-6-3-130","status":"publish","type":"product","link":"https:\/\/motovitalex.md\/ru\/product\/motocultor-rato-6-3-130\/","title":{"rendered":"Motocultor Rato 6.3-130"},"content":{"rendered":"<div class=\"short-attribute\"><span style=\"color: #000000;\"><span class=\"attr-name\">Ad\u00e2ncime de prelucrare &#8211;<\/span><span class=\"attr-text\">100-300 mm<\/span><\/span><\/div>\n<div class=\"short-attribute\"><span style=\"color: #000000;\"><span class=\"attr-name\">Cai putere &#8211;<\/span><span class=\"attr-text\">9 c.p.<\/span><\/span><\/div>\n<div class=\"short-attribute\"><span style=\"color: #000000;\"><span class=\"attr-name\">Combustibil &#8211;<\/span><span class=\"attr-text\">diesel<\/span><\/span><\/div>\n<div class=\"short-attribute\"><span style=\"color: #000000;\"><span class=\"attr-name\">Dimensiune ro\u021bi &#8211;<\/span><span class=\"attr-text\">5.00-12<\/span><\/span><\/div>\n<div class=\"short-attribute\"><span style=\"color: #000000;\"><span class=\"attr-name\">Lansa &#8211;<\/span><span class=\"attr-text\">starter electric, manual<\/span><\/span><\/div>\n<div class=\"short-attribute\"><span style=\"color: #000000;\"><span class=\"attr-name\">L\u0103\u021bime de prelucrare &#8211;<\/span><span class=\"attr-text\">1350 mm<\/span><\/span><\/div>\n<div class=\"short-attribute\"><span style=\"color: #000000;\"><span class=\"attr-name\">Num\u0103rul de viteze &#8211;<\/span><span class=\"attr-text\">2 \u00eenainte, 1 \u00eenapoi<\/span><\/span><\/div>","protected":false},"excerpt":{"rendered":"<p>Ad\u00e2ncime de prelucrare &#8211;100-300 mm Cai putere &#8211;9 c.p. Combustibil &#8211;diesel Dimensiune ro\u021bi &#8211;5.00-12 Lansa &#8211;starter electric, manual L\u0103\u021bime de prelucrare &#8211;1350 mm Num\u0103rul de viteze &#8211;2 \u00eenainte, 1 \u00eenapoi<\/p>","protected":false},"featured_media":3228,"template":"","meta":[],"product_cat":[67],"product_tag":[],"class_list":{"0":"post-3227","1":"product","2":"type-product","3":"status-publish","4":"has-post-thumbnail","6":"product_cat-motocultoare","8":"first","9":"instock","10":"shipping-taxable","11":"product-type-simple"},"_links":{"self":[{"href":"https:\/\/motovitalex.md\/ru\/wp-json\/wp\/v2\/product\/3227","targetHints":{"allow":["GET"]}}],"collection":[{"href":"https:\/\/motovitalex.md\/ru\/wp-json\/wp\/v2\/product"}],"about":[{"href":"https:\/\/motovitalex.md\/ru\/wp-json\/wp\/v2\/types\/product"}],"version-history":[{"count":1,"href":"https:\/\/motovitalex.md\/ru\/wp-json\/wp\/v2\/product\/3227\/revisions"}],"predecessor-version":[{"id":3229,"href":"https:\/\/motovitalex.md\/ru\/wp-json\/wp\/v2\/product\/3227\/revisions\/3229"}],"wp:featuredmedia":[{"embeddable":true,"href":"https:\/\/motovitalex.md\/ru\/wp-json\/wp\/v2\/media\/3228"}],"wp:attachment":[{"href":"https:\/\/motovitalex.md\/ru\/wp-json\/wp\/v2\/media?parent=3227"}],"wp:term":[{"taxonomy":"product_cat","embeddable":true,"href":"https:\/\/motovitalex.md\/ru\/wp-json\/wp\/v2\/product_cat?post=3227"},{"taxonomy":"product_tag","embeddable":true,"href":"https:\/\/motovitalex.md\/ru\/wp-json\/wp\/v2\/product_tag?post=3227"}],"curies":[{"name":"wp","href":"https:\/\/api.w.org\/{rel}","templated":true}]}}