{"id":3221,"date":"2025-01-21T14:31:00","date_gmt":"2025-01-21T14:31:00","guid":{"rendered":"https:\/\/motovitalex.md\/?post_type=product&#038;p=3221"},"modified":"2025-01-21T14:31:00","modified_gmt":"2025-01-21T14:31:00","slug":"motocultor-rato-3-6-100","status":"publish","type":"product","link":"https:\/\/motovitalex.md\/ru\/product\/motocultor-rato-3-6-100\/","title":{"rendered":"Motocultor Rato 3.6-100"},"content":{"rendered":"<div class=\"short-attribute\"><span style=\"color: #000000;\"><span class=\"attr-name\">Ad\u00e2ncime de prelucrare &#8211;<\/span><span class=\"attr-text\">100-300 mm<\/span><\/span><\/div>\n<div class=\"short-attribute\"><span style=\"color: #000000;\"><span class=\"attr-name\">Cai putere &#8211;<\/span><span class=\"attr-text\">5 c.p.<\/span><\/span><\/div>\n<div class=\"short-attribute\"><span style=\"color: #000000;\"><span class=\"attr-name\">Combustibil &#8211;<\/span><span class=\"attr-text\">diesel<\/span><\/span><\/div>\n<div class=\"short-attribute\"><span style=\"color: #000000;\"><span class=\"attr-name\">Dimensiune ro\u021bi &#8211;<\/span><span class=\"attr-text\">4.00-8<\/span><\/span><\/div>\n<div class=\"short-attribute\"><span style=\"color: #000000;\"><span class=\"attr-name\">Lansa &#8211;<\/span><span class=\"attr-text\">demaror electric, manual<\/span><\/span><\/div>\n<div class=\"short-attribute\"><span style=\"color: #000000;\"><span class=\"attr-name\">L\u0103\u021bime de prelucrare &#8211;<\/span><span class=\"attr-text\">1050 mm<\/span><\/span><\/div>\n<div class=\"short-attribute\"><span style=\"color: #000000;\"><span class=\"attr-name\">Num\u0103rul de viteze &#8211;<\/span><span class=\"attr-text\">2 \u00eenainte, 1 \u00eenapoi<\/span><\/span><\/div>","protected":false},"excerpt":{"rendered":"<p>Ad\u00e2ncime de prelucrare &#8211;100-300 mm Cai putere &#8211;5 c.p. Combustibil &#8211;diesel Dimensiune ro\u021bi &#8211;4.00-8 Lansa &#8211;demaror electric, manual L\u0103\u021bime de prelucrare &#8211;1050 mm Num\u0103rul de viteze &#8211;2 \u00eenainte, 1 \u00eenapoi<\/p>","protected":false},"featured_media":3222,"template":"","meta":[],"product_cat":[67],"product_tag":[],"class_list":{"0":"post-3221","1":"product","2":"type-product","3":"status-publish","4":"has-post-thumbnail","6":"product_cat-motocultoare","8":"first","9":"instock","10":"shipping-taxable","11":"product-type-simple"},"_links":{"self":[{"href":"https:\/\/motovitalex.md\/ru\/wp-json\/wp\/v2\/product\/3221","targetHints":{"allow":["GET"]}}],"collection":[{"href":"https:\/\/motovitalex.md\/ru\/wp-json\/wp\/v2\/product"}],"about":[{"href":"https:\/\/motovitalex.md\/ru\/wp-json\/wp\/v2\/types\/product"}],"version-history":[{"count":1,"href":"https:\/\/motovitalex.md\/ru\/wp-json\/wp\/v2\/product\/3221\/revisions"}],"predecessor-version":[{"id":3223,"href":"https:\/\/motovitalex.md\/ru\/wp-json\/wp\/v2\/product\/3221\/revisions\/3223"}],"wp:featuredmedia":[{"embeddable":true,"href":"https:\/\/motovitalex.md\/ru\/wp-json\/wp\/v2\/media\/3222"}],"wp:attachment":[{"href":"https:\/\/motovitalex.md\/ru\/wp-json\/wp\/v2\/media?parent=3221"}],"wp:term":[{"taxonomy":"product_cat","embeddable":true,"href":"https:\/\/motovitalex.md\/ru\/wp-json\/wp\/v2\/product_cat?post=3221"},{"taxonomy":"product_tag","embeddable":true,"href":"https:\/\/motovitalex.md\/ru\/wp-json\/wp\/v2\/product_tag?post=3221"}],"curies":[{"name":"wp","href":"https:\/\/api.w.org\/{rel}","templated":true}]}}