{"id":3214,"date":"2025-01-21T14:26:07","date_gmt":"2025-01-21T14:26:07","guid":{"rendered":"https:\/\/motovitalex.md\/?post_type=product&#038;p=3214"},"modified":"2025-01-21T14:26:07","modified_gmt":"2025-01-21T14:26:07","slug":"motocultor-buivol-x195e-15","status":"publish","type":"product","link":"https:\/\/motovitalex.md\/ru\/product\/motocultor-buivol-x195e-15\/","title":{"rendered":"Motocultor Buivol X195E-15"},"content":{"rendered":"<div class=\"short-attribute\"><span style=\"color: #000000;\"><span class=\"attr-name\">Ad\u00e2ncime de prelucrare &#8211;<\/span><span class=\"attr-text\">100-200 mm<\/span><\/span><\/div>\n<div class=\"short-attribute\"><span style=\"color: #000000;\"><span class=\"attr-name\">Combustibil &#8211;<\/span><span class=\"attr-text\">diesel<\/span><\/span><\/div>\n<div class=\"short-attribute\"><span style=\"color: #000000;\"><span class=\"attr-name\">\u00cen plus &#8211;<\/span><span class=\"attr-text\">r\u0103cire cu ap\u0103<\/span><\/span><\/div>\n<div class=\"short-attribute\"><span style=\"color: #000000;\"><span class=\"attr-name\">L\u0103\u021bime de prelucrare &#8211;<\/span><span class=\"attr-text\">800-900 mm<\/span><\/span><\/div>\n<div class=\"short-attribute\"><span style=\"color: #000000;\"><span class=\"attr-name\">Num\u0103rul de viteze &#8211;<\/span><span class=\"attr-text\">6\/2 inainte\/inapoi<\/span><\/span><\/div>\n<div class=\"short-attribute\"><span style=\"color: #000000;\"><span class=\"attr-name\">Putere &#8211;<\/span><span class=\"attr-text\">15 c.p.<\/span><\/span><\/div>","protected":false},"excerpt":{"rendered":"<p>Ad\u00e2ncime de prelucrare &#8211;100-200 mm Combustibil &#8211;diesel \u00cen plus &#8211;r\u0103cire cu ap\u0103 L\u0103\u021bime de prelucrare &#8211;800-900 mm Num\u0103rul de viteze &#8211;6\/2 inainte\/inapoi Putere &#8211;15 c.p.<\/p>","protected":false},"featured_media":3215,"template":"","meta":[],"product_cat":[67],"product_tag":[],"class_list":{"0":"post-3214","1":"product","2":"type-product","3":"status-publish","4":"has-post-thumbnail","6":"product_cat-motocultoare","8":"first","9":"instock","10":"shipping-taxable","11":"product-type-simple"},"_links":{"self":[{"href":"https:\/\/motovitalex.md\/ru\/wp-json\/wp\/v2\/product\/3214","targetHints":{"allow":["GET"]}}],"collection":[{"href":"https:\/\/motovitalex.md\/ru\/wp-json\/wp\/v2\/product"}],"about":[{"href":"https:\/\/motovitalex.md\/ru\/wp-json\/wp\/v2\/types\/product"}],"version-history":[{"count":1,"href":"https:\/\/motovitalex.md\/ru\/wp-json\/wp\/v2\/product\/3214\/revisions"}],"predecessor-version":[{"id":3216,"href":"https:\/\/motovitalex.md\/ru\/wp-json\/wp\/v2\/product\/3214\/revisions\/3216"}],"wp:featuredmedia":[{"embeddable":true,"href":"https:\/\/motovitalex.md\/ru\/wp-json\/wp\/v2\/media\/3215"}],"wp:attachment":[{"href":"https:\/\/motovitalex.md\/ru\/wp-json\/wp\/v2\/media?parent=3214"}],"wp:term":[{"taxonomy":"product_cat","embeddable":true,"href":"https:\/\/motovitalex.md\/ru\/wp-json\/wp\/v2\/product_cat?post=3214"},{"taxonomy":"product_tag","embeddable":true,"href":"https:\/\/motovitalex.md\/ru\/wp-json\/wp\/v2\/product_tag?post=3214"}],"curies":[{"name":"wp","href":"https:\/\/api.w.org\/{rel}","templated":true}]}}