{"id":3197,"date":"2025-01-21T14:13:34","date_gmt":"2025-01-21T14:13:34","guid":{"rendered":"https:\/\/motovitalex.md\/?post_type=product&#038;p=3197"},"modified":"2025-01-21T14:13:34","modified_gmt":"2025-01-21T14:13:34","slug":"motocultivator-gherakl-x90e-15","status":"publish","type":"product","link":"https:\/\/motovitalex.md\/ru\/product\/motocultivator-gherakl-x90e-15\/","title":{"rendered":"Motocultivator Gherakl X90E-15"},"content":{"rendered":"<div class=\"short-attribute\"><span style=\"color: #000000;\"><span class=\"attr-name\">Ad\u00e2ncime de prelucrare &#8211;<\/span><span class=\"attr-text\">100-200 mm<\/span><\/span><\/div>\n<div class=\"short-attribute\"><span style=\"color: #000000;\"><span class=\"attr-name\">Greutatea &#8211;<\/span><span class=\"attr-text\">210 kg<\/span><\/span><\/div>\n<div class=\"short-attribute\"><span style=\"color: #000000;\"><span class=\"attr-name\">L\u0103\u021bime de prelucrare &#8211;<\/span><span class=\"attr-text\">800-900-1000 mm<\/span><\/span><\/div>\n<div class=\"short-attribute\"><span style=\"color: #000000;\"><span class=\"attr-name\">Putere &#8211;<\/span><span class=\"attr-text\">15 c.p.<\/span><\/span><\/div>\n<div class=\"short-attribute\"><span style=\"color: #000000;\"><span class=\"attr-name\">R\u0103cire &#8211;<\/span><span class=\"attr-text\">ap\u0103<\/span><\/span><\/div>\n<div class=\"short-attribute\"><span style=\"color: #000000;\"><span class=\"attr-name\">Sistem de pornire &#8211;<\/span><span class=\"attr-text\">pornire manual\u0103, electric\u0103<\/span><\/span><\/div>\n<div class=\"short-attribute\"><span style=\"color: #000000;\"><span class=\"attr-name\">Tip motor &#8211;<\/span><span class=\"attr-text\">4-timpi<\/span><\/span><\/div>","protected":false},"excerpt":{"rendered":"<p>Ad\u00e2ncime de prelucrare &#8211;100-200 mm Greutatea &#8211;210 kg L\u0103\u021bime de prelucrare &#8211;800-900-1000 mm Putere &#8211;15 c.p. R\u0103cire &#8211;ap\u0103 Sistem de pornire &#8211;pornire manual\u0103, electric\u0103 Tip motor &#8211;4-timpi<\/p>","protected":false},"featured_media":3198,"template":"","meta":[],"product_cat":[67],"product_tag":[],"class_list":{"0":"post-3197","1":"product","2":"type-product","3":"status-publish","4":"has-post-thumbnail","6":"product_cat-motocultoare","8":"first","9":"instock","10":"shipping-taxable","11":"product-type-simple"},"_links":{"self":[{"href":"https:\/\/motovitalex.md\/ru\/wp-json\/wp\/v2\/product\/3197","targetHints":{"allow":["GET"]}}],"collection":[{"href":"https:\/\/motovitalex.md\/ru\/wp-json\/wp\/v2\/product"}],"about":[{"href":"https:\/\/motovitalex.md\/ru\/wp-json\/wp\/v2\/types\/product"}],"version-history":[{"count":1,"href":"https:\/\/motovitalex.md\/ru\/wp-json\/wp\/v2\/product\/3197\/revisions"}],"predecessor-version":[{"id":3199,"href":"https:\/\/motovitalex.md\/ru\/wp-json\/wp\/v2\/product\/3197\/revisions\/3199"}],"wp:featuredmedia":[{"embeddable":true,"href":"https:\/\/motovitalex.md\/ru\/wp-json\/wp\/v2\/media\/3198"}],"wp:attachment":[{"href":"https:\/\/motovitalex.md\/ru\/wp-json\/wp\/v2\/media?parent=3197"}],"wp:term":[{"taxonomy":"product_cat","embeddable":true,"href":"https:\/\/motovitalex.md\/ru\/wp-json\/wp\/v2\/product_cat?post=3197"},{"taxonomy":"product_tag","embeddable":true,"href":"https:\/\/motovitalex.md\/ru\/wp-json\/wp\/v2\/product_tag?post=3197"}],"curies":[{"name":"wp","href":"https:\/\/api.w.org\/{rel}","templated":true}]}}