{"id":3181,"date":"2025-01-21T14:03:01","date_gmt":"2025-01-21T14:03:01","guid":{"rendered":"https:\/\/motovitalex.md\/?post_type=product&#038;p=3181"},"modified":"2025-01-21T14:03:01","modified_gmt":"2025-01-21T14:03:01","slug":"motocultivator-12-c-p-minsk-mk195ndl-racire-apa-diesel","status":"publish","type":"product","link":"https:\/\/motovitalex.md\/ru\/product\/motocultivator-12-c-p-minsk-mk195ndl-racire-apa-diesel\/","title":{"rendered":"Motocultivator 12 c.p. Minsk MK195NDL r\u0103cire ap\u0103, diesel"},"content":{"rendered":"<div class=\"short-attribute\"><span style=\"color: #000000;\"><span class=\"attr-name\">Ambreiaj &#8211;<\/span><span class=\"attr-text\">cu un singur disc, tip uscat, cu ambreiaj permanent, cu tip de frecare<\/span><\/span><\/div>\n<div><\/div>\n<div class=\"short-attribute\"><span style=\"color: #000000;\"><span class=\"attr-name\">Cutia de viteze &#8211;<\/span><span class=\"attr-text\">tip combinat (3 + 1) \u00d7 2, cu o transmisie dintr-o treapt\u0103 cilindric\u0103<\/span><\/span><\/div>\n<div><\/div>\n<div class=\"short-attribute\"><span style=\"color: #000000;\"><span class=\"attr-name\">Direc\u021bia de rota\u021bie a volantului &#8211;<\/span><span class=\"attr-text\">\u00een sens contrar acelor de ceasornic<\/span><\/span><\/div>\n<div><\/div>\n<div class=\"short-attribute\"><span style=\"color: #000000;\"><span class=\"attr-name\">Frecven\u021ba rota\u021biei PTO &#8211;<\/span><span class=\"attr-text\">1176 rot\/min<\/span><\/span><\/div>\n<div class=\"short-attribute\"><\/div>\n<div class=\"short-attribute\"><span style=\"color: #000000;\"><span class=\"attr-name\">Gard\u0103 la sol &#8211;<\/span><span class=\"attr-text\">210 mm<\/span><\/span><\/div>\n<div><\/div>\n<div class=\"short-attribute\"><span style=\"color: #000000;\"><span class=\"attr-name\">Greutatea balastului ro\u021bii de ac\u021biune &#8211;<\/span><span class=\"attr-text\">60 kg<\/span><\/span><\/div>\n<div><\/div>\n<div class=\"short-attribute\"><span style=\"color: #000000;\"><span class=\"attr-name\">Greutatea motorului &#8211;<\/span><span class=\"attr-text\">115 kg<\/span><\/span><\/div>\n<div><\/div>\n<div class=\"short-attribute\"><span style=\"color: #000000;\"><span class=\"attr-name\">Greutatea structural\u0103 a blocului motorului &#8211;<\/span><span class=\"attr-text\">215 kg<\/span><\/span><\/div>\n<div><\/div>\n<div class=\"short-attribute\"><span style=\"color: #000000;\"><span class=\"attr-name\">Masa nominal\u0103 de \u00eenc\u0103rcare pentru remorc\u0103 &#8211;<\/span><span class=\"attr-text\">750 kg<\/span><\/span><\/div>","protected":false},"excerpt":{"rendered":"<p>Ambreiaj &#8211;cu un singur disc, tip uscat, cu ambreiaj permanent, cu tip de frecare Cutia de viteze &#8211;tip combinat (3 + 1) \u00d7 2, cu o transmisie dintr-o treapt\u0103 cilindric\u0103 Direc\u021bia de rota\u021bie a volantului &#8211;\u00een sens contrar acelor de ceasornic Frecven\u021ba rota\u021biei PTO &#8211;1176 rot\/min Gard\u0103 la sol &#8211;210 mm Greutatea balastului ro\u021bii de&hellip;<\/p>","protected":false},"featured_media":3182,"template":"","meta":[],"product_cat":[67],"product_tag":[],"class_list":{"0":"post-3181","1":"product","2":"type-product","3":"status-publish","4":"has-post-thumbnail","6":"product_cat-motocultoare","8":"first","9":"instock","10":"shipping-taxable","11":"product-type-simple"},"_links":{"self":[{"href":"https:\/\/motovitalex.md\/ru\/wp-json\/wp\/v2\/product\/3181","targetHints":{"allow":["GET"]}}],"collection":[{"href":"https:\/\/motovitalex.md\/ru\/wp-json\/wp\/v2\/product"}],"about":[{"href":"https:\/\/motovitalex.md\/ru\/wp-json\/wp\/v2\/types\/product"}],"version-history":[{"count":1,"href":"https:\/\/motovitalex.md\/ru\/wp-json\/wp\/v2\/product\/3181\/revisions"}],"predecessor-version":[{"id":3183,"href":"https:\/\/motovitalex.md\/ru\/wp-json\/wp\/v2\/product\/3181\/revisions\/3183"}],"wp:featuredmedia":[{"embeddable":true,"href":"https:\/\/motovitalex.md\/ru\/wp-json\/wp\/v2\/media\/3182"}],"wp:attachment":[{"href":"https:\/\/motovitalex.md\/ru\/wp-json\/wp\/v2\/media?parent=3181"}],"wp:term":[{"taxonomy":"product_cat","embeddable":true,"href":"https:\/\/motovitalex.md\/ru\/wp-json\/wp\/v2\/product_cat?post=3181"},{"taxonomy":"product_tag","embeddable":true,"href":"https:\/\/motovitalex.md\/ru\/wp-json\/wp\/v2\/product_tag?post=3181"}],"curies":[{"name":"wp","href":"https:\/\/api.w.org\/{rel}","templated":true}]}}