{"id":3163,"date":"2025-01-20T16:03:02","date_gmt":"2025-01-20T16:03:02","guid":{"rendered":"https:\/\/motovitalex.md\/?post_type=product&#038;p=3163"},"modified":"2025-01-20T16:03:02","modified_gmt":"2025-01-20T16:03:02","slug":"motocultor-diesel-vostok-1050dek","status":"publish","type":"product","link":"https:\/\/motovitalex.md\/ru\/product\/motocultor-diesel-vostok-1050dek\/","title":{"rendered":"Motocultor Diesel Vostok 1050DEK"},"content":{"rendered":"<div class=\"short-attribute\"><span style=\"color: #000000;\"><span class=\"attr-name\">Ad\u00e2ncime de prelucrare &#8211;<\/span><span class=\"attr-text\">15- 30 cm<\/span><\/span><\/div>\n<div><\/div>\n<div class=\"short-attribute\"><span style=\"color: #000000;\"><span class=\"attr-name\">Combustibil &#8211;<\/span><span class=\"attr-text\">diesel<\/span><\/span><\/div>\n<div><\/div>\n<div class=\"short-attribute\"><span style=\"color: #000000;\"><span class=\"attr-name\">Dimensiuni ro\u021bi &#8211;<\/span><span class=\"attr-text\">4.00-10<\/span><\/span><\/div>\n<div class=\"short-attribute\"><\/div>\n<div class=\"short-attribute\"><span style=\"color: #000000;\"><span class=\"attr-name\">L\u0103\u021bime de prelucrare &#8211;<\/span><span class=\"attr-text\">50-80-110 cm<\/span><\/span><\/div>\n<div class=\"short-attribute\"><\/div>\n<div class=\"short-attribute\"><span style=\"color: #000000;\"><span class=\"attr-name\">Putere &#8211;<\/span><span class=\"attr-text\">7 c.p.<\/span><\/span><\/div>\n<div><\/div>\n<div class=\"short-attribute\"><span style=\"color: #000000;\"><span class=\"attr-name\">Sistem racire &#8211;<\/span><span class=\"attr-text\">aer<\/span><\/span><\/div>\n<div><\/div>\n<div class=\"short-attribute\"><span style=\"color: #000000;\"><span class=\"attr-name\">Tip pornire &#8211;<\/span><span class=\"attr-text\">Demaror electric \/ manual<\/span><\/span><\/div>\n<div><\/div>\n<div class=\"short-attribute\"><span style=\"color: #000000;\"><span class=\"attr-name\">Trepte de vitez\u0103 &#8211;<\/span><span class=\"attr-text\">2 \u00eenainte, 1 \u00eenapoi<\/span><\/span><\/div>","protected":false},"excerpt":{"rendered":"<p>Ad\u00e2ncime de prelucrare &#8211;15- 30 cm Combustibil &#8211;diesel Dimensiuni ro\u021bi &#8211;4.00-10 L\u0103\u021bime de prelucrare &#8211;50-80-110 cm Putere &#8211;7 c.p. Sistem racire &#8211;aer Tip pornire &#8211;Demaror electric \/ manual Trepte de vitez\u0103 &#8211;2 \u00eenainte, 1 \u00eenapoi<\/p>","protected":false},"featured_media":3164,"template":"","meta":[],"product_cat":[67],"product_tag":[],"class_list":{"0":"post-3163","1":"product","2":"type-product","3":"status-publish","4":"has-post-thumbnail","6":"product_cat-motocultoare","8":"first","9":"instock","10":"shipping-taxable","11":"product-type-simple"},"_links":{"self":[{"href":"https:\/\/motovitalex.md\/ru\/wp-json\/wp\/v2\/product\/3163","targetHints":{"allow":["GET"]}}],"collection":[{"href":"https:\/\/motovitalex.md\/ru\/wp-json\/wp\/v2\/product"}],"about":[{"href":"https:\/\/motovitalex.md\/ru\/wp-json\/wp\/v2\/types\/product"}],"version-history":[{"count":1,"href":"https:\/\/motovitalex.md\/ru\/wp-json\/wp\/v2\/product\/3163\/revisions"}],"predecessor-version":[{"id":3165,"href":"https:\/\/motovitalex.md\/ru\/wp-json\/wp\/v2\/product\/3163\/revisions\/3165"}],"wp:featuredmedia":[{"embeddable":true,"href":"https:\/\/motovitalex.md\/ru\/wp-json\/wp\/v2\/media\/3164"}],"wp:attachment":[{"href":"https:\/\/motovitalex.md\/ru\/wp-json\/wp\/v2\/media?parent=3163"}],"wp:term":[{"taxonomy":"product_cat","embeddable":true,"href":"https:\/\/motovitalex.md\/ru\/wp-json\/wp\/v2\/product_cat?post=3163"},{"taxonomy":"product_tag","embeddable":true,"href":"https:\/\/motovitalex.md\/ru\/wp-json\/wp\/v2\/product_tag?post=3163"}],"curies":[{"name":"wp","href":"https:\/\/api.w.org\/{rel}","templated":true}]}}