{"id":3123,"date":"2025-01-20T14:32:17","date_gmt":"2025-01-20T14:32:17","guid":{"rendered":"https:\/\/motovitalex.md\/?post_type=product&#038;p=3123"},"modified":"2025-01-20T14:32:17","modified_gmt":"2025-01-20T14:32:17","slug":"tractor-gherakl-6504fc-50-c-p","status":"publish","type":"product","link":"https:\/\/motovitalex.md\/ru\/product\/tractor-gherakl-6504fc-50-c-p\/","title":{"rendered":"Tractor Gherakl 6504FC 50 c.p."},"content":{"rendered":"<div class=\"short-attribute\"><span style=\"color: #000000;\"><span class=\"attr-name\">Altele &#8211;<\/span><span class=\"attr-text\">Priz\u0103 electric\u0103 pentru remorc\u0103 \/ Sistem audio cu USB \/ Cabin\u0103 cu \u00eenc\u0103lzire<\/span><\/span><\/div>\n<div><\/div>\n<div class=\"short-attribute\"><span style=\"color: #000000;\"><span class=\"attr-text\"> \u0219i ventilator<\/span><\/span><\/div>\n<div><\/div>\n<div class=\"short-attribute\"><span style=\"color: #000000;\"><span class=\"attr-name\">Baterie &#8211;<\/span><span class=\"attr-text\">12\u0412 V<\/span><\/span><\/div>\n<div><\/div>\n<div class=\"short-attribute\"><span style=\"color: #000000;\"><span class=\"attr-name\">Capacitate max. de ridicare mecanizmului de suspendare &#8211;<\/span><span class=\"attr-text\">800 kg<\/span><\/span><\/div>\n<div><\/div>\n<div class=\"short-attribute\"><span style=\"color: #000000;\"><span class=\"attr-name\">Contragreuta\u021bi &#8211;<\/span><span class=\"attr-text\">fa\u021b\u0103\/spate<\/span><\/span><\/div>\n<div><\/div>\n<div class=\"short-attribute\"><span style=\"color: #000000;\"><span class=\"attr-name\">Control volan &#8211;<\/span><span class=\"attr-text\">hidraulic<\/span><\/span><\/div>\n<div><\/div>\n<div class=\"short-attribute\"><span style=\"color: #000000;\"><span class=\"attr-name\">Dimensiune ro\u021bi &#8211;<\/span><span class=\"attr-text\">fa\u021b\u0103 &#8211; 8.3-20\/spate -12.4-28<\/span><\/span><\/div>\n<div><\/div>\n<div class=\"short-attribute\"><span style=\"color: #000000;\"><span class=\"attr-name\">Masa tractorului &#8211;<\/span><span class=\"attr-text\">1910 lg<\/span><\/span><\/div>\n<div><\/div>\n<div class=\"short-attribute\"><span style=\"color: #000000;\"><span class=\"attr-name\">Priz\u0103 de putere &#8211;<\/span><span class=\"attr-text\">540\/720<\/span><\/span><\/div>\n<div><\/div>\n<div class=\"short-attribute\"><span style=\"color: #000000;\"><span class=\"attr-name\">Prize hidraulice &#8211;<\/span><span class=\"attr-text\">2 intrari, 2 iesiri<\/span><\/span><\/div>\n<div><\/div>\n<div class=\"short-attribute\"><span style=\"color: #000000;\"><span class=\"attr-name\">Putere &#8211;<\/span><span class=\"attr-text\">50 c.p.<\/span><\/span><\/div>","protected":false},"excerpt":{"rendered":"<p>Altele &#8211;Priz\u0103 electric\u0103 pentru remorc\u0103 \/ Sistem audio cu USB \/ Cabin\u0103 cu \u00eenc\u0103lzire \u0219i ventilator Baterie &#8211;12\u0412 V Capacitate max. de ridicare mecanizmului de suspendare &#8211;800 kg Contragreuta\u021bi &#8211;fa\u021b\u0103\/spate Control volan &#8211;hidraulic Dimensiune ro\u021bi &#8211;fa\u021b\u0103 &#8211; 8.3-20\/spate -12.4-28 Masa tractorului &#8211;1910 lg Priz\u0103 de putere &#8211;540\/720 Prize hidraulice &#8211;2 intrari, 2 iesiri Putere &#8211;50&hellip;<\/p>","protected":false},"featured_media":3124,"template":"","meta":[],"product_cat":[66],"product_tag":[],"class_list":{"0":"post-3123","1":"product","2":"type-product","3":"status-publish","4":"has-post-thumbnail","6":"product_cat-tractoare","8":"first","9":"instock","10":"shipping-taxable","11":"product-type-simple"},"_links":{"self":[{"href":"https:\/\/motovitalex.md\/ru\/wp-json\/wp\/v2\/product\/3123","targetHints":{"allow":["GET"]}}],"collection":[{"href":"https:\/\/motovitalex.md\/ru\/wp-json\/wp\/v2\/product"}],"about":[{"href":"https:\/\/motovitalex.md\/ru\/wp-json\/wp\/v2\/types\/product"}],"version-history":[{"count":1,"href":"https:\/\/motovitalex.md\/ru\/wp-json\/wp\/v2\/product\/3123\/revisions"}],"predecessor-version":[{"id":3125,"href":"https:\/\/motovitalex.md\/ru\/wp-json\/wp\/v2\/product\/3123\/revisions\/3125"}],"wp:featuredmedia":[{"embeddable":true,"href":"https:\/\/motovitalex.md\/ru\/wp-json\/wp\/v2\/media\/3124"}],"wp:attachment":[{"href":"https:\/\/motovitalex.md\/ru\/wp-json\/wp\/v2\/media?parent=3123"}],"wp:term":[{"taxonomy":"product_cat","embeddable":true,"href":"https:\/\/motovitalex.md\/ru\/wp-json\/wp\/v2\/product_cat?post=3123"},{"taxonomy":"product_tag","embeddable":true,"href":"https:\/\/motovitalex.md\/ru\/wp-json\/wp\/v2\/product_tag?post=3123"}],"curies":[{"name":"wp","href":"https:\/\/api.w.org\/{rel}","templated":true}]}}