{"id":3117,"date":"2025-01-20T14:27:38","date_gmt":"2025-01-20T14:27:38","guid":{"rendered":"https:\/\/motovitalex.md\/?post_type=product&#038;p=3117"},"modified":"2025-01-20T14:27:38","modified_gmt":"2025-01-20T14:27:38","slug":"minitractor-minsk-mcc25-pto-25-c-p","status":"publish","type":"product","link":"https:\/\/motovitalex.md\/ru\/product\/minitractor-minsk-mcc25-pto-25-c-p\/","title":{"rendered":"Minitractor Minsk MCC25 PTO 25 c.p."},"content":{"rendered":"<div class=\"short-attribute\"><span style=\"color: #000000;\"><span class=\"attr-name\">Altele &#8211;<\/span><span class=\"attr-text\">Toba de esapament din inox<\/span><\/span><\/div>\n<div class=\"short-attribute\"><\/div>\n<div class=\"short-attribute\"><span style=\"color: #000000;\"><span class=\"attr-name\">Lungimea frezei &#8211;<\/span><span class=\"attr-text\">1,4 m<\/span><\/span><\/div>\n<div><\/div>\n<div class=\"short-attribute\"><span style=\"color: #000000;\"><span class=\"attr-name\">Putere &#8211;<\/span><span class=\"attr-text\">25 c.p.<\/span><\/span><\/div>\n<div><\/div>\n<div class=\"short-attribute\"><span style=\"color: #000000;\"><span class=\"attr-name\">Roti spate &#8211;<\/span><span class=\"attr-text\">9,5-16<\/span><\/span><\/div>\n<div><\/div>\n<div class=\"short-attribute\"><span style=\"color: #000000;\"><span class=\"attr-name\">Sistem racire &#8211;<\/span><span class=\"attr-text\">pe ap\u0103<\/span><\/span><\/div>\n<div><\/div>\n<div class=\"short-attribute\"><span style=\"color: #000000;\"><span class=\"attr-name\">Tip motor &#8211;<\/span><span class=\"attr-text\">diesel, \u00een 4 timpi<\/span><\/span><\/div>\n<div><\/div>\n<div class=\"short-attribute\"><span style=\"color: #000000;\"><span class=\"attr-name\">Tipul de plug &#8211;<\/span><span class=\"attr-text\">cu dou\u0103 corpuri<\/span><\/span><\/div>\n<div><\/div>\n<div class=\"short-attribute\"><span style=\"color: #000000;\"><span class=\"attr-name\">Transmisie &#8211;<\/span><span class=\"attr-text\">din spate, prin cardan<\/span><\/span><\/div>","protected":false},"excerpt":{"rendered":"<p>Altele &#8211;Toba de esapament din inox Lungimea frezei &#8211;1,4 m Putere &#8211;25 c.p. Roti spate &#8211;9,5-16 Sistem racire &#8211;pe ap\u0103 Tip motor &#8211;diesel, \u00een 4 timpi Tipul de plug &#8211;cu dou\u0103 corpuri Transmisie &#8211;din spate, prin cardan<\/p>","protected":false},"featured_media":3118,"template":"","meta":[],"product_cat":[66],"product_tag":[],"class_list":{"0":"post-3117","1":"product","2":"type-product","3":"status-publish","4":"has-post-thumbnail","6":"product_cat-tractoare","8":"first","9":"instock","10":"shipping-taxable","11":"product-type-simple"},"_links":{"self":[{"href":"https:\/\/motovitalex.md\/ru\/wp-json\/wp\/v2\/product\/3117","targetHints":{"allow":["GET"]}}],"collection":[{"href":"https:\/\/motovitalex.md\/ru\/wp-json\/wp\/v2\/product"}],"about":[{"href":"https:\/\/motovitalex.md\/ru\/wp-json\/wp\/v2\/types\/product"}],"version-history":[{"count":1,"href":"https:\/\/motovitalex.md\/ru\/wp-json\/wp\/v2\/product\/3117\/revisions"}],"predecessor-version":[{"id":3119,"href":"https:\/\/motovitalex.md\/ru\/wp-json\/wp\/v2\/product\/3117\/revisions\/3119"}],"wp:featuredmedia":[{"embeddable":true,"href":"https:\/\/motovitalex.md\/ru\/wp-json\/wp\/v2\/media\/3118"}],"wp:attachment":[{"href":"https:\/\/motovitalex.md\/ru\/wp-json\/wp\/v2\/media?parent=3117"}],"wp:term":[{"taxonomy":"product_cat","embeddable":true,"href":"https:\/\/motovitalex.md\/ru\/wp-json\/wp\/v2\/product_cat?post=3117"},{"taxonomy":"product_tag","embeddable":true,"href":"https:\/\/motovitalex.md\/ru\/wp-json\/wp\/v2\/product_tag?post=3117"}],"curies":[{"name":"wp","href":"https:\/\/api.w.org\/{rel}","templated":true}]}}