{"id":3114,"date":"2025-01-20T14:25:15","date_gmt":"2025-01-20T14:25:15","guid":{"rendered":"https:\/\/motovitalex.md\/?post_type=product&#038;p=3114"},"modified":"2025-01-20T14:25:15","modified_gmt":"2025-01-20T14:25:15","slug":"minitractor-minsk-25c-p-4x4-3-cilindri","status":"publish","type":"product","link":"https:\/\/motovitalex.md\/ru\/product\/minitractor-minsk-25c-p-4x4-3-cilindri\/","title":{"rendered":"Minitractor Minsk 25C.P. 4\u00d74, 3 cilindri"},"content":{"rendered":"<div class=\"short-attribute\"><span style=\"color: #000000;\"><span class=\"attr-name\">Arbore al prizei de putere standard &#8211;<\/span><span class=\"attr-text\">turatia, min-1: 540 \/ diametrul sliturilor : 35 \/<\/span><\/span><\/div>\n<div><\/div>\n<div class=\"short-attribute\"><span style=\"color: #000000;\"><span class=\"attr-text\"> directia de rotatie in sens orar<\/span><\/span><\/div>\n<div><\/div>\n<div class=\"short-attribute\"><span style=\"color: #000000;\"><span class=\"attr-name\">Axul din fata &#8211;<\/span><span class=\"attr-text\">tubular<\/span><\/span><\/div>\n<div><\/div>\n<div class=\"short-attribute\"><span style=\"color: #000000;\"><span class=\"attr-name\">Capacitate maxim\u0103 de \u00eenc\u0103rcare &#8211;<\/span><span class=\"attr-text\">2,73<\/span><\/span><\/div>\n<div><\/div>\n<div class=\"short-attribute\"><span style=\"color: #000000;\"><span class=\"attr-name\">Capacitatea cilindrica &#8211;<\/span><span class=\"attr-text\">1356 cc<\/span><\/span><\/div>\n<div><\/div>\n<div class=\"short-attribute\"><span style=\"color: #000000;\"><span class=\"attr-name\">Cilindru &#8211;<\/span><span class=\"attr-text\">actiune unilaterala<\/span><\/span><\/div>\n<div><\/div>\n<div class=\"short-attribute\"><span style=\"color: #000000;\"><span class=\"attr-name\">Consumul specific de combustibil &#8211;<\/span><span class=\"attr-text\">\u2264250 (g\/kWh)<\/span><\/span><\/div>\n<div><\/div>\n<div class=\"short-attribute\"><span style=\"color: #000000;\"><span class=\"attr-name\">Consumul specific de ulei &#8211;<\/span><span class=\"attr-text\">\u2264 2,04 (g\/kWh)<\/span><\/span><\/div>\n<div><\/div>\n<div class=\"short-attribute\"><span style=\"color: #000000;\"><span class=\"attr-name\">Cutia de viteze &#8211;<\/span><span class=\"attr-text\">(3+1)x2, manuala, constitutiva<\/span><\/span><\/div>\n<div><\/div>\n<div class=\"short-attribute\"><span style=\"color: #000000;\"><span class=\"attr-name\">Diametrul cilindrului x cursa pistonului &#8211;<\/span><span class=\"attr-text\">80\u00d790 mm<\/span><\/span><\/div>\n<div><\/div>\n<div class=\"short-attribute\"><span style=\"color: #000000;\"><span class=\"attr-name\">Diferential &#8211;<\/span><span class=\"attr-text\">cu doua conuri, cu sateliti<\/span><\/span><\/div>","protected":false},"excerpt":{"rendered":"<p>Arbore al prizei de putere standard &#8211;turatia, min-1: 540 \/ diametrul sliturilor : 35 \/ directia de rotatie in sens orar Axul din fata &#8211;tubular Capacitate maxim\u0103 de \u00eenc\u0103rcare &#8211;2,73 Capacitatea cilindrica &#8211;1356 cc Cilindru &#8211;actiune unilaterala Consumul specific de combustibil &#8211;\u2264250 (g\/kWh) Consumul specific de ulei &#8211;\u2264 2,04 (g\/kWh) Cutia de viteze &#8211;(3+1)x2, manuala,&hellip;<\/p>","protected":false},"featured_media":3115,"template":"","meta":[],"product_cat":[66],"product_tag":[],"class_list":{"0":"post-3114","1":"product","2":"type-product","3":"status-publish","4":"has-post-thumbnail","6":"product_cat-tractoare","8":"first","9":"instock","10":"shipping-taxable","11":"product-type-simple"},"_links":{"self":[{"href":"https:\/\/motovitalex.md\/ru\/wp-json\/wp\/v2\/product\/3114","targetHints":{"allow":["GET"]}}],"collection":[{"href":"https:\/\/motovitalex.md\/ru\/wp-json\/wp\/v2\/product"}],"about":[{"href":"https:\/\/motovitalex.md\/ru\/wp-json\/wp\/v2\/types\/product"}],"version-history":[{"count":1,"href":"https:\/\/motovitalex.md\/ru\/wp-json\/wp\/v2\/product\/3114\/revisions"}],"predecessor-version":[{"id":3116,"href":"https:\/\/motovitalex.md\/ru\/wp-json\/wp\/v2\/product\/3114\/revisions\/3116"}],"wp:featuredmedia":[{"embeddable":true,"href":"https:\/\/motovitalex.md\/ru\/wp-json\/wp\/v2\/media\/3115"}],"wp:attachment":[{"href":"https:\/\/motovitalex.md\/ru\/wp-json\/wp\/v2\/media?parent=3114"}],"wp:term":[{"taxonomy":"product_cat","embeddable":true,"href":"https:\/\/motovitalex.md\/ru\/wp-json\/wp\/v2\/product_cat?post=3114"},{"taxonomy":"product_tag","embeddable":true,"href":"https:\/\/motovitalex.md\/ru\/wp-json\/wp\/v2\/product_tag?post=3114"}],"curies":[{"name":"wp","href":"https:\/\/api.w.org\/{rel}","templated":true}]}}