{"id":3105,"date":"2025-01-20T14:16:35","date_gmt":"2025-01-20T14:16:35","guid":{"rendered":"https:\/\/motovitalex.md\/?post_type=product&#038;p=3105"},"modified":"2025-01-20T14:16:36","modified_gmt":"2025-01-20T14:16:36","slug":"minitractor-zubr-15-c-p","status":"publish","type":"product","link":"https:\/\/motovitalex.md\/ru\/product\/minitractor-zubr-15-c-p\/","title":{"rendered":"Minitractor Zubr 15 c.p."},"content":{"rendered":"<div class=\"short-attribute\"><span style=\"color: #000000;\"><span class=\"attr-name\">Altele &#8211;<\/span><span class=\"attr-text\">Curea ambreiajului, Tambur de fr\u00e2n\u0103<\/span><\/span><\/div>\n<div><\/div>\n<div class=\"short-attribute\"><span style=\"color: #000000;\"><span class=\"attr-name\">Combustibil &#8211;<\/span><span class=\"attr-text\">Motorina<\/span><\/span><\/div>\n<div><\/div>\n<div class=\"short-attribute\"><span style=\"color: #000000;\"><span class=\"attr-name\">Culoare &#8211;<\/span><span class=\"attr-text\">Ro\u0219u, verde, albastru<\/span><\/span><\/div>\n<div><\/div>\n<div class=\"short-attribute\"><span style=\"color: #000000;\"><span class=\"attr-name\">Dimensiunile ro\u021bilor din spate &#8211;<\/span><span class=\"attr-text\">6,50-16<\/span><\/span><\/div>\n<div class=\"short-attribute\"><\/div>\n<div class=\"short-attribute\"><span style=\"color: #000000;\"><span class=\"attr-name\">Motor &#8211;<\/span><span class=\"attr-text\">4 timpi<\/span><\/span><\/div>\n<div><\/div>\n<div class=\"short-attribute\"><span style=\"color: #000000;\"><span class=\"attr-name\">Num\u0103rul de viteze &#8211;<\/span><span class=\"attr-text\">6<\/span><\/span><\/div>\n<div><\/div>\n<div class=\"short-attribute\"><span style=\"color: #000000;\"><span class=\"attr-name\">Putere &#8211;<\/span><span class=\"attr-text\">15 c.p.<\/span><\/span><\/div>\n<div><\/div>\n<div class=\"short-attribute\"><span style=\"color: #000000;\"><span class=\"attr-name\">R\u0103cire &#8211;<\/span><span class=\"attr-text\">Ap\u0103<\/span><\/span><\/div>","protected":false},"excerpt":{"rendered":"<p>Altele &#8211;Curea ambreiajului, Tambur de fr\u00e2n\u0103 Combustibil &#8211;Motorina Culoare &#8211;Ro\u0219u, verde, albastru Dimensiunile ro\u021bilor din spate &#8211;6,50-16 Motor &#8211;4 timpi Num\u0103rul de viteze &#8211;6 Putere &#8211;15 c.p. R\u0103cire &#8211;Ap\u0103<\/p>","protected":false},"featured_media":3106,"template":"","meta":[],"product_cat":[66],"product_tag":[],"class_list":{"0":"post-3105","1":"product","2":"type-product","3":"status-publish","4":"has-post-thumbnail","6":"product_cat-tractoare","8":"first","9":"instock","10":"shipping-taxable","11":"product-type-simple"},"_links":{"self":[{"href":"https:\/\/motovitalex.md\/ru\/wp-json\/wp\/v2\/product\/3105","targetHints":{"allow":["GET"]}}],"collection":[{"href":"https:\/\/motovitalex.md\/ru\/wp-json\/wp\/v2\/product"}],"about":[{"href":"https:\/\/motovitalex.md\/ru\/wp-json\/wp\/v2\/types\/product"}],"version-history":[{"count":1,"href":"https:\/\/motovitalex.md\/ru\/wp-json\/wp\/v2\/product\/3105\/revisions"}],"predecessor-version":[{"id":3107,"href":"https:\/\/motovitalex.md\/ru\/wp-json\/wp\/v2\/product\/3105\/revisions\/3107"}],"wp:featuredmedia":[{"embeddable":true,"href":"https:\/\/motovitalex.md\/ru\/wp-json\/wp\/v2\/media\/3106"}],"wp:attachment":[{"href":"https:\/\/motovitalex.md\/ru\/wp-json\/wp\/v2\/media?parent=3105"}],"wp:term":[{"taxonomy":"product_cat","embeddable":true,"href":"https:\/\/motovitalex.md\/ru\/wp-json\/wp\/v2\/product_cat?post=3105"},{"taxonomy":"product_tag","embeddable":true,"href":"https:\/\/motovitalex.md\/ru\/wp-json\/wp\/v2\/product_tag?post=3105"}],"curies":[{"name":"wp","href":"https:\/\/api.w.org\/{rel}","templated":true}]}}