{"id":3099,"date":"2025-01-20T14:11:35","date_gmt":"2025-01-20T14:11:35","guid":{"rendered":"https:\/\/motovitalex.md\/?post_type=product&#038;p=3099"},"modified":"2025-01-20T14:11:35","modified_gmt":"2025-01-20T14:11:35","slug":"minitractor-zubr-4%d1%854-24-c-p","status":"publish","type":"product","link":"https:\/\/motovitalex.md\/ru\/product\/minitractor-zubr-4%d1%854-24-c-p\/","title":{"rendered":"Minitractor Zubr 4\u04454 , 24 c.p."},"content":{"rendered":"<div class=\"short-attribute\"><span style=\"color: #000000;\"><span class=\"attr-name\">Ac\u021bionare &#8211;<\/span><span class=\"attr-text\">Tractiune integrala 4&#215;4<\/span><\/span><\/div>\n<div class=\"short-attribute\"><\/div>\n<div class=\"short-attribute\"><span style=\"color: #000000;\"><span class=\"attr-name\">Num\u0103rul de cilindri &#8211;<\/span><span class=\"attr-text\">1<\/span><\/span><\/div>\n<div class=\"short-attribute\"><\/div>\n<div class=\"short-attribute\"><span style=\"color: #000000;\"><span class=\"attr-name\">Puterea absorbit\u0103 &#8211;<\/span><span class=\"attr-text\">24 c.p.<\/span><\/span><\/div>\n<div><\/div>\n<div class=\"short-attribute\"><span style=\"color: #000000;\"><span class=\"attr-name\">R\u0103cire &#8211;<\/span><span class=\"attr-text\">Lichid<\/span><\/span><\/div>\n<div><\/div>\n<div class=\"short-attribute\"><span style=\"color: #000000;\"><span class=\"attr-name\">Tip de propulsie &#8211;<\/span><span class=\"attr-text\">Cardan<\/span><\/span><\/div>\n<div><\/div>\n<div class=\"short-attribute\"><span style=\"color: #000000;\"><span class=\"attr-name\">Tip motor &#8211;<\/span><span class=\"attr-text\">diesel<\/span><\/span><\/div>","protected":false},"excerpt":{"rendered":"<p>Ac\u021bionare &#8211;Tractiune integrala 4&#215;4 Num\u0103rul de cilindri &#8211;1 Puterea absorbit\u0103 &#8211;24 c.p. R\u0103cire &#8211;Lichid Tip de propulsie &#8211;Cardan Tip motor &#8211;diesel<\/p>","protected":false},"featured_media":3100,"template":"","meta":[],"product_cat":[66],"product_tag":[],"class_list":{"0":"post-3099","1":"product","2":"type-product","3":"status-publish","4":"has-post-thumbnail","6":"product_cat-tractoare","8":"first","9":"instock","10":"shipping-taxable","11":"product-type-simple"},"_links":{"self":[{"href":"https:\/\/motovitalex.md\/ru\/wp-json\/wp\/v2\/product\/3099","targetHints":{"allow":["GET"]}}],"collection":[{"href":"https:\/\/motovitalex.md\/ru\/wp-json\/wp\/v2\/product"}],"about":[{"href":"https:\/\/motovitalex.md\/ru\/wp-json\/wp\/v2\/types\/product"}],"version-history":[{"count":1,"href":"https:\/\/motovitalex.md\/ru\/wp-json\/wp\/v2\/product\/3099\/revisions"}],"predecessor-version":[{"id":3101,"href":"https:\/\/motovitalex.md\/ru\/wp-json\/wp\/v2\/product\/3099\/revisions\/3101"}],"wp:featuredmedia":[{"embeddable":true,"href":"https:\/\/motovitalex.md\/ru\/wp-json\/wp\/v2\/media\/3100"}],"wp:attachment":[{"href":"https:\/\/motovitalex.md\/ru\/wp-json\/wp\/v2\/media?parent=3099"}],"wp:term":[{"taxonomy":"product_cat","embeddable":true,"href":"https:\/\/motovitalex.md\/ru\/wp-json\/wp\/v2\/product_cat?post=3099"},{"taxonomy":"product_tag","embeddable":true,"href":"https:\/\/motovitalex.md\/ru\/wp-json\/wp\/v2\/product_tag?post=3099"}],"curies":[{"name":"wp","href":"https:\/\/api.w.org\/{rel}","templated":true}]}}