{"id":3093,"date":"2025-01-20T14:07:08","date_gmt":"2025-01-20T14:07:08","guid":{"rendered":"https:\/\/motovitalex.md\/?post_type=product&#038;p=3093"},"modified":"2025-01-20T14:07:08","modified_gmt":"2025-01-20T14:07:08","slug":"minitractor-zubr-20-c-p","status":"publish","type":"product","link":"https:\/\/motovitalex.md\/ru\/product\/minitractor-zubr-20-c-p\/","title":{"rendered":"Minitractor Zubr 20 c.p."},"content":{"rendered":"<div class=\"short-attribute\"><span style=\"color: #000000;\"><span class=\"attr-name\">Ac\u021bionare &#8211;<\/span><span class=\"attr-text\">4&#215;2<\/span><\/span><\/div>\n<div><\/div>\n<div class=\"short-attribute\"><span style=\"color: #000000;\"><span class=\"attr-name\">Consumul de combustibil &#8211;<\/span><span class=\"attr-text\">258,5 g\/kW*or\u0103<\/span><\/span><\/div>\n<div><\/div>\n<div class=\"short-attribute\"><span style=\"color: #000000;\"><span class=\"attr-name\">Culoare &#8211;<\/span><span class=\"attr-text\">ro\u0219u, verde, albastru<\/span><\/span><\/div>\n<div><\/div>\n<div class=\"short-attribute\"><span style=\"color: #000000;\"><span class=\"attr-name\">Num\u0103rul de viteze &#8211;<\/span><span class=\"attr-text\">6 \u00eenainte \/ 2 \u00eenapoi<\/span><\/span><\/div>\n<div class=\"short-attribute\"><\/div>\n<div class=\"short-attribute\"><span style=\"color: #000000;\"><span class=\"attr-name\">Puterea absorbit\u0103 &#8211;<\/span><span class=\"attr-text\">20 c.p.<\/span><\/span><\/div>\n<div><\/div>\n<div class=\"short-attribute\"><span style=\"color: #000000;\"><span class=\"attr-name\">Sistemul de fr\u00e2nare &#8211;<\/span><span class=\"attr-text\">frane cu tambur pe rotile din spate<\/span><\/span><\/div>\n<div><\/div>\n<div class=\"short-attribute\"><span style=\"color: #000000;\"><span class=\"attr-name\">Tipul de transmisie &#8211;<\/span><span class=\"attr-text\">transmisie prin curea<\/span><\/span><\/div>","protected":false},"excerpt":{"rendered":"<p>Ac\u021bionare &#8211;4&#215;2 Consumul de combustibil &#8211;258,5 g\/kW*or\u0103 Culoare &#8211;ro\u0219u, verde, albastru Num\u0103rul de viteze &#8211;6 \u00eenainte \/ 2 \u00eenapoi Puterea absorbit\u0103 &#8211;20 c.p. Sistemul de fr\u00e2nare &#8211;frane cu tambur pe rotile din spate Tipul de transmisie &#8211;transmisie prin curea<\/p>","protected":false},"featured_media":3094,"template":"","meta":[],"product_cat":[66],"product_tag":[],"class_list":{"0":"post-3093","1":"product","2":"type-product","3":"status-publish","4":"has-post-thumbnail","6":"product_cat-tractoare","8":"first","9":"instock","10":"shipping-taxable","11":"product-type-simple"},"_links":{"self":[{"href":"https:\/\/motovitalex.md\/ru\/wp-json\/wp\/v2\/product\/3093","targetHints":{"allow":["GET"]}}],"collection":[{"href":"https:\/\/motovitalex.md\/ru\/wp-json\/wp\/v2\/product"}],"about":[{"href":"https:\/\/motovitalex.md\/ru\/wp-json\/wp\/v2\/types\/product"}],"version-history":[{"count":1,"href":"https:\/\/motovitalex.md\/ru\/wp-json\/wp\/v2\/product\/3093\/revisions"}],"predecessor-version":[{"id":3095,"href":"https:\/\/motovitalex.md\/ru\/wp-json\/wp\/v2\/product\/3093\/revisions\/3095"}],"wp:featuredmedia":[{"embeddable":true,"href":"https:\/\/motovitalex.md\/ru\/wp-json\/wp\/v2\/media\/3094"}],"wp:attachment":[{"href":"https:\/\/motovitalex.md\/ru\/wp-json\/wp\/v2\/media?parent=3093"}],"wp:term":[{"taxonomy":"product_cat","embeddable":true,"href":"https:\/\/motovitalex.md\/ru\/wp-json\/wp\/v2\/product_cat?post=3093"},{"taxonomy":"product_tag","embeddable":true,"href":"https:\/\/motovitalex.md\/ru\/wp-json\/wp\/v2\/product_tag?post=3093"}],"curies":[{"name":"wp","href":"https:\/\/api.w.org\/{rel}","templated":true}]}}