{"id":3090,"date":"2025-01-20T14:04:44","date_gmt":"2025-01-20T14:04:44","guid":{"rendered":"https:\/\/motovitalex.md\/?post_type=product&#038;p=3090"},"modified":"2025-01-20T14:04:44","modified_gmt":"2025-01-20T14:04:44","slug":"minitractor-sigma-4%d1%854-24-c-p","status":"publish","type":"product","link":"https:\/\/motovitalex.md\/ru\/product\/minitractor-sigma-4%d1%854-24-c-p\/","title":{"rendered":"Minitractor Sigma 4\u04454, 24 c.p."},"content":{"rendered":"<div class=\"short-attribute\"><span style=\"color: #000000;\"><span class=\"attr-name\">Ac\u021bionare &#8211;<\/span><span class=\"attr-text\">Tractiune integrala 4&#215;4<\/span><\/span><\/div>\n<div><\/div>\n<div class=\"short-attribute\"><span style=\"color: #000000;\"><span class=\"attr-name\">Altele &#8211;<\/span><span class=\"attr-text\">exist\u0103 un arbore de priz\u0103 de putere(BOM)<\/span><\/span><\/div>\n<div><\/div>\n<div class=\"short-attribute\"><span style=\"color: #000000;\"><span class=\"attr-name\">Culoare &#8211;<\/span><span class=\"attr-text\">ro\u0219u, albastru, verde<\/span><\/span><\/div>\n<div class=\"short-attribute\"><\/div>\n<div class=\"short-attribute\"><span style=\"color: #000000;\"><span class=\"attr-name\">Putere &#8211;<\/span><span class=\"attr-text\">24 c.p.<\/span><\/span><\/div>\n<div><\/div>\n<div class=\"short-attribute\"><span style=\"color: #000000;\"><span class=\"attr-name\">R\u0103cire &#8211;<\/span><span class=\"attr-text\">ap\u0103<\/span><\/span><\/div>\n<div><\/div>\n<div class=\"short-attribute\"><span style=\"color: #000000;\"><span class=\"attr-name\">Tip de propulsie &#8211;<\/span><span class=\"attr-text\">Cardan<\/span><\/span><\/div>\n<div><\/div>\n<div class=\"short-attribute\"><span style=\"color: #000000;\"><span class=\"attr-name\">Tip motor &#8211;<\/span><span class=\"attr-text\">motorin\u0103<\/span><\/span><\/div>","protected":false},"excerpt":{"rendered":"<p>Ac\u021bionare &#8211;Tractiune integrala 4&#215;4 Altele &#8211;exist\u0103 un arbore de priz\u0103 de putere(BOM) Culoare &#8211;ro\u0219u, albastru, verde Putere &#8211;24 c.p. R\u0103cire &#8211;ap\u0103 Tip de propulsie &#8211;Cardan Tip motor &#8211;motorin\u0103<\/p>","protected":false},"featured_media":3091,"template":"","meta":[],"product_cat":[66],"product_tag":[],"class_list":{"0":"post-3090","1":"product","2":"type-product","3":"status-publish","4":"has-post-thumbnail","6":"product_cat-tractoare","8":"first","9":"instock","10":"shipping-taxable","11":"product-type-simple"},"_links":{"self":[{"href":"https:\/\/motovitalex.md\/ru\/wp-json\/wp\/v2\/product\/3090","targetHints":{"allow":["GET"]}}],"collection":[{"href":"https:\/\/motovitalex.md\/ru\/wp-json\/wp\/v2\/product"}],"about":[{"href":"https:\/\/motovitalex.md\/ru\/wp-json\/wp\/v2\/types\/product"}],"version-history":[{"count":1,"href":"https:\/\/motovitalex.md\/ru\/wp-json\/wp\/v2\/product\/3090\/revisions"}],"predecessor-version":[{"id":3092,"href":"https:\/\/motovitalex.md\/ru\/wp-json\/wp\/v2\/product\/3090\/revisions\/3092"}],"wp:featuredmedia":[{"embeddable":true,"href":"https:\/\/motovitalex.md\/ru\/wp-json\/wp\/v2\/media\/3091"}],"wp:attachment":[{"href":"https:\/\/motovitalex.md\/ru\/wp-json\/wp\/v2\/media?parent=3090"}],"wp:term":[{"taxonomy":"product_cat","embeddable":true,"href":"https:\/\/motovitalex.md\/ru\/wp-json\/wp\/v2\/product_cat?post=3090"},{"taxonomy":"product_tag","embeddable":true,"href":"https:\/\/motovitalex.md\/ru\/wp-json\/wp\/v2\/product_tag?post=3090"}],"curies":[{"name":"wp","href":"https:\/\/api.w.org\/{rel}","templated":true}]}}