{"id":3082,"date":"2025-01-20T13:59:22","date_gmt":"2025-01-20T13:59:22","guid":{"rendered":"https:\/\/motovitalex.md\/?post_type=product&#038;p=3082"},"modified":"2025-01-20T14:01:15","modified_gmt":"2025-01-20T14:01:15","slug":"minitractor-sigma-20-%d0%bb-%d1%81-l1100fe","status":"publish","type":"product","link":"https:\/\/motovitalex.md\/ru\/product\/minitractor-sigma-20-%d0%bb-%d1%81-l1100fe\/","title":{"rendered":"Minitractor Sigma 20 CP L1100FE"},"content":{"rendered":"<div class=\"short-attribute\"><span style=\"color: #000000;\"><span class=\"attr-name\">Ac\u021bionare &#8211;<\/span><span class=\"attr-text\">spate<\/span><\/span><\/div>\n<div><\/div>\n<div class=\"short-attribute\"><span style=\"color: #000000;\"><span class=\"attr-name\">Altele &#8211;<\/span><span class=\"attr-text\">exist\u0103 un arbore de priz\u0103 de putere(BOM)<\/span><\/span><\/div>\n<div><\/div>\n<div class=\"short-attribute\"><span style=\"color: #000000;\"><span class=\"attr-name\">Cai putere &#8211;<\/span><span class=\"attr-text\">20 c.p.<\/span><\/span><\/div>\n<div><\/div>\n<div class=\"short-attribute\"><span style=\"color: #000000;\"><span class=\"attr-name\">Combustibil &#8211;<\/span><span class=\"attr-text\">motorin\u0103<\/span><\/span><\/div>\n<div><\/div>\n<div class=\"short-attribute\"><span style=\"color: #000000;\"><span class=\"attr-name\">Culoare &#8211;<\/span><span class=\"attr-text\">ro\u0219u, albastru, verde<\/span><\/span><\/div>\n<div><\/div>\n<div class=\"short-attribute\"><span style=\"color: #000000;\"><span class=\"attr-name\">Dimensiune &#8211;<\/span><span class=\"attr-text\">2220\/1220\/1820 mm<\/span><\/span><\/div>\n<div><\/div>\n<div class=\"short-attribute\"><span style=\"color: #000000;\"><span class=\"attr-name\">Dimensiune ro\u021bi &#8211;<\/span><span class=\"attr-text\">5.5\/65-11 , 8.5\/75-13<\/span><\/span><\/div>\n<div class=\"short-attribute\"><\/div>\n<div class=\"short-attribute\"><span style=\"color: #000000;\"><span class=\"attr-name\">Lansa &#8211;<\/span><span class=\"attr-text\">demaror electric<\/span><\/span><\/div>","protected":false},"excerpt":{"rendered":"<p>Ac\u021bionare &#8211;spate Altele &#8211;exist\u0103 un arbore de priz\u0103 de putere(BOM) Cai putere &#8211;20 c.p. Combustibil &#8211;motorin\u0103 Culoare &#8211;ro\u0219u, albastru, verde Dimensiune &#8211;2220\/1220\/1820 mm Dimensiune ro\u021bi &#8211;5.5\/65-11 , 8.5\/75-13 Lansa &#8211;demaror electric<\/p>","protected":false},"featured_media":3083,"template":"","meta":[],"product_cat":[66],"product_tag":[],"class_list":{"0":"post-3082","1":"product","2":"type-product","3":"status-publish","4":"has-post-thumbnail","6":"product_cat-tractoare","8":"first","9":"instock","10":"shipping-taxable","11":"product-type-simple"},"_links":{"self":[{"href":"https:\/\/motovitalex.md\/ru\/wp-json\/wp\/v2\/product\/3082","targetHints":{"allow":["GET"]}}],"collection":[{"href":"https:\/\/motovitalex.md\/ru\/wp-json\/wp\/v2\/product"}],"about":[{"href":"https:\/\/motovitalex.md\/ru\/wp-json\/wp\/v2\/types\/product"}],"version-history":[{"count":2,"href":"https:\/\/motovitalex.md\/ru\/wp-json\/wp\/v2\/product\/3082\/revisions"}],"predecessor-version":[{"id":3086,"href":"https:\/\/motovitalex.md\/ru\/wp-json\/wp\/v2\/product\/3082\/revisions\/3086"}],"wp:featuredmedia":[{"embeddable":true,"href":"https:\/\/motovitalex.md\/ru\/wp-json\/wp\/v2\/media\/3083"}],"wp:attachment":[{"href":"https:\/\/motovitalex.md\/ru\/wp-json\/wp\/v2\/media?parent=3082"}],"wp:term":[{"taxonomy":"product_cat","embeddable":true,"href":"https:\/\/motovitalex.md\/ru\/wp-json\/wp\/v2\/product_cat?post=3082"},{"taxonomy":"product_tag","embeddable":true,"href":"https:\/\/motovitalex.md\/ru\/wp-json\/wp\/v2\/product_tag?post=3082"}],"curies":[{"name":"wp","href":"https:\/\/api.w.org\/{rel}","templated":true}]}}