{"id":3027,"date":"2025-01-17T17:46:02","date_gmt":"2025-01-17T17:46:02","guid":{"rendered":"https:\/\/motovitalex.md\/?post_type=product&#038;p=3027"},"modified":"2025-02-21T12:11:33","modified_gmt":"2025-02-21T12:11:33","slug":"trotineta-electrica-cu-trei-roti-s2-1000-w","status":"publish","type":"product","link":"https:\/\/motovitalex.md\/ru\/product\/trotineta-electrica-cu-trei-roti-s2-1000-w\/","title":{"rendered":"Trotineta electrica cu trei roti, S2 1000 W"},"content":{"rendered":"<div class=\"short-attribute\"><span style=\"color: #000000;\"><span class=\"attr-name\">Autonomia de parcurs &#8211;<\/span><span class=\"attr-text\">50-60 km<\/span><\/span><\/div>\n<div><\/div>\n<div class=\"short-attribute\"><span style=\"color: #000000;\"><span class=\"attr-name\">Baterie &#8211;<\/span><span class=\"attr-text\">60 V \/ 20 \u0410h<\/span><\/span><\/div>\n<div><\/div>\n<div class=\"short-attribute\"><span style=\"color: #000000;\"><span class=\"attr-name\">Capacitate maxim\u0103 &#8211;<\/span><span class=\"attr-text\">250 kg<\/span><\/span><\/div>\n<div><\/div>\n<div class=\"short-attribute\"><span style=\"color: #000000;\"><span class=\"attr-name\">Diametru roat\u0103 &#8211;<\/span><span class=\"attr-text\">10\u2033<\/span><\/span><\/div>\n<div class=\"short-attribute\"><\/div>\n<div class=\"short-attribute\"><span style=\"color: #000000;\"><span class=\"attr-name\">Putere &#8211;<\/span><span class=\"attr-text\">1000 W<\/span><\/span><\/div>\n<div><\/div>\n<div class=\"short-attribute\"><span style=\"color: #000000;\"><span class=\"attr-name\">Timp de \u00eenc\u0103rcare &#8211;<\/span><span class=\"attr-text\">6-8 ore<\/span><\/span><\/div>\n<div><\/div>\n<div class=\"short-attribute\"><span style=\"color: #000000;\"><span class=\"attr-name\">Viteza maxim\u0103 &#8211;<\/span><span class=\"attr-text\">25 km\/h<\/span><\/span><\/div>","protected":false},"excerpt":{"rendered":"<p>Autonomia de parcurs &#8211;50-60 km Baterie &#8211;60 V \/ 20 \u0410h Capacitate maxim\u0103 &#8211;250 kg Diametru roat\u0103 &#8211;10\u2033 Putere &#8211;1000 W Timp de \u00eenc\u0103rcare &#8211;6-8 ore Viteza maxim\u0103 &#8211;25 km\/h<\/p>","protected":false},"featured_media":3028,"template":"","meta":[],"product_cat":[55],"product_tag":[],"class_list":{"0":"post-3027","1":"product","2":"type-product","3":"status-publish","4":"has-post-thumbnail","6":"product_cat-motociclete","8":"first","9":"instock","10":"shipping-taxable","11":"purchasable","12":"product-type-simple"},"_links":{"self":[{"href":"https:\/\/motovitalex.md\/ru\/wp-json\/wp\/v2\/product\/3027","targetHints":{"allow":["GET"]}}],"collection":[{"href":"https:\/\/motovitalex.md\/ru\/wp-json\/wp\/v2\/product"}],"about":[{"href":"https:\/\/motovitalex.md\/ru\/wp-json\/wp\/v2\/types\/product"}],"version-history":[{"count":1,"href":"https:\/\/motovitalex.md\/ru\/wp-json\/wp\/v2\/product\/3027\/revisions"}],"predecessor-version":[{"id":3029,"href":"https:\/\/motovitalex.md\/ru\/wp-json\/wp\/v2\/product\/3027\/revisions\/3029"}],"wp:featuredmedia":[{"embeddable":true,"href":"https:\/\/motovitalex.md\/ru\/wp-json\/wp\/v2\/media\/3028"}],"wp:attachment":[{"href":"https:\/\/motovitalex.md\/ru\/wp-json\/wp\/v2\/media?parent=3027"}],"wp:term":[{"taxonomy":"product_cat","embeddable":true,"href":"https:\/\/motovitalex.md\/ru\/wp-json\/wp\/v2\/product_cat?post=3027"},{"taxonomy":"product_tag","embeddable":true,"href":"https:\/\/motovitalex.md\/ru\/wp-json\/wp\/v2\/product_tag?post=3027"}],"curies":[{"name":"wp","href":"https:\/\/api.w.org\/{rel}","templated":true}]}}