{"id":3021,"date":"2025-01-17T17:40:33","date_gmt":"2025-01-17T17:40:33","guid":{"rendered":"https:\/\/motovitalex.md\/?post_type=product&#038;p=3021"},"modified":"2025-02-21T12:11:48","modified_gmt":"2025-02-21T12:11:48","slug":"tricicleta-electrica-cu-trei-roti-1000-w","status":"publish","type":"product","link":"https:\/\/motovitalex.md\/ru\/product\/tricicleta-electrica-cu-trei-roti-1000-w\/","title":{"rendered":"Triciclet\u0103 electric\u0103 cu trei roti 1000 W"},"content":{"rendered":"<div class=\"short-attribute\"><span style=\"color: #000000;\"><span class=\"attr-name\">Autonomia de parcurs &#8211;<\/span><span class=\"attr-text\">50-60 km<\/span><\/span><\/div>\n<div><\/div>\n<div class=\"short-attribute\"><span style=\"color: #000000;\"><span class=\"attr-name\">Baterie &#8211;<\/span><span class=\"attr-text\">60 V \/20 \u0410h<\/span><\/span><\/div>\n<div><\/div>\n<div class=\"short-attribute\"><span style=\"color: #000000;\"><span class=\"attr-name\">Capacitate maxim\u0103 &#8211;<\/span><span class=\"attr-text\">200 kg<\/span><\/span><\/div>\n<div><\/div>\n<div class=\"short-attribute\"><span style=\"color: #000000;\"><span class=\"attr-name\">Diametru roat\u0103 &#8211;<\/span><span class=\"attr-text\">10\u2033<\/span><\/span><\/div>\n<div class=\"short-attribute\"><\/div>\n<div class=\"short-attribute\"><span style=\"color: #000000;\"><span class=\"attr-name\">Putere &#8211;<\/span><span class=\"attr-text\">1 vitez\u0103 650 W, 2 viteze 1000 W<\/span><\/span><\/div>\n<div><\/div>\n<div class=\"short-attribute\"><span style=\"color: #000000;\"><span class=\"attr-name\">Timp de \u00eenc\u0103rcare &#8211;<\/span><span class=\"attr-text\">6-8 ore<\/span><\/span><\/div>\n<div><\/div>\n<div class=\"short-attribute\"><span style=\"color: #000000;\"><span class=\"attr-name\">Tip de fr\u00e2n\u0103 &#8211;<\/span><span class=\"attr-text\">disc<\/span><\/span><\/div>\n<div><\/div>\n<div class=\"short-attribute\"><span style=\"color: #000000;\"><span class=\"attr-name\">Viteza maxim\u0103 &#8211;<\/span><span class=\"attr-text\">25 km\/h<\/span><\/span><\/div>","protected":false},"excerpt":{"rendered":"<p>Autonomia de parcurs &#8211;50-60 km Baterie &#8211;60 V \/20 \u0410h Capacitate maxim\u0103 &#8211;200 kg Diametru roat\u0103 &#8211;10\u2033 Putere &#8211;1 vitez\u0103 650 W, 2 viteze 1000 W Timp de \u00eenc\u0103rcare &#8211;6-8 ore Tip de fr\u00e2n\u0103 &#8211;disc Viteza maxim\u0103 &#8211;25 km\/h<\/p>","protected":false},"featured_media":3022,"template":"","meta":[],"product_cat":[55],"product_tag":[],"class_list":{"0":"post-3021","1":"product","2":"type-product","3":"status-publish","4":"has-post-thumbnail","6":"product_cat-motociclete","8":"first","9":"instock","10":"shipping-taxable","11":"purchasable","12":"product-type-simple"},"_links":{"self":[{"href":"https:\/\/motovitalex.md\/ru\/wp-json\/wp\/v2\/product\/3021","targetHints":{"allow":["GET"]}}],"collection":[{"href":"https:\/\/motovitalex.md\/ru\/wp-json\/wp\/v2\/product"}],"about":[{"href":"https:\/\/motovitalex.md\/ru\/wp-json\/wp\/v2\/types\/product"}],"version-history":[{"count":1,"href":"https:\/\/motovitalex.md\/ru\/wp-json\/wp\/v2\/product\/3021\/revisions"}],"predecessor-version":[{"id":3023,"href":"https:\/\/motovitalex.md\/ru\/wp-json\/wp\/v2\/product\/3021\/revisions\/3023"}],"wp:featuredmedia":[{"embeddable":true,"href":"https:\/\/motovitalex.md\/ru\/wp-json\/wp\/v2\/media\/3022"}],"wp:attachment":[{"href":"https:\/\/motovitalex.md\/ru\/wp-json\/wp\/v2\/media?parent=3021"}],"wp:term":[{"taxonomy":"product_cat","embeddable":true,"href":"https:\/\/motovitalex.md\/ru\/wp-json\/wp\/v2\/product_cat?post=3021"},{"taxonomy":"product_tag","embeddable":true,"href":"https:\/\/motovitalex.md\/ru\/wp-json\/wp\/v2\/product_tag?post=3021"}],"curies":[{"name":"wp","href":"https:\/\/api.w.org\/{rel}","templated":true}]}}