{"id":3018,"date":"2025-01-17T17:36:51","date_gmt":"2025-01-17T17:36:51","guid":{"rendered":"https:\/\/motovitalex.md\/?post_type=product&#038;p=3018"},"modified":"2025-02-21T12:12:08","modified_gmt":"2025-02-21T12:12:08","slug":"tricicleta-electrica-cu-trei-roti-gherakl-r1500","status":"publish","type":"product","link":"https:\/\/motovitalex.md\/ru\/product\/tricicleta-electrica-cu-trei-roti-gherakl-r1500\/","title":{"rendered":"Triciclet\u0103 electrica cu trei roti Gherakl R1500"},"content":{"rendered":"<div class=\"short-attribute\"><span style=\"color: #000000;\"><span class=\"attr-name\">Autonomia de parcurs &#8211;<\/span><span class=\"attr-text\">50-60 km<\/span><\/span><\/div>\n<div><\/div>\n<div class=\"short-attribute\"><span style=\"color: #000000;\"><span class=\"attr-name\">Baterie &#8211;<\/span><span class=\"attr-text\">72 V \/ 20 \u0410h<\/span><\/span><\/div>\n<div><\/div>\n<div class=\"short-attribute\"><span style=\"color: #000000;\"><span class=\"attr-name\">Capacitate maxim\u0103 &#8211;<\/span><span class=\"attr-text\">200 kg<\/span><\/span><\/div>\n<div><\/div>\n<div class=\"short-attribute\"><span style=\"color: #000000;\"><span class=\"attr-name\">Diametru roat\u0103 &#8211;<\/span><span class=\"attr-text\">3-10\u2033<\/span><\/span><\/div>\n<div class=\"short-attribute\"><\/div>\n<div class=\"short-attribute\"><span style=\"color: #000000;\"><span class=\"attr-name\">Putere &#8211;<\/span><span class=\"attr-text\">1500 W<\/span><\/span><\/div>\n<div><\/div>\n<div class=\"short-attribute\"><span style=\"color: #000000;\"><span class=\"attr-name\">Timp de incarcare a bateriei &#8211;<\/span><span class=\"attr-text\">6-8 h<\/span><\/span><\/div>\n<div><\/div>\n<div class=\"short-attribute\"><span style=\"color: #000000;\"><span class=\"attr-name\">Tip de fr\u00e2n\u0103 &#8211;<\/span><span class=\"attr-text\">disc<\/span><\/span><\/div>\n<div><\/div>\n<div class=\"short-attribute\"><span style=\"color: #000000;\"><span class=\"attr-name\">Trepte de vitez\u0103 &#8211;<\/span><span class=\"attr-text\">3 \u00eenainte, 1 \u00eenapoi<\/span><\/span><\/div>\n<div><\/div>","protected":false},"excerpt":{"rendered":"<p>Autonomia de parcurs &#8211;50-60 km Baterie &#8211;72 V \/ 20 \u0410h Capacitate maxim\u0103 &#8211;200 kg Diametru roat\u0103 &#8211;3-10\u2033 Putere &#8211;1500 W Timp de incarcare a bateriei &#8211;6-8 h Tip de fr\u00e2n\u0103 &#8211;disc Trepte de vitez\u0103 &#8211;3 \u00eenainte, 1 \u00eenapoi<\/p>","protected":false},"featured_media":3019,"template":"","meta":[],"product_cat":[55],"product_tag":[],"class_list":{"0":"post-3018","1":"product","2":"type-product","3":"status-publish","4":"has-post-thumbnail","6":"product_cat-motociclete","8":"first","9":"instock","10":"shipping-taxable","11":"purchasable","12":"product-type-simple"},"_links":{"self":[{"href":"https:\/\/motovitalex.md\/ru\/wp-json\/wp\/v2\/product\/3018","targetHints":{"allow":["GET"]}}],"collection":[{"href":"https:\/\/motovitalex.md\/ru\/wp-json\/wp\/v2\/product"}],"about":[{"href":"https:\/\/motovitalex.md\/ru\/wp-json\/wp\/v2\/types\/product"}],"version-history":[{"count":1,"href":"https:\/\/motovitalex.md\/ru\/wp-json\/wp\/v2\/product\/3018\/revisions"}],"predecessor-version":[{"id":3020,"href":"https:\/\/motovitalex.md\/ru\/wp-json\/wp\/v2\/product\/3018\/revisions\/3020"}],"wp:featuredmedia":[{"embeddable":true,"href":"https:\/\/motovitalex.md\/ru\/wp-json\/wp\/v2\/media\/3019"}],"wp:attachment":[{"href":"https:\/\/motovitalex.md\/ru\/wp-json\/wp\/v2\/media?parent=3018"}],"wp:term":[{"taxonomy":"product_cat","embeddable":true,"href":"https:\/\/motovitalex.md\/ru\/wp-json\/wp\/v2\/product_cat?post=3018"},{"taxonomy":"product_tag","embeddable":true,"href":"https:\/\/motovitalex.md\/ru\/wp-json\/wp\/v2\/product_tag?post=3018"}],"curies":[{"name":"wp","href":"https:\/\/api.w.org\/{rel}","templated":true}]}}