{"id":3012,"date":"2025-01-14T15:48:35","date_gmt":"2025-01-14T15:48:35","guid":{"rendered":"https:\/\/motovitalex.md\/?post_type=product&#038;p=3012"},"modified":"2025-02-21T12:12:17","modified_gmt":"2025-02-21T12:12:17","slug":"motocicleta-senke-sk150g","status":"publish","type":"product","link":"https:\/\/motovitalex.md\/ru\/product\/motocicleta-senke-sk150g\/","title":{"rendered":"Motociclet\u0103 Senke SK150G"},"content":{"rendered":"<div class=\"short-attribute\"><span style=\"color: #000000;\"><span class=\"attr-name\">Consum combustibil &#8211;<\/span><span class=\"attr-text\">2,7 l\/100 km<\/span><\/span><\/div>\n<div><\/div>\n<div class=\"short-attribute\"><span style=\"color: #000000;\"><span class=\"attr-name\">Greutatea &#8211;<\/span><span class=\"attr-text\">119 kg<\/span><\/span><\/div>\n<div><\/div>\n<div class=\"short-attribute\"><span style=\"color: #000000;\"><span class=\"attr-name\">Num\u0103rul de viteze &#8211;<\/span><span class=\"attr-text\">5<\/span><\/span><\/div>\n<div><\/div>\n<div class=\"short-attribute\"><span style=\"color: #000000;\"><span class=\"attr-name\">Putere &#8211;<\/span><span class=\"attr-text\">12 cp<\/span><\/span><\/div>\n<div><\/div>\n<div class=\"short-attribute\"><span style=\"color: #000000;\"><span class=\"attr-name\">Rezervorul de benzin\u0103 &#8211;<\/span><span class=\"attr-text\">14 l<\/span><\/span><\/div>\n<div><\/div>\n<div class=\"short-attribute\"><span style=\"color: #000000;\"><span class=\"attr-name\">Tip motor &#8211;<\/span><span class=\"attr-text\">4 timpi<\/span><\/span><\/div>\n<div><\/div>\n<div class=\"short-attribute\"><span style=\"color: #000000;\"><span class=\"attr-name\">Viteza maxim\u0103 &#8211;<\/span><span class=\"attr-text\">120 km\/h<\/span><\/span><\/div>\n<div><\/div>\n<div class=\"short-attribute\"><span style=\"color: #000000;\"><span class=\"attr-name\">Volume motorului &#8211;<\/span><span class=\"attr-text\">150 cm\u00b3<\/span><\/span><\/div>\n<div><\/div>","protected":false},"excerpt":{"rendered":"<p>Consum combustibil &#8211;2,7 l\/100 km Greutatea &#8211;119 kg Num\u0103rul de viteze &#8211;5 Putere &#8211;12 cp Rezervorul de benzin\u0103 &#8211;14 l Tip motor &#8211;4 timpi Viteza maxim\u0103 &#8211;120 km\/h Volume motorului &#8211;150 cm\u00b3<\/p>","protected":false},"featured_media":3013,"template":"","meta":[],"product_cat":[55],"product_tag":[],"class_list":{"0":"post-3012","1":"product","2":"type-product","3":"status-publish","4":"has-post-thumbnail","6":"product_cat-motociclete","8":"first","9":"instock","10":"shipping-taxable","11":"purchasable","12":"product-type-simple"},"_links":{"self":[{"href":"https:\/\/motovitalex.md\/ru\/wp-json\/wp\/v2\/product\/3012","targetHints":{"allow":["GET"]}}],"collection":[{"href":"https:\/\/motovitalex.md\/ru\/wp-json\/wp\/v2\/product"}],"about":[{"href":"https:\/\/motovitalex.md\/ru\/wp-json\/wp\/v2\/types\/product"}],"version-history":[{"count":1,"href":"https:\/\/motovitalex.md\/ru\/wp-json\/wp\/v2\/product\/3012\/revisions"}],"predecessor-version":[{"id":3014,"href":"https:\/\/motovitalex.md\/ru\/wp-json\/wp\/v2\/product\/3012\/revisions\/3014"}],"wp:featuredmedia":[{"embeddable":true,"href":"https:\/\/motovitalex.md\/ru\/wp-json\/wp\/v2\/media\/3013"}],"wp:attachment":[{"href":"https:\/\/motovitalex.md\/ru\/wp-json\/wp\/v2\/media?parent=3012"}],"wp:term":[{"taxonomy":"product_cat","embeddable":true,"href":"https:\/\/motovitalex.md\/ru\/wp-json\/wp\/v2\/product_cat?post=3012"},{"taxonomy":"product_tag","embeddable":true,"href":"https:\/\/motovitalex.md\/ru\/wp-json\/wp\/v2\/product_tag?post=3012"}],"curies":[{"name":"wp","href":"https:\/\/api.w.org\/{rel}","templated":true}]}}