{"id":2973,"date":"2025-01-14T15:19:26","date_gmt":"2025-01-14T15:19:26","guid":{"rendered":"https:\/\/motovitalex.md\/?post_type=product&#038;p=2973"},"modified":"2025-02-21T12:14:24","modified_gmt":"2025-02-21T12:14:24","slug":"motocicleta-peda-chopper-250-cc","status":"publish","type":"product","link":"https:\/\/motovitalex.md\/ru\/product\/motocicleta-peda-chopper-250-cc\/","title":{"rendered":"Motociclet\u0103 Peda Chopper 250 CC"},"content":{"rendered":"<div class=\"short-attribute\"><span style=\"color: #000000;\"><span class=\"attr-name\">Capacitate cuv\u0103 &#8211;<\/span><span class=\"attr-text\">15 l<\/span><\/span><\/div>\n<div><\/div>\n<div class=\"short-attribute\"><span style=\"color: #000000;\"><span class=\"attr-name\">Consum combustibil &#8211;<\/span><span class=\"attr-text\">\u22642,9 l<\/span><\/span><\/div>\n<div><\/div>\n<div class=\"short-attribute\"><span style=\"color: #000000;\"><span class=\"attr-name\">Cuplu &#8211;<\/span><span class=\"attr-text\">17 Nm<\/span><\/span><\/div>\n<div><\/div>\n<div class=\"short-attribute\"><span style=\"color: #000000;\"><span class=\"attr-name\">Dimensiune &#8211;<\/span><span class=\"attr-text\">2260\u00d7880\u00d71110 mm<\/span><\/span><\/div>\n<div class=\"short-attribute\"><\/div>\n<div class=\"short-attribute\"><span style=\"color: #000000;\"><span class=\"attr-name\">Greutatea &#8211;<\/span><span class=\"attr-text\">157 kg<\/span><\/span><\/div>\n<div><\/div>\n<div class=\"short-attribute\"><span style=\"color: #000000;\"><span class=\"attr-name\">Produc\u0103tor &#8211;<\/span><span class=\"attr-text\">Peda<\/span><\/span><\/div>\n<div><\/div>\n<div class=\"short-attribute\"><span style=\"color: #000000;\"><span class=\"attr-name\">Putere &#8211;<\/span><span class=\"attr-text\">11,5 \u043a\u0412\u0442 \/ 7500 rpm<\/span><\/span><\/div>\n<div><\/div>\n<div class=\"short-attribute\"><span style=\"color: #000000;\"><span class=\"attr-name\">Sistemul de fr\u00e2nare &#8211;<\/span><span class=\"attr-text\">(F) Disc, (R) Tambur<\/span><\/span><\/div>\n<div><\/div>\n<div class=\"short-attribute\"><span style=\"color: #000000;\"><span class=\"attr-name\">Tip motor &#8211;<\/span><span class=\"attr-text\">4 timpi, racit cu ulei<\/span><\/span><\/div>\n<div><\/div>","protected":false},"excerpt":{"rendered":"<p>Capacitate cuv\u0103 &#8211;15 l Consum combustibil &#8211;\u22642,9 l Cuplu &#8211;17 Nm Dimensiune &#8211;2260\u00d7880\u00d71110 mm Greutatea &#8211;157 kg Produc\u0103tor &#8211;Peda Putere &#8211;11,5 \u043a\u0412\u0442 \/ 7500 rpm Sistemul de fr\u00e2nare &#8211;(F) Disc, (R) Tambur Tip motor &#8211;4 timpi, racit cu ulei<\/p>","protected":false},"featured_media":2974,"template":"","meta":[],"product_cat":[55],"product_tag":[],"class_list":{"0":"post-2973","1":"product","2":"type-product","3":"status-publish","4":"has-post-thumbnail","6":"product_cat-motociclete","8":"first","9":"instock","10":"shipping-taxable","11":"purchasable","12":"product-type-simple"},"_links":{"self":[{"href":"https:\/\/motovitalex.md\/ru\/wp-json\/wp\/v2\/product\/2973","targetHints":{"allow":["GET"]}}],"collection":[{"href":"https:\/\/motovitalex.md\/ru\/wp-json\/wp\/v2\/product"}],"about":[{"href":"https:\/\/motovitalex.md\/ru\/wp-json\/wp\/v2\/types\/product"}],"version-history":[{"count":1,"href":"https:\/\/motovitalex.md\/ru\/wp-json\/wp\/v2\/product\/2973\/revisions"}],"predecessor-version":[{"id":2975,"href":"https:\/\/motovitalex.md\/ru\/wp-json\/wp\/v2\/product\/2973\/revisions\/2975"}],"wp:featuredmedia":[{"embeddable":true,"href":"https:\/\/motovitalex.md\/ru\/wp-json\/wp\/v2\/media\/2974"}],"wp:attachment":[{"href":"https:\/\/motovitalex.md\/ru\/wp-json\/wp\/v2\/media?parent=2973"}],"wp:term":[{"taxonomy":"product_cat","embeddable":true,"href":"https:\/\/motovitalex.md\/ru\/wp-json\/wp\/v2\/product_cat?post=2973"},{"taxonomy":"product_tag","embeddable":true,"href":"https:\/\/motovitalex.md\/ru\/wp-json\/wp\/v2\/product_tag?post=2973"}],"curies":[{"name":"wp","href":"https:\/\/api.w.org\/{rel}","templated":true}]}}